{"id":155169,"date":"2025-07-31T13:48:03","date_gmt":"2025-07-31T11:48:03","guid":{"rendered":"https:\/\/www.budream.com\/shop\/seedsalad-voyage-xxl-fem\/"},"modified":"2026-03-25T00:51:29","modified_gmt":"2026-03-24T22:51:29","slug":"seedsalad-voyage-xxl-fem","status":"publish","type":"product","link":"https:\/\/www.budream.com\/es\/shop\/seedsalad-voyage-xxl-fem\/","title":{"rendered":"SEEDSALAD &#8211; VOYAGE XXL FEM"},"content":{"rendered":"<p class=\"p1\"><span class=\"s1\">Voyage XXL de SeedSalad es una<\/span><span class=\"s1\">variedad vigorosa que resiste bien el moho y las enfermedades. Huele a almizcle fresco y a sotobosque.<\/span><span style=\"font-family: Arial, sans-serif;font-size: 11pt\"><\/p>\n<p><\/span><\/p>\n<h2><strong>Caracter\u00edsticas Voyage XXL Fem:<\/strong><\/h2>\n<ul style=\"list-style-type: disc\">\n<li><strong>G\u00e9nero:<\/strong> Feminizada<\/li>\n<li><strong>Genotipo<\/strong>: 70% Indica 30% Sativa<\/li>\n<li><strong>Gen\u00e9tica: <\/strong>Original Skunk #1 x Afghan Indica<\/li>\n<li><strong>Floraci\u00f3n<\/strong>: 60-65 d\u00edas<\/li>\n<li><strong>Pipeta sellada en bolsita resistente a los rayos UV<\/strong><\/li>\n<\/ul>\n<p><span style=\"color: #000000\"><span style=\"font-family: Arial, sans-serif\"><span style=\"font-size: small\"><\/p>\n<p><span style=\"font-size: 11pt\"><em><strong>ADVERTENCIA:<\/strong> Las semillas de c\u00e1\u00f1amo est\u00e1n excluidas de la noci\u00f3n legal de Cannabis, lo que significa que no deben considerarse una sustancia estupefaciente (L. 412 de 1974, art. 1, p\u00e1rrafo 1, lett. B; Convenci\u00f3n \u00danica sobre Estupefacientes de Nueva York de 1961 y tabla II del Decreto Ministerial 27\/7\/1992). En Italia, el cultivo del c\u00e1\u00f1amo est\u00e1 prohibido (art\u00edculos 28 y 73 del Decreto Presidencial 309\/90) a menos que se obtenga una autorizaci\u00f3n especial (art\u00edculo 17 del Decreto Presidencial 309\/90). A falta de autorizaci\u00f3n, las semillas s\u00f3lo pueden utilizarse para otros fines (zoot\u00e9cnicos, recolecci\u00f3n, etc.). Las semillas se venden con la reserva de que no sean utilizadas por terceros en conflicto con la ley.<\/em><\/span><\/span><\/span><\/span><\/p>\n","protected":false},"excerpt":{"rendered":"<p>Voyage XXL de SeedSalad es unavariedad vigorosa que resiste bien el moho y las enfermedades. Huele a almizcle fresco y<\/p>\n","protected":false},"featured_media":202366,"comment_status":"open","ping_status":"closed","template":"","meta":[],"product_brand":[],"product_cat":[7953],"product_tag":[],"class_list":{"0":"post-155169","1":"product","2":"type-product","3":"status-publish","4":"has-post-thumbnail","6":"product_cat-seedshop-es","8":"first","9":"instock","10":"taxable","11":"shipping-taxable","12":"purchasable","13":"product-type-variable"},"aioseo_notices":[],"_links":{"self":[{"href":"https:\/\/www.budream.com\/es\/wp-json\/wp\/v2\/product\/155169","targetHints":{"allow":["GET"]}}],"collection":[{"href":"https:\/\/www.budream.com\/es\/wp-json\/wp\/v2\/product"}],"about":[{"href":"https:\/\/www.budream.com\/es\/wp-json\/wp\/v2\/types\/product"}],"replies":[{"embeddable":true,"href":"https:\/\/www.budream.com\/es\/wp-json\/wp\/v2\/comments?post=155169"}],"version-history":[{"count":0,"href":"https:\/\/www.budream.com\/es\/wp-json\/wp\/v2\/product\/155169\/revisions"}],"wp:featuredmedia":[{"embeddable":true,"href":"https:\/\/www.budream.com\/es\/wp-json\/wp\/v2\/media\/202366"}],"wp:attachment":[{"href":"https:\/\/www.budream.com\/es\/wp-json\/wp\/v2\/media?parent=155169"}],"wp:term":[{"taxonomy":"product_brand","embeddable":true,"href":"https:\/\/www.budream.com\/es\/wp-json\/wp\/v2\/product_brand?post=155169"},{"taxonomy":"product_cat","embeddable":true,"href":"https:\/\/www.budream.com\/es\/wp-json\/wp\/v2\/product_cat?post=155169"},{"taxonomy":"product_tag","embeddable":true,"href":"https:\/\/www.budream.com\/es\/wp-json\/wp\/v2\/product_tag?post=155169"}],"curies":[{"name":"wp","href":"https:\/\/api.w.org\/{rel}","templated":true}]}}