{"id":155453,"date":"2025-07-31T13:55:31","date_gmt":"2025-07-31T11:55:31","guid":{"rendered":"https:\/\/www.budream.com\/shop\/semillas-royal-queen-grinder-krush\/"},"modified":"2025-11-05T11:46:16","modified_gmt":"2025-11-05T09:46:16","slug":"semillas-royal-queen-grinder-krush","status":"publish","type":"product","link":"https:\/\/www.budream.com\/es\/shop\/semillas-royal-queen-grinder-krush\/","title":{"rendered":"SEMILLAS ROYAL QUEEN &#8211; GRINDER KRUSH"},"content":{"rendered":"<p>Royal Queen Seeds y Krush han colaborado para producir un conjunto de tres fant\u00e1sticos grinders.<\/p>\n<p>La serie de grinders Krush consta de tres dise\u00f1os diferentes, cada uno de ellos con el logotipo de RQS. Elige la versi\u00f3n que mejor se adapte a tus gustos.<\/p>\n<p>Estos grinders de un solo compartimento destacar\u00e1n entre los dem\u00e1s accesorios de su colecci\u00f3n. A diferencia de otros modelos, los grinders de la serie Krush no son completamente redondos. El dep\u00f3sito es circular, pero el mango es cuadrado, con bordes redondeados. La forma anat\u00f3mica se adapta perfectamente a la palma de la mano; los dedos descansan c\u00f3modamente en las esquinas, lo que facilita el uso del grinder. Los dientes afilados facilitan cada rotaci\u00f3n. Est\u00e1n fabricados en aluminio anodizado. Un extremo de la amoladora tiene forma de cuenco.<\/p>\n<p>La colaboraci\u00f3n dio como resultado tres dise\u00f1os \u00fanicos:<\/p>\n<p>El<strong>ECO Kube Black<\/strong> representa la opci\u00f3n m\u00e1s discreta. Este grinder presenta un dise\u00f1o minimalista con un cuerpo negro liso y un logotipo RQS dorado en contraste. \u00a1Represente nuestro banco de semillas con estilo!<\/p>\n<ul>\n<li><em> &#8211; N\u00facleo de aluminio anodizado<\/em><\/li>\n<li><em> &#8211; 54 mm x 54 mm x 36 mm<\/em><\/li>\n<li><em> &#8211; 130 gramos<\/em><\/li>\n<\/ul>\n<p>El <strong>Kube Madera<\/strong> es perfecto para los amantes de la naturaleza. Ofrece un fant\u00e1stico dise\u00f1o natural, consistente en un n\u00facleo de aluminio recubierto de una c\u00e1scara de nogal negro. El logotipo de Royal Queen Seeds ha sido expertamente grabado con l\u00e1ser en la superficie del grinder.<\/p>\n<ul>\n<li><em> &#8211; Aluminio anodizado y n\u00facleo de madera de nogal<\/em><\/li>\n<li><em> &#8211; 57 mm x 57 mm x 37 mm<\/em><\/li>\n<li><em> &#8211; 90 gramos<\/em><\/li>\n<\/ul>\n<p>El <strong>Kube Forest Green<\/strong>, con su vibrante color, a\u00f1adir\u00e1 un toque de estilo al suyo.<\/p>\n<ul>\n<li><em> &#8211; aluminio anodizado 6063<\/em><\/li>\n<li><em> &#8211; 55 mm x 55 mm x 35 mm<\/em><\/li>\n<li><em> &#8211; 170 gramos<\/em><\/li>\n<\/ul>\n","protected":false},"excerpt":{"rendered":"<p>Royal Queen Seeds y Krush han colaborado para producir un conjunto de tres fant\u00e1sticos grinders. La serie de grinders Krush<\/p>\n","protected":false},"featured_media":155419,"comment_status":"open","ping_status":"closed","template":"","meta":[],"product_brand":[],"product_cat":[7948],"product_tag":[],"class_list":{"0":"post-155453","1":"product","2":"type-product","3":"status-publish","4":"has-post-thumbnail","6":"product_cat-headshop-es","8":"first","9":"outofstock","10":"taxable","11":"shipping-taxable","12":"purchasable","13":"product-type-variable"},"aioseo_notices":[],"_links":{"self":[{"href":"https:\/\/www.budream.com\/es\/wp-json\/wp\/v2\/product\/155453","targetHints":{"allow":["GET"]}}],"collection":[{"href":"https:\/\/www.budream.com\/es\/wp-json\/wp\/v2\/product"}],"about":[{"href":"https:\/\/www.budream.com\/es\/wp-json\/wp\/v2\/types\/product"}],"replies":[{"embeddable":true,"href":"https:\/\/www.budream.com\/es\/wp-json\/wp\/v2\/comments?post=155453"}],"version-history":[{"count":0,"href":"https:\/\/www.budream.com\/es\/wp-json\/wp\/v2\/product\/155453\/revisions"}],"wp:featuredmedia":[{"embeddable":true,"href":"https:\/\/www.budream.com\/es\/wp-json\/wp\/v2\/media\/155419"}],"wp:attachment":[{"href":"https:\/\/www.budream.com\/es\/wp-json\/wp\/v2\/media?parent=155453"}],"wp:term":[{"taxonomy":"product_brand","embeddable":true,"href":"https:\/\/www.budream.com\/es\/wp-json\/wp\/v2\/product_brand?post=155453"},{"taxonomy":"product_cat","embeddable":true,"href":"https:\/\/www.budream.com\/es\/wp-json\/wp\/v2\/product_cat?post=155453"},{"taxonomy":"product_tag","embeddable":true,"href":"https:\/\/www.budream.com\/es\/wp-json\/wp\/v2\/product_tag?post=155453"}],"curies":[{"name":"wp","href":"https:\/\/api.w.org\/{rel}","templated":true}]}}