{"id":156235,"date":"2025-07-31T14:27:10","date_gmt":"2025-07-31T12:27:10","guid":{"rendered":"https:\/\/www.budream.com\/shop\/biomagno-ecotrap-trampas-para-insectos\/"},"modified":"2026-04-22T16:44:00","modified_gmt":"2026-04-22T14:44:00","slug":"biomagno-ecotrap-trampas-para-insectos","status":"publish","type":"product","link":"https:\/\/www.budream.com\/es\/shop\/biomagno-ecotrap-trampas-para-insectos\/","title":{"rendered":"BIOMAGNO &#8211; ECOTRAP TRAMPAS PARA INSECTOS"},"content":{"rendered":"<p><strong>Ecotrap de Biomagno es una trampa cromotr\u00f3pica lista para usar<\/strong>, fabricada en material pl\u00e1stico, impermeable y resistente a la intemperie, recubierta de pegamento por ambas caras, cuyo principio de funcionamiento se basa en el <strong>poder atrayente del color.<\/strong> Las trampas no contienen insecticidas, lo que permite un control de plagas eficaz y 100% natural. Ideales para \u00e1rboles frutales, huertos y jardines.<\/p>\n<h2><span style=\"text-decoration: underline\"><strong>C\u00f3mo utilizar Ecotrap de Biomagno:<\/strong><\/span><\/h2>\n<p>Sacar del envase, retirar el papel que protege la capa adhesiva y colgar la trampa cerca de la planta a proteger, respetando la distancia m\u00ednima de 2 metros entre las trampas. Sustituir la trampa despu\u00e9s de 30 d\u00edas o cuando la superficie est\u00e9 cubierta de insectos.<\/p>\n<p><strong>ADVERTENCIAS:<\/strong><br \/>Mantener fuera del alcance de los ni\u00f1os y animales dom\u00e9sticos. Observar las instrucciones de uso del envase. Evite tocar el pegamento del interior de la trampa. En caso de contacto accidental retirar con agua tibia y jab\u00f3n. Guardar en un lugar fresco y seco.<\/p>\n<p><strong>Embalaje: 10 hojas 10&#215;22 cm<\/strong><\/p>\n","protected":false},"excerpt":{"rendered":"<p>Ecotrap de Biomagno es una trampa cromotr\u00f3pica lista para usar, fabricada en material pl\u00e1stico, impermeable y resistente a la intemperie,<\/p>\n","protected":false},"featured_media":156231,"comment_status":"open","ping_status":"closed","template":"","meta":[],"product_brand":[],"product_cat":[3095],"product_tag":[],"class_list":{"0":"post-156235","1":"product","2":"type-product","3":"status-publish","4":"has-post-thumbnail","6":"product_cat-antiparassitari-e-difesa","8":"first","9":"instock","10":"taxable","11":"shipping-taxable","12":"purchasable","13":"product-type-variable"},"aioseo_notices":[],"_links":{"self":[{"href":"https:\/\/www.budream.com\/es\/wp-json\/wp\/v2\/product\/156235","targetHints":{"allow":["GET"]}}],"collection":[{"href":"https:\/\/www.budream.com\/es\/wp-json\/wp\/v2\/product"}],"about":[{"href":"https:\/\/www.budream.com\/es\/wp-json\/wp\/v2\/types\/product"}],"replies":[{"embeddable":true,"href":"https:\/\/www.budream.com\/es\/wp-json\/wp\/v2\/comments?post=156235"}],"version-history":[{"count":1,"href":"https:\/\/www.budream.com\/es\/wp-json\/wp\/v2\/product\/156235\/revisions"}],"predecessor-version":[{"id":264402,"href":"https:\/\/www.budream.com\/es\/wp-json\/wp\/v2\/product\/156235\/revisions\/264402"}],"wp:featuredmedia":[{"embeddable":true,"href":"https:\/\/www.budream.com\/es\/wp-json\/wp\/v2\/media\/156231"}],"wp:attachment":[{"href":"https:\/\/www.budream.com\/es\/wp-json\/wp\/v2\/media?parent=156235"}],"wp:term":[{"taxonomy":"product_brand","embeddable":true,"href":"https:\/\/www.budream.com\/es\/wp-json\/wp\/v2\/product_brand?post=156235"},{"taxonomy":"product_cat","embeddable":true,"href":"https:\/\/www.budream.com\/es\/wp-json\/wp\/v2\/product_cat?post=156235"},{"taxonomy":"product_tag","embeddable":true,"href":"https:\/\/www.budream.com\/es\/wp-json\/wp\/v2\/product_tag?post=156235"}],"curies":[{"name":"wp","href":"https:\/\/api.w.org\/{rel}","templated":true}]}}