{"id":156415,"date":"2025-07-31T14:36:51","date_gmt":"2025-07-31T12:36:51","guid":{"rendered":"https:\/\/www.budream.com\/shop\/semillas-de-canamo-variedad-finola-seleccion-ce\/"},"modified":"2026-03-24T19:58:21","modified_gmt":"2026-03-24T17:58:21","slug":"semillas-de-canamo-variedad-finola-seleccion-ce","status":"publish","type":"product","link":"https:\/\/www.budream.com\/es\/shop\/semillas-de-canamo-variedad-finola-seleccion-ce\/","title":{"rendered":"SEMILLAS DE C\u00c1\u00d1AMO VARIEDAD FINOLA SELECCI\u00d3N CE"},"content":{"rendered":"<p>\u00abFinola\u00bb es una variedad dioica y fotoindependiente desarrollada en Finlandia desde 1995.<br \/>Es una gen\u00e9tica dedicada a la producci\u00f3n de semillas para uso alimentario pero tambi\u00e9n se utiliza para la producci\u00f3n de inflorescencias o biomasa para extracci\u00f3n (CBD).<\/p>\n<p>A continuaci\u00f3n se enumeran sus principales caracter\u00edsticas:<\/p>\n<p><strong>Genotipo:<\/strong> Dioica<br \/><strong>Adaptabilidad clim\u00e1tica<\/strong>: Boreal, Continental y Oce\u00e1nica<br \/><strong>Ciclo vegetativo<\/strong>: 100\/120 d\u00edas<br \/><strong>Altura:<\/strong> 1 &#8211; 2 metros<br \/><strong>Floraci\u00f3n femenina completa:<\/strong> 60 d\u00edas despu\u00e9s de la siembra<\/p>\n<p><strong>Producci\u00f3n media de semillas kg\/ha<\/strong>: 500-1000<br \/><strong>Rendimiento medio de pacas T\/ha:<\/strong> 3-5<br \/><strong>Rendimiento medio de inflorescencia** (biomasa seca): Kg\/ha:<\/strong> 400-800<\/p>\n<p><strong>THC<\/strong>: &lt; 0,2 %.<br \/><strong>CBD*<\/strong>: 2-6 %.<\/p>\n","protected":false},"excerpt":{"rendered":"<p>\u00abFinola\u00bb es una variedad dioica y fotoindependiente desarrollada en Finlandia desde 1995.Es una gen\u00e9tica dedicada a la producci\u00f3n de semillas<\/p>\n","protected":false},"featured_media":156411,"comment_status":"open","ping_status":"closed","template":"","meta":[],"product_brand":[],"product_cat":[7953],"product_tag":[],"class_list":{"0":"post-156415","1":"product","2":"type-product","3":"status-publish","4":"has-post-thumbnail","6":"product_cat-seedshop-es","8":"first","9":"instock","10":"sale","11":"taxable","12":"shipping-taxable","13":"purchasable","14":"product-type-variable"},"aioseo_notices":[],"_links":{"self":[{"href":"https:\/\/www.budream.com\/es\/wp-json\/wp\/v2\/product\/156415","targetHints":{"allow":["GET"]}}],"collection":[{"href":"https:\/\/www.budream.com\/es\/wp-json\/wp\/v2\/product"}],"about":[{"href":"https:\/\/www.budream.com\/es\/wp-json\/wp\/v2\/types\/product"}],"replies":[{"embeddable":true,"href":"https:\/\/www.budream.com\/es\/wp-json\/wp\/v2\/comments?post=156415"}],"version-history":[{"count":0,"href":"https:\/\/www.budream.com\/es\/wp-json\/wp\/v2\/product\/156415\/revisions"}],"wp:featuredmedia":[{"embeddable":true,"href":"https:\/\/www.budream.com\/es\/wp-json\/wp\/v2\/media\/156411"}],"wp:attachment":[{"href":"https:\/\/www.budream.com\/es\/wp-json\/wp\/v2\/media?parent=156415"}],"wp:term":[{"taxonomy":"product_brand","embeddable":true,"href":"https:\/\/www.budream.com\/es\/wp-json\/wp\/v2\/product_brand?post=156415"},{"taxonomy":"product_cat","embeddable":true,"href":"https:\/\/www.budream.com\/es\/wp-json\/wp\/v2\/product_cat?post=156415"},{"taxonomy":"product_tag","embeddable":true,"href":"https:\/\/www.budream.com\/es\/wp-json\/wp\/v2\/product_tag?post=156415"}],"curies":[{"name":"wp","href":"https:\/\/api.w.org\/{rel}","templated":true}]}}