{"id":156455,"date":"2025-07-31T14:38:22","date_gmt":"2025-07-31T12:38:22","guid":{"rendered":"https:\/\/www.budream.com\/shop\/semillas-de-canamo-variedad-kompolti-seleccion-ce\/"},"modified":"2026-03-24T14:54:33","modified_gmt":"2026-03-24T12:54:33","slug":"semillas-de-canamo-variedad-kompolti-seleccion-ce","status":"publish","type":"product","link":"https:\/\/www.budream.com\/es\/shop\/semillas-de-canamo-variedad-kompolti-seleccion-ce\/","title":{"rendered":"SEMILLAS DE C\u00c1\u00d1AMO VARIEDAD KOMPOLTI SELECCI\u00d3N CE"},"content":{"rendered":"<p>Semillas de c\u00e1\u00f1amo (Cannabis sativa L.) de la variedad Kompolti con certificado CE.<\/p>\n<p>\u00abKompolti\u00bb es una variedad h\u00fangara, cultivada en toda Europa.<br \/>Es la variedad h\u00fangara m\u00e1s extendida. Es el resultado de m\u00e1s de 20 a\u00f1os de trabajo de selecci\u00f3n por parte de un equipo de expertos genetistas. Se cre\u00f3 a partir de una combinaci\u00f3n de material chino, h\u00fangaro y probablemente tambi\u00e9n italiano, caracterizado por un elevado vigor y una amplia adaptabilidad a distintos entornos.<\/p>\n<p>Es una gen\u00e9tica que se desarroll\u00f3 para producir fibra pero que ahora se elige para la producci\u00f3n de inflorescencias y biomasa para extracci\u00f3n (CBD).<\/p>\n<p>A continuaci\u00f3n se enumeran las principales caracter\u00edsticas:<\/p>\n<p><strong>Genotipo<\/strong>: Kompolti<br \/><strong>Pa\u00eds de producci\u00f3n:<\/strong> Bulgaria<\/p>\n<p><strong>Genotipo<\/strong>: Dioica<br \/><strong>Adaptabilidad clim\u00e1tica<\/strong>: Europa septentrional, central y meridional<br \/><strong>Ciclo vegetativo<\/strong>: 140-160 d\u00edas<br \/><strong>Altura<\/strong>: 2,5 &#8211; 3,5 metros<br \/><strong>Floraci\u00f3n completa:<\/strong> agosto<\/p>\n<p><strong>Producci\u00f3n media de semillas kg\/ha<\/strong>: 500 &#8211; 800<br \/><strong>Rendimiento medio de pacas T\/ha<\/strong>: 8 &#8211; 12<br \/><strong>Rendimiento medio de inflorescencias** (biomasa seca) kg\/ha<\/strong>: 600 &#8211; 1500<\/p>\n<p><strong>THC<\/strong>: &lt; 0,2%.<br \/><strong>CBD*<\/strong>: 2-10%.<\/p>\n","protected":false},"excerpt":{"rendered":"<p>Semillas de c\u00e1\u00f1amo (Cannabis sativa L.) de la variedad Kompolti con certificado CE. \u00abKompolti\u00bb es una variedad h\u00fangara, cultivada en<\/p>\n","protected":false},"featured_media":156451,"comment_status":"open","ping_status":"closed","template":"","meta":[],"product_brand":[],"product_cat":[7953],"product_tag":[],"class_list":{"0":"post-156455","1":"product","2":"type-product","3":"status-publish","4":"has-post-thumbnail","6":"product_cat-seedshop-es","8":"first","9":"instock","10":"sale","11":"taxable","12":"shipping-taxable","13":"purchasable","14":"product-type-variable"},"aioseo_notices":[],"_links":{"self":[{"href":"https:\/\/www.budream.com\/es\/wp-json\/wp\/v2\/product\/156455","targetHints":{"allow":["GET"]}}],"collection":[{"href":"https:\/\/www.budream.com\/es\/wp-json\/wp\/v2\/product"}],"about":[{"href":"https:\/\/www.budream.com\/es\/wp-json\/wp\/v2\/types\/product"}],"replies":[{"embeddable":true,"href":"https:\/\/www.budream.com\/es\/wp-json\/wp\/v2\/comments?post=156455"}],"version-history":[{"count":0,"href":"https:\/\/www.budream.com\/es\/wp-json\/wp\/v2\/product\/156455\/revisions"}],"wp:featuredmedia":[{"embeddable":true,"href":"https:\/\/www.budream.com\/es\/wp-json\/wp\/v2\/media\/156451"}],"wp:attachment":[{"href":"https:\/\/www.budream.com\/es\/wp-json\/wp\/v2\/media?parent=156455"}],"wp:term":[{"taxonomy":"product_brand","embeddable":true,"href":"https:\/\/www.budream.com\/es\/wp-json\/wp\/v2\/product_brand?post=156455"},{"taxonomy":"product_cat","embeddable":true,"href":"https:\/\/www.budream.com\/es\/wp-json\/wp\/v2\/product_cat?post=156455"},{"taxonomy":"product_tag","embeddable":true,"href":"https:\/\/www.budream.com\/es\/wp-json\/wp\/v2\/product_tag?post=156455"}],"curies":[{"name":"wp","href":"https:\/\/api.w.org\/{rel}","templated":true}]}}