{"id":156545,"date":"2025-07-31T14:43:11","date_gmt":"2025-07-31T12:43:11","guid":{"rendered":"https:\/\/www.budream.com\/shop\/sweet-seeds-runtz-xl-auto-fem-sws88\/"},"modified":"2026-04-22T13:42:11","modified_gmt":"2026-04-22T11:42:11","slug":"sweet-seeds-runtz-xl-auto-fem-sws88","status":"publish","type":"product","link":"https:\/\/www.budream.com\/es\/shop\/sweet-seeds-runtz-xl-auto-fem-sws88\/","title":{"rendered":"SWEET SEEDS &#8211; RUNTZ XL AUTO\u00ae FEM (SWS88)"},"content":{"rendered":"<div style=\"text-align: justify\">Autofloreciente de 6\u00aa Generaci\u00f3n. Versi\u00f3n autofloreciente y de gran tama\u00f1o de la gen\u00e9tica Runtz (Zkittlez x Gelato).<\/div>\n<div style=\"text-align: justify\">Runtz XL <sup> Auto&reg;<\/sup> (SWS88) es el resultado de cruzar un clon seleccionado de Runtz con una cepa seleccionada de nuestra Sweet Gelato <sup> Auto&reg;<\/sup> (SWS76).<\/div>\n<p><\/p>\n<h2><strong>Caracter\u00edsticas Runtz XL Auto Fem:<\/strong><\/h2>\n<ul style=\"list-style-type: disc\">\n<li><strong>G\u00e9nero:<\/strong> XL Autofloreciente Feminizada<\/li>\n<li><strong>Genotipo<\/strong>: H\u00edbrido: 47,1% Indica \/ 52,5% Sativa \/ 0,4% Ruderalis<\/li>\n<li><strong>Gen\u00e9tica:<\/strong> <sup> Runtz&reg;<\/sup> x Sweet Gelato <sup> Auto<\/sup> <\/li>\n<li>D\u00edas<strong>:<\/strong> 56 d\u00edas<\/li>\n<\/ul>\n<p><\/p>\n<div style=\"text-align: justify\"><span style=\"font-size: 11pt\"><em><strong>ADVERTENCIA:<\/strong> Las semillas de c\u00e1\u00f1amo est\u00e1n excluidas de la noci\u00f3n legal de Cannabis, lo que significa que no deben considerarse una sustancia estupefaciente (L. 412 de 1974, art. 1, p\u00e1rrafo 1, lett. B; Convenci\u00f3n \u00danica sobre Estupefacientes de Nueva York de 1961 y tabla II del Decreto Ministerial 27\/7\/1992). En Italia, el cultivo del c\u00e1\u00f1amo est\u00e1 prohibido (art\u00edculos 28 y 73 del Decreto Presidencial 309\/90) a menos que se obtenga una autorizaci\u00f3n especial (art\u00edculo 17 del Decreto Presidencial 309\/90). A falta de autorizaci\u00f3n, las semillas s\u00f3lo pueden utilizarse para otros fines (zoot\u00e9cnicos, recolecci\u00f3n, etc.). Las semillas se venden con la reserva de que no sean utilizadas por terceros en conflicto con la ley.<\/em><\/span><\/div>\n","protected":false},"excerpt":{"rendered":"<p>Autofloreciente de 6\u00aa Generaci\u00f3n. Versi\u00f3n autofloreciente y de gran tama\u00f1o de la gen\u00e9tica Runtz (Zkittlez x Gelato). Runtz XL Auto&reg;<\/p>\n","protected":false},"featured_media":156536,"comment_status":"open","ping_status":"closed","template":"","meta":[],"product_brand":[],"product_cat":[7953],"product_tag":[],"class_list":{"0":"post-156545","1":"product","2":"type-product","3":"status-publish","4":"has-post-thumbnail","6":"product_cat-seedshop-es","8":"first","9":"instock","10":"sale","11":"taxable","12":"shipping-taxable","13":"purchasable","14":"product-type-variable"},"_links":{"self":[{"href":"https:\/\/www.budream.com\/es\/wp-json\/wp\/v2\/product\/156545","targetHints":{"allow":["GET"]}}],"collection":[{"href":"https:\/\/www.budream.com\/es\/wp-json\/wp\/v2\/product"}],"about":[{"href":"https:\/\/www.budream.com\/es\/wp-json\/wp\/v2\/types\/product"}],"replies":[{"embeddable":true,"href":"https:\/\/www.budream.com\/es\/wp-json\/wp\/v2\/comments?post=156545"}],"version-history":[{"count":1,"href":"https:\/\/www.budream.com\/es\/wp-json\/wp\/v2\/product\/156545\/revisions"}],"predecessor-version":[{"id":263129,"href":"https:\/\/www.budream.com\/es\/wp-json\/wp\/v2\/product\/156545\/revisions\/263129"}],"wp:featuredmedia":[{"embeddable":true,"href":"https:\/\/www.budream.com\/es\/wp-json\/wp\/v2\/media\/156536"}],"wp:attachment":[{"href":"https:\/\/www.budream.com\/es\/wp-json\/wp\/v2\/media?parent=156545"}],"wp:term":[{"taxonomy":"product_brand","embeddable":true,"href":"https:\/\/www.budream.com\/es\/wp-json\/wp\/v2\/product_brand?post=156545"},{"taxonomy":"product_cat","embeddable":true,"href":"https:\/\/www.budream.com\/es\/wp-json\/wp\/v2\/product_cat?post=156545"},{"taxonomy":"product_tag","embeddable":true,"href":"https:\/\/www.budream.com\/es\/wp-json\/wp\/v2\/product_tag?post=156545"}],"curies":[{"name":"wp","href":"https:\/\/api.w.org\/{rel}","templated":true}]}}