{"id":156610,"date":"2025-07-31T14:47:00","date_gmt":"2025-07-31T12:47:00","guid":{"rendered":"https:\/\/www.budream.com\/shop\/biobizz-calmag\/"},"modified":"2026-03-26T20:04:50","modified_gmt":"2026-03-26T18:04:50","slug":"biobizz-calmag","status":"publish","type":"product","link":"https:\/\/www.budream.com\/es\/shop\/biobizz-calmag\/","title":{"rendered":"BIOBIZZ &#8211; CALMAG"},"content":{"rendered":"<h3>Biobizz Calmag est\u00e1 dise\u00f1ado para el cultivador profesional y aficionado que necesita un aporte extra de calcio y magnesio para sus plantas.<\/h3>\n<div class=\"page\" title=\"Page 1\">\n<div class=\"section\">\n<div class=\"layoutArea\">\n<div class=\"column\">\n<p>El Ca y el Mg son elementos esenciales para el correcto crecimiento y floraci\u00f3n de las plantas, ya que desempe\u00f1an un papel clave en la producci\u00f3n celular y la fotos\u00edntesis.<\/p>\n<\/div>\n<\/div>\n<\/div>\n<\/div>\n<h3><strong>Por qu\u00e9 utilizar CalMag<\/strong><\/h3>\n<div class=\"page\" title=\"Page 1\">\n<div class=\"section\">\n<div class=\"layoutArea\">\n<div class=\"column\">\n<p>Las deficiencias de Ca\/Mg son un hecho com\u00fan: hoy en d\u00eda no podemos confiar en que el agua del grifo proporcione la concentraci\u00f3n correcta de minerales.<\/p>\n<\/div>\n<\/div>\n<\/div>\n<\/div>\n<div class=\"page\" title=\"Page 1\">\n<div class=\"section\">\n<div class=\"layoutArea\">\n<div class=\"column\">\n<p>Si tiene que tratar con agua blanda del grifo o desea remineralizar el agua de \u00f3smosis, Biobizz Calmag le ofrece una soluci\u00f3n 100% org\u00e1nica y certificada para las carencias de Ca\/Mg.<\/p>\n<\/div>\n<\/div>\n<\/div>\n<\/div>\n<div class=\"page\" title=\"Page 1\">\n<div class=\"section\">\n<div class=\"layoutArea\">\n<div class=\"column\">\n<p>Este producto contiene lo mejor de los ingredientes 100% naturales, y los presenta en una f\u00f3rmula que no altera sus opciones de cultivo.<\/p>\n<\/div>\n<\/div>\n<\/div>\n<\/div>\n<div class=\"page\" title=\"Page 1\">\n<div class=\"section\">\n<div class=\"layoutArea\">\n<div class=\"column\">\n<p>Con Biobizz Calmag corrige las deficiencias h\u00eddricas de forma sencilla, controlada y natural.<\/p>\n<\/div>\n<\/div>\n<\/div>\n<\/div>\n<h3><strong>\u00bfC\u00f3mo se utiliza?<\/strong><\/h3>\n<div class=\"vc_col-sm-10 wpb_column column_container vc_column_container col no-extra-padding instance-5\" data-t-w-inherits=\"default\" data-border-radius=\"none\" data-shadow=\"none\" data-border-animation=\"\" data-border-animation-delay=\"\" data-border-width=\"none\" data-border-style=\"solid\" data-border-color=\"\" data-bg-cover=\"\" data-padding-pos=\"all\" data-has-bg-color=\"false\" data-bg-color=\"\" data-bg-opacity=\"1\" data-hover-bg=\"\" data-hover-bg-opacity=\"1\" data-animation=\"\" data-delay=\"0\">\n<div class=\"vc_column-inner\">\n<div class=\"wpb_wrapper\">\n<div class=\"wpb_text_column wpb_content_element \">\n<div class=\"wpb_wrapper\">\n<div class=\"page\" title=\"Page 1\">\n<div class=\"section\">\n<div class=\"layoutArea\">\n<div class=\"column\">\n<p>A\u00f1ada la dosis recomendada de Calmag para completar el Ca y el Mg, prepare el agua y mezcle los abonos Biobizz necesarios.<\/p>\n<\/div>\n<\/div>\n<\/div>\n<\/div>\n<\/div>\n<\/div>\n<\/div>\n<\/div>\n<\/div>\n","protected":false},"excerpt":{"rendered":"<p>Biobizz Calmag est\u00e1 dise\u00f1ado para el cultivador profesional y aficionado que necesita un aporte extra de calcio y magnesio para<\/p>\n","protected":false},"featured_media":156606,"comment_status":"open","ping_status":"closed","template":"","meta":[],"product_brand":[],"product_cat":[7932],"product_tag":[],"class_list":{"0":"post-156610","1":"product","2":"type-product","3":"status-publish","4":"has-post-thumbnail","6":"product_cat-fertilizantes","8":"first","9":"instock","10":"sale","11":"taxable","12":"shipping-taxable","13":"purchasable","14":"product-type-variable"},"aioseo_notices":[],"_links":{"self":[{"href":"https:\/\/www.budream.com\/es\/wp-json\/wp\/v2\/product\/156610","targetHints":{"allow":["GET"]}}],"collection":[{"href":"https:\/\/www.budream.com\/es\/wp-json\/wp\/v2\/product"}],"about":[{"href":"https:\/\/www.budream.com\/es\/wp-json\/wp\/v2\/types\/product"}],"replies":[{"embeddable":true,"href":"https:\/\/www.budream.com\/es\/wp-json\/wp\/v2\/comments?post=156610"}],"version-history":[{"count":0,"href":"https:\/\/www.budream.com\/es\/wp-json\/wp\/v2\/product\/156610\/revisions"}],"wp:featuredmedia":[{"embeddable":true,"href":"https:\/\/www.budream.com\/es\/wp-json\/wp\/v2\/media\/156606"}],"wp:attachment":[{"href":"https:\/\/www.budream.com\/es\/wp-json\/wp\/v2\/media?parent=156610"}],"wp:term":[{"taxonomy":"product_brand","embeddable":true,"href":"https:\/\/www.budream.com\/es\/wp-json\/wp\/v2\/product_brand?post=156610"},{"taxonomy":"product_cat","embeddable":true,"href":"https:\/\/www.budream.com\/es\/wp-json\/wp\/v2\/product_cat?post=156610"},{"taxonomy":"product_tag","embeddable":true,"href":"https:\/\/www.budream.com\/es\/wp-json\/wp\/v2\/product_tag?post=156610"}],"curies":[{"name":"wp","href":"https:\/\/api.w.org\/{rel}","templated":true}]}}