{"id":156960,"date":"2025-07-31T15:05:00","date_gmt":"2025-07-31T13:05:00","guid":{"rendered":"https:\/\/www.budream.com\/shop\/super-sativa-seed-club-auto-bruce-lemon-diesel-fem\/"},"modified":"2025-11-27T13:35:02","modified_gmt":"2025-11-27T11:35:02","slug":"super-sativa-seed-club-auto-bruce-lemon-diesel-fem","status":"publish","type":"product","link":"https:\/\/www.budream.com\/es\/shop\/super-sativa-seed-club-auto-bruce-lemon-diesel-fem\/","title":{"rendered":"SUPER SATIVA SEED CLUB &#8211; AUTO BRUCE LEMON DIESEL FEM"},"content":{"rendered":"<div class=\"FFpbKc\">\n<div class=\"ZTPlmc\">\n<div class=\"FFpbKc\">\n<div class=\"ZTPlmc\"><span class=\"VIiyi\" lang=\"it\"><span class=\"JLqJ4b ChMk0b\" data-language-for-alternatives=\"it\" data-language-to-translate-into=\"en\" data-phrase-index=\"0\">Las mejores cepas autoflorecientes se producen combinando las mejores caracter\u00edsticas de gen\u00e9ticas de \u00e9lite<\/span> <span class=\"JLqJ4b ChMk0b\" data-language-for-alternatives=\"it\" data-language-to-translate-into=\"en\" data-phrase-index=\"1\">. Auto Bruce Lemon Diesel combina el legendario monstruo americano Bruce Banner con la universalmente popular Lemon OG.<\/span><\/span><\/div>\n<\/div>\n<div class=\"dePhmb\"><\/div>\n<\/div>\n<\/div>\n<h2><strong>Caracter\u00edsticas Auto Bruce Lemon Diesel Fem:<\/strong><\/h2>\n<ul style=\"list-style-type: disc\">\n<li><strong>G\u00e9nero:<\/strong> H\u00edbrido Autofloreciente Feminizado<\/li>\n<li><strong>Genotipo:<\/strong> H\u00edbrido 50% Sativa 50% Indica<\/li>\n<li><strong>Gen\u00e9tica<\/strong>: Bruce Banner x Lemon OG x Ruderalis<\/li>\n<li>D\u00edas<strong>:<\/strong> 75 d\u00edas<\/li>\n<\/ul>\n<p><span style=\"font-size: 11pt\"><em><strong>ADVERTENCIA:<\/strong> Las semillas de c\u00e1\u00f1amo est\u00e1n excluidas de la noci\u00f3n legal de Cannabis, lo que significa que no deben considerarse una sustancia estupefaciente (L. 412 de 1974, art. 1, p\u00e1rrafo 1, lett. B; Convenci\u00f3n \u00danica sobre Estupefacientes de Nueva York de 1961 y tabla II del Decreto Ministerial 27\/7\/1992). En Italia, el cultivo del c\u00e1\u00f1amo est\u00e1 prohibido (art\u00edculos 28 y 73 del Decreto Presidencial 309\/90) a menos que se obtenga una autorizaci\u00f3n especial (art\u00edculo 17 del Decreto Presidencial 309\/90). A falta de autorizaci\u00f3n, las semillas s\u00f3lo pueden utilizarse para otros fines (zoot\u00e9cnicos, recolecci\u00f3n, etc.). Las semillas se venden con la reserva de que no sean utilizadas por terceros en conflicto con la ley.<\/em><\/span><\/p>\n","protected":false},"excerpt":{"rendered":"<p>Las mejores cepas autoflorecientes se producen combinando las mejores caracter\u00edsticas de gen\u00e9ticas de \u00e9lite . Auto Bruce Lemon Diesel combina<\/p>\n","protected":false},"featured_media":156956,"comment_status":"open","ping_status":"closed","template":"","meta":[],"product_brand":[],"product_cat":[7953],"product_tag":[],"class_list":{"0":"post-156960","1":"product","2":"type-product","3":"status-publish","4":"has-post-thumbnail","6":"product_cat-seedshop-es","8":"first","9":"instock","10":"sale","11":"taxable","12":"shipping-taxable","13":"purchasable","14":"product-type-variable"},"aioseo_notices":[],"_links":{"self":[{"href":"https:\/\/www.budream.com\/es\/wp-json\/wp\/v2\/product\/156960","targetHints":{"allow":["GET"]}}],"collection":[{"href":"https:\/\/www.budream.com\/es\/wp-json\/wp\/v2\/product"}],"about":[{"href":"https:\/\/www.budream.com\/es\/wp-json\/wp\/v2\/types\/product"}],"replies":[{"embeddable":true,"href":"https:\/\/www.budream.com\/es\/wp-json\/wp\/v2\/comments?post=156960"}],"version-history":[{"count":0,"href":"https:\/\/www.budream.com\/es\/wp-json\/wp\/v2\/product\/156960\/revisions"}],"wp:featuredmedia":[{"embeddable":true,"href":"https:\/\/www.budream.com\/es\/wp-json\/wp\/v2\/media\/156956"}],"wp:attachment":[{"href":"https:\/\/www.budream.com\/es\/wp-json\/wp\/v2\/media?parent=156960"}],"wp:term":[{"taxonomy":"product_brand","embeddable":true,"href":"https:\/\/www.budream.com\/es\/wp-json\/wp\/v2\/product_brand?post=156960"},{"taxonomy":"product_cat","embeddable":true,"href":"https:\/\/www.budream.com\/es\/wp-json\/wp\/v2\/product_cat?post=156960"},{"taxonomy":"product_tag","embeddable":true,"href":"https:\/\/www.budream.com\/es\/wp-json\/wp\/v2\/product_tag?post=156960"}],"curies":[{"name":"wp","href":"https:\/\/api.w.org\/{rel}","templated":true}]}}