{"id":156985,"date":"2025-07-31T15:06:35","date_gmt":"2025-07-31T13:06:35","guid":{"rendered":"https:\/\/www.budream.com\/shop\/super-sativa-seed-club-fat-petes-cookies-auto-fem\/"},"modified":"2026-03-17T16:27:43","modified_gmt":"2026-03-17T14:27:43","slug":"super-sativa-seed-club-fat-petes-cookies-auto-fem","status":"publish","type":"product","link":"https:\/\/www.budream.com\/es\/shop\/super-sativa-seed-club-fat-petes-cookies-auto-fem\/","title":{"rendered":"SUPER SATIVA SEED CLUB &#8211; FAT PETE&#8217;S COOKIES AUTO FEM"},"content":{"rendered":"<div class=\"FFpbKc\">\n<div class=\"ZTPlmc\">\n<div class=\"FFpbKc\">\n<div class=\"ZTPlmc\">Para crear Fat Pete&#8217;s Cookies cruzamos una autofloreciente muy afrutada con Auto Cookies. El resultado se cruz\u00f3 con nuestra Auto Creeper. Las mejores plantas fueron seleccionadas y cruzadas para estabilizar esta cepa. El resultado es una cepa autofloreciente de primera categor\u00eda.<\/div>\n<\/div>\n<div class=\"dePhmb\"><\/div>\n<\/div>\n<\/div>\n<h2><strong>Fat Pete&#8217;s Cookies Auto Fem Caracter\u00edsticas:<\/strong><\/h2>\n<ul style=\"list-style-type: disc\">\n<li><strong>G\u00e9nero:<\/strong> H\u00edbrido Autofloreciente Feminizado<\/li>\n<li><strong>Genotipo<\/strong>: 50% Sativa 50% Indica<\/li>\n<li><strong>Gen\u00e9tica:<\/strong> Williams Wonder x (Girl Scout Cookies x Rureralis)<\/li>\n<li><strong>D\u00edas:<\/strong> 81 &#8211; 94<\/li>\n<\/ul>\n<p><em><strong>ATENCI\u00d3N:<\/strong> las semillas de c\u00e1\u00f1amo est\u00e1n excluidas de la noci\u00f3n legal de Cannabis, esto significa que no deben ser consideradas sustancias estupefacientes (Ley 412 de 1974, art.1, p\u00e1rrafo 1, lett. B; Convenci\u00f3n \u00danica de Nueva York sobre Estupefacientes de 1961 y tabla II del decreto ministerial 27\/7\/1992). En Italia, el cultivo del c\u00e1\u00f1amo est\u00e1 prohibido (art\u00edculos 28 y 73 del DPR 309\/90) si no se dispone de la autorizaci\u00f3n correspondiente (art\u00edculo 17 DPR 309\/90). A falta de autorizaci\u00f3n, las semillas pueden utilizarse exclusivamente para otros fines (zoot\u00e9cnicos, coleccionables, ect &#8230;). Las semillas se venden con la condici\u00f3n de que no sean utilizadas por terceros en conflicto con la ley.<\/em><\/p>\n","protected":false},"excerpt":{"rendered":"<p>Para crear Fat Pete&#8217;s Cookies cruzamos una autofloreciente muy afrutada con Auto Cookies. El resultado se cruz\u00f3 con nuestra Auto<\/p>\n","protected":false},"featured_media":156981,"comment_status":"open","ping_status":"closed","template":"","meta":[],"product_brand":[],"product_cat":[7953],"product_tag":[],"class_list":{"0":"post-156985","1":"product","2":"type-product","3":"status-publish","4":"has-post-thumbnail","6":"product_cat-seedshop-es","8":"first","9":"instock","10":"sale","11":"taxable","12":"shipping-taxable","13":"purchasable","14":"product-type-variable"},"aioseo_notices":[],"_links":{"self":[{"href":"https:\/\/www.budream.com\/es\/wp-json\/wp\/v2\/product\/156985","targetHints":{"allow":["GET"]}}],"collection":[{"href":"https:\/\/www.budream.com\/es\/wp-json\/wp\/v2\/product"}],"about":[{"href":"https:\/\/www.budream.com\/es\/wp-json\/wp\/v2\/types\/product"}],"replies":[{"embeddable":true,"href":"https:\/\/www.budream.com\/es\/wp-json\/wp\/v2\/comments?post=156985"}],"version-history":[{"count":0,"href":"https:\/\/www.budream.com\/es\/wp-json\/wp\/v2\/product\/156985\/revisions"}],"wp:featuredmedia":[{"embeddable":true,"href":"https:\/\/www.budream.com\/es\/wp-json\/wp\/v2\/media\/156981"}],"wp:attachment":[{"href":"https:\/\/www.budream.com\/es\/wp-json\/wp\/v2\/media?parent=156985"}],"wp:term":[{"taxonomy":"product_brand","embeddable":true,"href":"https:\/\/www.budream.com\/es\/wp-json\/wp\/v2\/product_brand?post=156985"},{"taxonomy":"product_cat","embeddable":true,"href":"https:\/\/www.budream.com\/es\/wp-json\/wp\/v2\/product_cat?post=156985"},{"taxonomy":"product_tag","embeddable":true,"href":"https:\/\/www.budream.com\/es\/wp-json\/wp\/v2\/product_tag?post=156985"}],"curies":[{"name":"wp","href":"https:\/\/api.w.org\/{rel}","templated":true}]}}