{"id":157195,"date":"2025-07-31T15:18:37","date_gmt":"2025-07-31T13:18:37","guid":{"rendered":"https:\/\/www.budream.com\/shop\/dutch-passion-auto-blueberry-fem\/"},"modified":"2026-03-23T18:44:54","modified_gmt":"2026-03-23T16:44:54","slug":"dutch-passion-auto-blueberry-fem","status":"publish","type":"product","link":"https:\/\/www.budream.com\/es\/shop\/dutch-passion-auto-blueberry-fem\/","title":{"rendered":"DUTCH PASSION &#8211; AUTO BLUEBERRY FEM"},"content":{"rendered":"<p style=\"text-align: justify\">Auto Blueberry&reg; se ha convertido r\u00e1pidamente en la variedad autofloreciente favorita de los entendidos. Gracias a un cuidadoso programa de selecci\u00f3n en el que se cruz\u00f3 una planta Blueberry hembra muy especial con una autofloreciente \u00edndica dominante. El retrocruzamiento selectivo con la generaci\u00f3n F4 dio como resultado una Blueberry totalmente autofloreciente. Despu\u00e9s, esta F4 se autopoliniz\u00f3 para crear semillas F5. La gen\u00e9tica Blueberry utilizada procede de nuestro banco gen\u00e9tico.<br \/>Esta vasta colecci\u00f3n de gen\u00e9tica se remonta a la \u00e9poca en que colaboramos con DJ Short, el primer criador original de la variedad Blueberry. En aquel momento Dutch Passion estaba trabajando estrechamente con DJ Short para introducir la variedad Blueberry en el mercado europeo y tuvimos la suerte de poder incluir esta gen\u00e9tica original en nuestra colecci\u00f3n. A partir de ah\u00ed empezamos a seleccionar un parental adecuado para nuestra Auto Blueberry y \u00a1el resultado es impresionante!<\/p>\n<p><\/p>\n<h2><strong>Caracter\u00edsticas Auto Blueberry Fem:<\/strong><\/h2>\n<ul style=\"list-style-type: disc\">\n<li><strong>G\u00e9nero:<\/strong> Autofloreciente Feminizada<\/li>\n<li><strong>Genotipo:<\/strong> H\u00edbrido Indica dominante<\/li>\n<li><strong>Gen\u00e9tica: <\/strong>Blueberry X Indica autofloreciente<\/li>\n<li><strong>D\u00edas: <\/strong>56 &#8211; 70 d\u00edas<\/li>\n<\/ul>\n<p><\/p>\n<div style=\"text-align: justify\"><span style=\"font-size: 11pt\"><em><strong>ADVERTENCIA:<\/strong> Las semillas de c\u00e1\u00f1amo est\u00e1n excluidas de la noci\u00f3n legal de Cannabis, lo que significa que no deben considerarse una sustancia estupefaciente (L. 412 de 1974, Art. 1, p\u00e1rrafo 1, lett. B; Convenci\u00f3n \u00danica sobre Estupefacientes de Nueva York de 1961 y tabla II del Decreto Ministerial 27\/7\/1992). En Italia, el cultivo del c\u00e1\u00f1amo est\u00e1 prohibido (art\u00edculos 28 y 73 del Decreto Presidencial 309\/90) a menos que se obtenga una autorizaci\u00f3n especial (art\u00edculo 17 del Decreto Presidencial 309\/90). A falta de autorizaci\u00f3n, las semillas s\u00f3lo pueden utilizarse para otros fines (zoot\u00e9cnicos, recolecci\u00f3n, etc.). Las semillas se venden con la reserva de que no sean utilizadas por terceros en conflicto con la ley.<\/em><\/span><\/div>\n","protected":false},"excerpt":{"rendered":"<p>Auto Blueberry&reg; se ha convertido r\u00e1pidamente en la variedad autofloreciente favorita de los entendidos. Gracias a un cuidadoso programa de<\/p>\n","protected":false},"featured_media":157186,"comment_status":"open","ping_status":"closed","template":"","meta":[],"product_brand":[],"product_cat":[7953],"product_tag":[],"class_list":{"0":"post-157195","1":"product","2":"type-product","3":"status-publish","4":"has-post-thumbnail","6":"product_cat-seedshop-es","8":"first","9":"instock","10":"sale","11":"taxable","12":"shipping-taxable","13":"purchasable","14":"product-type-variable"},"aioseo_notices":[],"_links":{"self":[{"href":"https:\/\/www.budream.com\/es\/wp-json\/wp\/v2\/product\/157195","targetHints":{"allow":["GET"]}}],"collection":[{"href":"https:\/\/www.budream.com\/es\/wp-json\/wp\/v2\/product"}],"about":[{"href":"https:\/\/www.budream.com\/es\/wp-json\/wp\/v2\/types\/product"}],"replies":[{"embeddable":true,"href":"https:\/\/www.budream.com\/es\/wp-json\/wp\/v2\/comments?post=157195"}],"version-history":[{"count":0,"href":"https:\/\/www.budream.com\/es\/wp-json\/wp\/v2\/product\/157195\/revisions"}],"wp:featuredmedia":[{"embeddable":true,"href":"https:\/\/www.budream.com\/es\/wp-json\/wp\/v2\/media\/157186"}],"wp:attachment":[{"href":"https:\/\/www.budream.com\/es\/wp-json\/wp\/v2\/media?parent=157195"}],"wp:term":[{"taxonomy":"product_brand","embeddable":true,"href":"https:\/\/www.budream.com\/es\/wp-json\/wp\/v2\/product_brand?post=157195"},{"taxonomy":"product_cat","embeddable":true,"href":"https:\/\/www.budream.com\/es\/wp-json\/wp\/v2\/product_cat?post=157195"},{"taxonomy":"product_tag","embeddable":true,"href":"https:\/\/www.budream.com\/es\/wp-json\/wp\/v2\/product_tag?post=157195"}],"curies":[{"name":"wp","href":"https:\/\/api.w.org\/{rel}","templated":true}]}}