{"id":157261,"date":"2025-07-31T15:21:39","date_gmt":"2025-07-31T13:21:39","guid":{"rendered":"https:\/\/www.budream.com\/shop\/dutch-passion-auto-xtreme-fem\/"},"modified":"2026-03-16T18:05:59","modified_gmt":"2026-03-16T16:05:59","slug":"dutch-passion-auto-xtreme-fem","status":"publish","type":"product","link":"https:\/\/www.budream.com\/es\/shop\/dutch-passion-auto-xtreme-fem\/","title":{"rendered":"DUTCH PASSION &#8211; AUTO XTREME FEM"},"content":{"rendered":"<div style=\"text-align: justify\">Auto Xtreme&reg; es el resultado excepcional de una colaboraci\u00f3n de 2 a\u00f1os entre Dutch Passion y DinaFem utilizando la gen\u00e9tica Haze especial de Dutch Passion. El proyecto requiri\u00f3 un cuidadoso cultivo y selecci\u00f3n antes de ser aprobado. La gen\u00e9tica se basa en nuestra variedad dependiente del fotoperiodo Outlaw Amnesia&reg; (Amnesia x Super Haze) y se ha adaptado a una variedad autofloreciente que produce una influencia Sativa\/Haze. Esta variedad s\u00f3lo est\u00e1 disponible en Dutch Passion.<\/div>\n<p><a href=\"http:\/\/www.dutch-passion.nl\/it\/\" target=\"_blank\" rel=\"noopener noreferrer nofollow\"><br \/><\/a><\/p>\n<h2><strong>Caracter\u00edsticas Auto Xtreme Fem:<\/strong><\/h2>\n<ul style=\"list-style-type: disc\">\n<li><strong>G\u00e9nero:<\/strong> Autofloreciente feminizada<\/li>\n<li><strong>Genotipo:<\/strong> H\u00edbrido sativa dominante<\/li>\n<li><strong>Gen\u00e9tica<\/strong>: Outlaw Amnesia (Amnesia x Super Haze)<\/li>\n<li>D\u00edas<strong>:<\/strong> 77 &#8211; 84 d\u00edas<\/li>\n<\/ul>\n<p><a href=\"http:\/\/www.dutch-passion.nl\/it\/\" target=\"_blank\" rel=\"noopener noreferrer nofollow\"><br \/><\/a><\/p>\n<div style=\"text-align: justify\"><span style=\"font-size: 11pt\"><em><strong>ADVERTENCIA:<\/strong> Las semillas de c\u00e1\u00f1amo est\u00e1n excluidas de la noci\u00f3n legal de Cannabis, lo que significa que no deben considerarse una sustancia estupefaciente (L. 412 de 1974, Art. 1, p\u00e1rrafo 1, lett. B; Convenci\u00f3n \u00danica sobre Estupefacientes de Nueva York de 1961 y tabla II del Decreto Ministerial 27\/7\/1992). En Italia, el cultivo del c\u00e1\u00f1amo est\u00e1 prohibido (art\u00edculos 28 y 73 del Decreto Presidencial 309\/90) a menos que se obtenga una autorizaci\u00f3n especial (art\u00edculo 17 del Decreto Presidencial 309\/90). A falta de autorizaci\u00f3n, las semillas s\u00f3lo pueden utilizarse para otros fines (zoot\u00e9cnicos, recolecci\u00f3n, etc.). Las semillas se venden con la reserva de que no sean utilizadas por terceros en conflicto con la ley.<\/em><\/span><\/div>\n","protected":false},"excerpt":{"rendered":"<p>Auto Xtreme&reg; es el resultado excepcional de una colaboraci\u00f3n de 2 a\u00f1os entre Dutch Passion y DinaFem utilizando la gen\u00e9tica<\/p>\n","protected":false},"featured_media":157252,"comment_status":"open","ping_status":"closed","template":"","meta":[],"product_brand":[],"product_cat":[7953],"product_tag":[],"class_list":{"0":"post-157261","1":"product","2":"type-product","3":"status-publish","4":"has-post-thumbnail","6":"product_cat-seedshop-es","8":"first","9":"instock","10":"sale","11":"taxable","12":"shipping-taxable","13":"purchasable","14":"product-type-variable"},"aioseo_notices":[],"_links":{"self":[{"href":"https:\/\/www.budream.com\/es\/wp-json\/wp\/v2\/product\/157261","targetHints":{"allow":["GET"]}}],"collection":[{"href":"https:\/\/www.budream.com\/es\/wp-json\/wp\/v2\/product"}],"about":[{"href":"https:\/\/www.budream.com\/es\/wp-json\/wp\/v2\/types\/product"}],"replies":[{"embeddable":true,"href":"https:\/\/www.budream.com\/es\/wp-json\/wp\/v2\/comments?post=157261"}],"version-history":[{"count":0,"href":"https:\/\/www.budream.com\/es\/wp-json\/wp\/v2\/product\/157261\/revisions"}],"wp:featuredmedia":[{"embeddable":true,"href":"https:\/\/www.budream.com\/es\/wp-json\/wp\/v2\/media\/157252"}],"wp:attachment":[{"href":"https:\/\/www.budream.com\/es\/wp-json\/wp\/v2\/media?parent=157261"}],"wp:term":[{"taxonomy":"product_brand","embeddable":true,"href":"https:\/\/www.budream.com\/es\/wp-json\/wp\/v2\/product_brand?post=157261"},{"taxonomy":"product_cat","embeddable":true,"href":"https:\/\/www.budream.com\/es\/wp-json\/wp\/v2\/product_cat?post=157261"},{"taxonomy":"product_tag","embeddable":true,"href":"https:\/\/www.budream.com\/es\/wp-json\/wp\/v2\/product_tag?post=157261"}],"curies":[{"name":"wp","href":"https:\/\/api.w.org\/{rel}","templated":true}]}}