{"id":157847,"date":"2025-07-31T15:43:57","date_gmt":"2025-07-31T13:43:57","guid":{"rendered":"https:\/\/www.budream.com\/shop\/dutch-passion-auto-think-big-fem\/"},"modified":"2026-03-27T12:02:17","modified_gmt":"2026-03-27T10:02:17","slug":"dutch-passion-auto-think-big-fem","status":"publish","type":"product","link":"https:\/\/www.budream.com\/es\/shop\/dutch-passion-auto-think-big-fem\/","title":{"rendered":"DUTCH PASSION &#8211; AUTO THINK BIG\u00ae FEM"},"content":{"rendered":"<div style=\"text-align: justify\">Think Big&reg; es una variedad autofloreciente de alto rendimiento basada en la legendaria gen\u00e9tica Think Different. Think Big&reg; se cre\u00f3 seleccionando un peque\u00f1o n\u00famero de espec\u00edmenes Think Different XXL especiales.<\/div>\n<p><\/p>\n<h2><strong>Caracter\u00edsticas Auto Think Big Fem:<\/strong><\/h2>\n<ul style=\"list-style-type: disc\">\n<li><strong>G\u00e9nero:<\/strong> XXL Autofloreciente Feminizada<\/li>\n<li><strong>Genotipo:<\/strong> H\u00edbrido mayoritariamente Sativa<\/li>\n<li><strong>Gen\u00e9tica:<\/strong> Selecci\u00f3n Think Different XXL<\/li>\n<li><strong>D\u00edas:<\/strong> 91<\/li>\n<\/ul>\n<p><\/p>\n<div style=\"text-align: justify\"><span style=\"font-size: 11pt\"><em><strong>ADVERTENCIA:<\/strong> Las semillas de c\u00e1\u00f1amo est\u00e1n excluidas de la noci\u00f3n legal de Cannabis, lo que significa que no deben considerarse una sustancia estupefaciente (L. 412 de 1974, art. 1, p\u00e1rrafo 1, lett. B; Convenci\u00f3n \u00danica sobre Estupefacientes de Nueva York de 1961 y tabla II del Decreto Ministerial 27\/7\/1992). En Italia, el cultivo del c\u00e1\u00f1amo est\u00e1 prohibido (art\u00edculos 28 y 73 del Decreto Presidencial 309\/90) a menos que se obtenga una autorizaci\u00f3n especial (art\u00edculo 17 del Decreto Presidencial 309\/90). A falta de autorizaci\u00f3n, las semillas s\u00f3lo pueden utilizarse para otros fines (zoot\u00e9cnicos, recolecci\u00f3n, etc.). Las semillas se venden con la reserva de que no sean utilizadas por terceros en conflicto con la ley.<\/em><\/span><\/div>\n","protected":false},"excerpt":{"rendered":"<p>Think Big&reg; es una variedad autofloreciente de alto rendimiento basada en la legendaria gen\u00e9tica Think Different. Think Big&reg; se cre\u00f3<\/p>\n","protected":false},"featured_media":157837,"comment_status":"open","ping_status":"closed","template":"","meta":[],"product_brand":[],"product_cat":[7953],"product_tag":[],"class_list":{"0":"post-157847","1":"product","2":"type-product","3":"status-publish","4":"has-post-thumbnail","6":"product_cat-seedshop-es","8":"first","9":"instock","10":"taxable","11":"shipping-taxable","12":"purchasable","13":"product-type-variable"},"aioseo_notices":[],"_links":{"self":[{"href":"https:\/\/www.budream.com\/es\/wp-json\/wp\/v2\/product\/157847","targetHints":{"allow":["GET"]}}],"collection":[{"href":"https:\/\/www.budream.com\/es\/wp-json\/wp\/v2\/product"}],"about":[{"href":"https:\/\/www.budream.com\/es\/wp-json\/wp\/v2\/types\/product"}],"replies":[{"embeddable":true,"href":"https:\/\/www.budream.com\/es\/wp-json\/wp\/v2\/comments?post=157847"}],"version-history":[{"count":0,"href":"https:\/\/www.budream.com\/es\/wp-json\/wp\/v2\/product\/157847\/revisions"}],"wp:featuredmedia":[{"embeddable":true,"href":"https:\/\/www.budream.com\/es\/wp-json\/wp\/v2\/media\/157837"}],"wp:attachment":[{"href":"https:\/\/www.budream.com\/es\/wp-json\/wp\/v2\/media?parent=157847"}],"wp:term":[{"taxonomy":"product_brand","embeddable":true,"href":"https:\/\/www.budream.com\/es\/wp-json\/wp\/v2\/product_brand?post=157847"},{"taxonomy":"product_cat","embeddable":true,"href":"https:\/\/www.budream.com\/es\/wp-json\/wp\/v2\/product_cat?post=157847"},{"taxonomy":"product_tag","embeddable":true,"href":"https:\/\/www.budream.com\/es\/wp-json\/wp\/v2\/product_tag?post=157847"}],"curies":[{"name":"wp","href":"https:\/\/api.w.org\/{rel}","templated":true}]}}