{"id":157924,"date":"2025-07-31T15:48:23","date_gmt":"2025-07-31T13:48:23","guid":{"rendered":"https:\/\/www.budream.com\/shop\/dutch-passion-veneno-de-durban-fem-2\/"},"modified":"2026-03-24T20:09:52","modified_gmt":"2026-03-24T18:09:52","slug":"dutch-passion-veneno-de-durban-fem-2","status":"publish","type":"product","link":"https:\/\/www.budream.com\/es\/shop\/dutch-passion-veneno-de-durban-fem-2\/","title":{"rendered":"DUTCH PASSION &#8211; VENENO DE DURBAN FEM"},"content":{"rendered":"<div style=\"text-align: justify\">Durban Poison es una variedad de predominancia sativa originaria de Sud\u00e1frica. Se ha convertido en una variedad clave en el mercado actual. Esta variedad de dominancia sativa es originaria de la ciudad sudafricana de Durban y es la base de la famosa cepa GSC (Girl Scout Cookies), de la que derivaron variedades como Sherbet y Gelato.<\/div>\n<p><\/p>\n<h2><strong>Caracter\u00edsticas Durban Poison Fem:<\/strong><\/h2>\n<ul style=\"list-style-type: disc\">\n<li><strong>G\u00e9nero:<\/strong> XL feminizada<\/li>\n<li><strong>Genotipo:<\/strong> H\u00edbrido mayoritariamente Sativa<\/li>\n<li><strong>Gen\u00e9tica <\/strong>: Durban X Indica desconocida<\/li>\n<li><strong>D\u00edas:<\/strong> 56<\/li>\n<\/ul>\n<p><\/p>\n<div style=\"text-align: justify\"><span style=\"font-size: 11pt\"><em><strong>ADVERTENCIA:<\/strong> Las semillas de c\u00e1\u00f1amo est\u00e1n excluidas de la noci\u00f3n legal de Cannabis, lo que significa que no deben considerarse una sustancia estupefaciente (L. 412 de 1974, Art. 1, p\u00e1rrafo 1, lett. B; Convenci\u00f3n \u00danica sobre Estupefacientes de Nueva York de 1961 y tabla II del Decreto Ministerial 27\/7\/1992). En Italia, el cultivo del c\u00e1\u00f1amo est\u00e1 prohibido (art\u00edculos 28 y 73 del Decreto Presidencial 309\/90) a menos que se obtenga una autorizaci\u00f3n especial (art\u00edculo 17 del Decreto Presidencial 309\/90). A falta de autorizaci\u00f3n, las semillas s\u00f3lo pueden utilizarse para otros fines (zoot\u00e9cnicos, recolecci\u00f3n, etc.). Las semillas se venden con la reserva de que no ser\u00e1n utilizadas por terceros en conflicto con la ley.<\/em><\/span><\/div>\n","protected":false},"excerpt":{"rendered":"<p>Durban Poison es una variedad de predominancia sativa originaria de Sud\u00e1frica. Se ha convertido en una variedad clave en el<\/p>\n","protected":false},"featured_media":157908,"comment_status":"open","ping_status":"closed","template":"","meta":[],"product_brand":[],"product_cat":[7953],"product_tag":[],"class_list":{"0":"post-157924","1":"product","2":"type-product","3":"status-publish","4":"has-post-thumbnail","6":"product_cat-seedshop-es","8":"first","9":"instock","10":"taxable","11":"shipping-taxable","12":"purchasable","13":"product-type-variable"},"aioseo_notices":[],"_links":{"self":[{"href":"https:\/\/www.budream.com\/es\/wp-json\/wp\/v2\/product\/157924","targetHints":{"allow":["GET"]}}],"collection":[{"href":"https:\/\/www.budream.com\/es\/wp-json\/wp\/v2\/product"}],"about":[{"href":"https:\/\/www.budream.com\/es\/wp-json\/wp\/v2\/types\/product"}],"replies":[{"embeddable":true,"href":"https:\/\/www.budream.com\/es\/wp-json\/wp\/v2\/comments?post=157924"}],"version-history":[{"count":0,"href":"https:\/\/www.budream.com\/es\/wp-json\/wp\/v2\/product\/157924\/revisions"}],"wp:featuredmedia":[{"embeddable":true,"href":"https:\/\/www.budream.com\/es\/wp-json\/wp\/v2\/media\/157908"}],"wp:attachment":[{"href":"https:\/\/www.budream.com\/es\/wp-json\/wp\/v2\/media?parent=157924"}],"wp:term":[{"taxonomy":"product_brand","embeddable":true,"href":"https:\/\/www.budream.com\/es\/wp-json\/wp\/v2\/product_brand?post=157924"},{"taxonomy":"product_cat","embeddable":true,"href":"https:\/\/www.budream.com\/es\/wp-json\/wp\/v2\/product_cat?post=157924"},{"taxonomy":"product_tag","embeddable":true,"href":"https:\/\/www.budream.com\/es\/wp-json\/wp\/v2\/product_tag?post=157924"}],"curies":[{"name":"wp","href":"https:\/\/api.w.org\/{rel}","templated":true}]}}