{"id":157968,"date":"2025-07-31T15:49:53","date_gmt":"2025-07-31T13:49:53","guid":{"rendered":"https:\/\/www.budream.com\/shop\/dutch-passion-naranja-californiana-fem\/"},"modified":"2026-04-07T15:42:45","modified_gmt":"2026-04-07T13:42:45","slug":"dutch-passion-naranja-californiana-fem","status":"publish","type":"product","link":"https:\/\/www.budream.com\/es\/shop\/dutch-passion-naranja-californiana-fem\/","title":{"rendered":"DUTCH PASSION &#8211; NARANJA CALIFORNIANA FEM"},"content":{"rendered":"<div style=\"text-align: justify\">Californian Orange es un aut\u00e9ntico cl\u00e1sico de la vieja escuela, s\u00f3lo disponible en Dutch Passion. Es un h\u00edbrido de 50% Indica y 50% Sativa de los a\u00f1os 80 y s\u00f3lo se ha cruzado desde entonces. La gen\u00e9tica procede de una variedad californiana excepcional.<\/div>\n<div style=\"text-align: justify\">A veces, las variedades cl\u00e1sicas como la Californian Orange conservan muchos admiradores incluso muchos a\u00f1os despu\u00e9s de su lanzamiento, a pesar de todas las nuevas y excitantes variedades e h\u00edbridos modernos que aparecen con el tiempo.<\/div>\n<div style=\"text-align: justify\">Una belleza californiana tradicional de alta calidad que se remonta a la \u00e9poca hippy. Una variedad excepcional, muy buscada tanto cuando se lanz\u00f3 por primera vez como hoy en d\u00eda.<\/div>\n<p><\/p>\n<h2><strong>Caracter\u00edsticas Californian Orange Fem:<\/strong><\/h2>\n<ul style=\"list-style-type: disc\">\n<li><strong>G\u00e9nero:<\/strong> Feminizada XL<\/li>\n<li><strong>Genotipo:<\/strong> H\u00edbrido Indica\/Sativa<\/li>\n<li><strong>Gen\u00e9tica:<\/strong> Californian Orange original<\/li>\n<li><strong>D\u00edas:<\/strong> 63<\/li>\n<\/ul>\n<p><\/p>\n<div style=\"text-align: justify\"><span style=\"font-size: 11pt\"><em><strong>ATENCI\u00d3N:<\/strong> Las semillas de c\u00e1\u00f1amo est\u00e1n excluidas de la noci\u00f3n legal de Cannabis, lo que significa que no deben considerarse una sustancia estupefaciente (Ley 412 de 1974, Art. 1, p\u00e1rrafo 1, lett. B; Convenci\u00f3n \u00danica sobre Estupefacientes de Nueva York de 1961 y tabla II del Decreto Ministerial 27\/7\/1992). En Italia, el cultivo del c\u00e1\u00f1amo est\u00e1 prohibido (art\u00edculos 28 y 73 del Decreto Presidencial 309\/90) a menos que se obtenga una autorizaci\u00f3n especial (art\u00edculo 17 del Decreto Presidencial 309\/90). A falta de autorizaci\u00f3n, las semillas s\u00f3lo pueden utilizarse para otros fines (zoot\u00e9cnicos, recolecci\u00f3n, etc.). Las semillas se venden con la reserva de que no ser\u00e1n utilizadas por terceros en conflicto con la ley.<\/em><\/span><\/div>\n","protected":false},"excerpt":{"rendered":"<p>Californian Orange es un aut\u00e9ntico cl\u00e1sico de la vieja escuela, s\u00f3lo disponible en Dutch Passion. Es un h\u00edbrido de 50%<\/p>\n","protected":false},"featured_media":157958,"comment_status":"open","ping_status":"closed","template":"","meta":[],"product_brand":[],"product_cat":[7953],"product_tag":[],"class_list":{"0":"post-157968","1":"product","2":"type-product","3":"status-publish","4":"has-post-thumbnail","6":"product_cat-seedshop-es","8":"first","9":"instock","10":"sale","11":"taxable","12":"shipping-taxable","13":"purchasable","14":"product-type-variable"},"aioseo_notices":[],"_links":{"self":[{"href":"https:\/\/www.budream.com\/es\/wp-json\/wp\/v2\/product\/157968","targetHints":{"allow":["GET"]}}],"collection":[{"href":"https:\/\/www.budream.com\/es\/wp-json\/wp\/v2\/product"}],"about":[{"href":"https:\/\/www.budream.com\/es\/wp-json\/wp\/v2\/types\/product"}],"replies":[{"embeddable":true,"href":"https:\/\/www.budream.com\/es\/wp-json\/wp\/v2\/comments?post=157968"}],"version-history":[{"count":1,"href":"https:\/\/www.budream.com\/es\/wp-json\/wp\/v2\/product\/157968\/revisions"}],"predecessor-version":[{"id":262284,"href":"https:\/\/www.budream.com\/es\/wp-json\/wp\/v2\/product\/157968\/revisions\/262284"}],"wp:featuredmedia":[{"embeddable":true,"href":"https:\/\/www.budream.com\/es\/wp-json\/wp\/v2\/media\/157958"}],"wp:attachment":[{"href":"https:\/\/www.budream.com\/es\/wp-json\/wp\/v2\/media?parent=157968"}],"wp:term":[{"taxonomy":"product_brand","embeddable":true,"href":"https:\/\/www.budream.com\/es\/wp-json\/wp\/v2\/product_brand?post=157968"},{"taxonomy":"product_cat","embeddable":true,"href":"https:\/\/www.budream.com\/es\/wp-json\/wp\/v2\/product_cat?post=157968"},{"taxonomy":"product_tag","embeddable":true,"href":"https:\/\/www.budream.com\/es\/wp-json\/wp\/v2\/product_tag?post=157968"}],"curies":[{"name":"wp","href":"https:\/\/api.w.org\/{rel}","templated":true}]}}