{"id":158974,"date":"2025-07-31T16:35:28","date_gmt":"2025-07-31T14:35:28","guid":{"rendered":"https:\/\/www.budream.com\/shop\/davinci-vaporizador-iqc\/"},"modified":"2026-02-26T12:33:38","modified_gmt":"2026-02-26T10:33:38","slug":"davinci-vaporizador-iqc","status":"publish","type":"product","link":"https:\/\/www.budream.com\/es\/shop\/davinci-vaporizador-iqc\/","title":{"rendered":"DAVINCI &#8211; VAPORIZADOR IQC"},"content":{"rendered":"<p class=\"p1\"><span class=\"s1\"><strong>El DaVinci IQC<\/strong> conserva el dise\u00f1o ic\u00f3nico de la marca y es una versi\u00f3n mejorada del muy popular IQ2. Muchos de los componentes de circonio se han sustituido por silicona resistente a altas temperaturas y se han mejorado y hecho m\u00e1s duraderos detalles como las bisagras y los imanes.<\/span><\/p>\n<p class=\"p1\"><span class=\"s1\">El puerto de carga tambi\u00e9n se ha cambiado de micro-USB a USB-C, lo que hace que la carga sea m\u00e1s r\u00e1pida y eficiente.<\/span><\/p>\n<p class=\"p1\"><span class=\"s1\">A pesar del precio rebajado, el IQC rinde y satisface igual que su predecesor, el IQ, aclamado por la cr\u00edtica.<\/span><\/p>\n<p class=\"p1\"><span class=\"s1\">Al igual que el resto de la l\u00ednea IQ, el DaVinci IQC est\u00e1 equipado con una <strong>\u00ab<\/strong> c\u00e1mara de sabor\u00bb, que enfr\u00eda el vapor y tambi\u00e9n puede servir como un peque\u00f1o recipiente; la c\u00e1mara de sabor tambi\u00e9n est\u00e1 hecha de cer\u00e1mica de circonio de alta calidad.<\/span><\/p>\n<p class=\"p1\"><span class=\"s1\">Mientras que en los dispositivos anteriores la tapa que sella la c\u00e1mara de sabor tambi\u00e9n estaba hecha de zirconia, en el IQC se ha sustituido por la misma silicona que en todo el dispositivo, lo que permite que el vaporizador permanezca fr\u00edo incluso despu\u00e9s de un uso repetido.<\/span><\/p>\n<p class=\"p1\"><span class=\"s1\">Al igual que con el IQ2, el IQC viene con dos boquillas, una es una boquilla plana que se coloca al ras en la parte superior del dispositivo y la otra es una boquilla que tambi\u00e9n se puede utilizar como un adaptador para cualquier bong de vidrio de 10 mm, sin embargo, a diferencia del IQ2, que ten\u00eda boquillas de zirconia, en el IQC han sido sustituidas por silicona resistente a altas temperaturas que se mantiene fr\u00eda incluso despu\u00e9s de un uso continuo.<\/span><\/p>\n<p class=\"p1\"><strong><span class=\"s1\">El im\u00e1n que asegura las boquillas tambi\u00e9n se ha hecho m\u00e1s fuerte y seguro.<\/span><\/strong><\/p>\n<p><strong><br \/><\/strong><\/p>\n<div class=\"block-title text-white\">\n<h2><span style=\"text-decoration: underline\"><strong>Caracter\u00edsticas del IQC DaVinci:<\/strong><\/span><\/h2>\n<\/div>\n<ul style=\"list-style-type: disc\">\n<li class=\"li1\">Puerto USB-C;<\/li>\n<li class=\"li1\">Componentes de circonio y silicona de alta temperatura;<\/li>\n<li class=\"li1\">C\u00e1mara de vaporizaci\u00f3n revestida de vidrio;<\/li>\n<li class=\"li1\">Pantalla LED y aplicaci\u00f3n Bluetooth;<\/li>\n<li class=\"li1\">5 a\u00f1os de garant\u00eda;<\/li>\n<\/ul>\n<div class=\"block-title text-white\">\n<h2><span style=\"text-decoration: underline\"><strong><br \/>Especificaciones t\u00e9cnicas del IQC DaVinci:<\/strong><\/span><\/h2>\n<\/div>\n<ul style=\"list-style-type: disc\">\n<li class=\"li1\">Control preciso de la temperatura 221&deg;C;<\/li>\n<li class=\"li1\">Tiempo de calentamiento de s\u00f3lo 30 segundos;<\/li>\n<li class=\"li1\">Bater\u00eda 18650 extra\u00edble;<\/li>\n<li class=\"li1\">Capacidad de la c\u00e1mara de vapor de 0,5gr;<\/li>\n<li class=\"li1\">Testado para metales pesados;<\/li>\n<\/ul>\n<p><strong><br \/>Incluido en la caja:<\/strong><\/p>\n<ul style=\"list-style-type: disc\">\n<li class=\"li1\">DaVinci IQC;<\/li>\n<li class=\"li1\">Bater\u00eda 18650;<\/li>\n<li class=\"li1\">2 pegatinas Davinci;<\/li>\n<li class=\"li1\">Instrucciones;<\/li>\n<li class=\"li1\">Boquilla plana;<\/li>\n<li class=\"li1\">Boquilla 10mm Adaptador de agua;<\/li>\n<li class=\"li1\">Dabber;<\/li>\n<li class=\"li1\">Toallitas empapadas en alcohol;<\/li>\n<li class=\"li1\">Cepillo;<\/li>\n<li class=\"li1\">Cable USB-USB-C de nylon trenzado;<\/li>\n<\/ul>\n","protected":false},"excerpt":{"rendered":"<p>El DaVinci IQC conserva el dise\u00f1o ic\u00f3nico de la marca y es una versi\u00f3n mejorada del muy popular IQ2. Muchos<\/p>\n","protected":false},"featured_media":158970,"comment_status":"open","ping_status":"closed","template":"","meta":[],"product_brand":[],"product_cat":[7908],"product_tag":[],"class_list":{"0":"post-158974","1":"product","2":"type-product","3":"status-publish","4":"has-post-thumbnail","6":"product_cat-vaporizadores","8":"first","9":"outofstock","10":"taxable","11":"shipping-taxable","12":"purchasable","13":"product-type-variable"},"aioseo_notices":[],"_links":{"self":[{"href":"https:\/\/www.budream.com\/es\/wp-json\/wp\/v2\/product\/158974","targetHints":{"allow":["GET"]}}],"collection":[{"href":"https:\/\/www.budream.com\/es\/wp-json\/wp\/v2\/product"}],"about":[{"href":"https:\/\/www.budream.com\/es\/wp-json\/wp\/v2\/types\/product"}],"replies":[{"embeddable":true,"href":"https:\/\/www.budream.com\/es\/wp-json\/wp\/v2\/comments?post=158974"}],"version-history":[{"count":0,"href":"https:\/\/www.budream.com\/es\/wp-json\/wp\/v2\/product\/158974\/revisions"}],"wp:featuredmedia":[{"embeddable":true,"href":"https:\/\/www.budream.com\/es\/wp-json\/wp\/v2\/media\/158970"}],"wp:attachment":[{"href":"https:\/\/www.budream.com\/es\/wp-json\/wp\/v2\/media?parent=158974"}],"wp:term":[{"taxonomy":"product_brand","embeddable":true,"href":"https:\/\/www.budream.com\/es\/wp-json\/wp\/v2\/product_brand?post=158974"},{"taxonomy":"product_cat","embeddable":true,"href":"https:\/\/www.budream.com\/es\/wp-json\/wp\/v2\/product_cat?post=158974"},{"taxonomy":"product_tag","embeddable":true,"href":"https:\/\/www.budream.com\/es\/wp-json\/wp\/v2\/product_tag?post=158974"}],"curies":[{"name":"wp","href":"https:\/\/api.w.org\/{rel}","templated":true}]}}