{"id":159642,"date":"2025-07-31T17:03:57","date_gmt":"2025-07-31T15:03:57","guid":{"rendered":"https:\/\/www.budream.com\/shop\/royal-queen-seeds-skunk-xl-fem-2\/"},"modified":"2026-05-14T08:58:39","modified_gmt":"2026-05-14T06:58:39","slug":"royal-queen-seeds-skunk-xl-fem-2","status":"publish","type":"product","link":"https:\/\/www.budream.com\/es\/shop\/royal-queen-seeds-skunk-xl-fem-2\/","title":{"rendered":"ROYAL QUEEN SEEDS &#8211; SKUNK XL FEM"},"content":{"rendered":"<div id=\"short_description_content\" class=\"rte short-description-product hidden-sm hidden-xs\">\n<p>Una de las variedades de cannabis verdaderamente cl\u00e1sicas, sent\u00f3 las bases gen\u00e9ticas de la mayor\u00eda de las semillas de marihuana que circulan hoy en d\u00eda. Originalmente, era un h\u00edbrido colombiano, mexicano y afgano que cre\u00f3 la gen\u00e9tica 50% Sativa 50% Indica.<\/p>\n<\/div>\n<h2><strong>Caracter\u00edsticas Skunk XL Royal Queen Seeds:<\/strong><\/h2>\n<ul style=\"list-style-type: disc\">\n<li><strong>G\u00e9nero:<\/strong> Feminizada<\/li>\n<li><strong>Genotipo:<\/strong> H\u00edbrido 50% Sativa 50% Indica<\/li>\n<li><strong>Gen\u00e9tica:<\/strong> Skunk 1 x Afgana<\/li>\n<li><strong>D\u00edas:<\/strong> 49-66<\/li>\n<\/ul>\n<p><em><strong>ADVERTENCIA:<\/strong> Las semillas de c\u00e1\u00f1amo est\u00e1n excluidas de la noci\u00f3n legal de Cannabis, lo que significa que no deben considerarse una sustancia estupefaciente (L. 412 de 1974, Art. 1, p\u00e1rrafo 1, lett. B; Convenci\u00f3n \u00danica sobre Estupefacientes de Nueva York de 1961 y tabla II del Decreto Ministerial 27\/7\/1992). En Italia, el cultivo del c\u00e1\u00f1amo est\u00e1 prohibido (art\u00edculos 28 y 73 del Decreto Presidencial 309\/90) a menos que se obtenga una autorizaci\u00f3n especial (art\u00edculo 17 del Decreto Presidencial 309\/90). A falta de autorizaci\u00f3n, las semillas s\u00f3lo pueden utilizarse para otros fines (zoot\u00e9cnicos, recolecci\u00f3n, etc.). Las semillas se venden con la reserva de que no sean utilizadas por terceros en conflicto con la ley.<\/em><\/p>\n","protected":false},"excerpt":{"rendered":"<p>Una de las variedades de cannabis verdaderamente cl\u00e1sicas, sent\u00f3 las bases gen\u00e9ticas de la mayor\u00eda de las semillas de marihuana<\/p>\n","protected":false},"featured_media":159628,"comment_status":"open","ping_status":"closed","template":"","meta":[],"product_brand":[],"product_cat":[7953],"product_tag":[],"class_list":{"0":"post-159642","1":"product","2":"type-product","3":"status-publish","4":"has-post-thumbnail","6":"product_cat-seedshop-es","8":"first","9":"instock","10":"sale","11":"taxable","12":"shipping-taxable","13":"purchasable","14":"product-type-variable"},"aioseo_notices":[],"_links":{"self":[{"href":"https:\/\/www.budream.com\/es\/wp-json\/wp\/v2\/product\/159642","targetHints":{"allow":["GET"]}}],"collection":[{"href":"https:\/\/www.budream.com\/es\/wp-json\/wp\/v2\/product"}],"about":[{"href":"https:\/\/www.budream.com\/es\/wp-json\/wp\/v2\/types\/product"}],"replies":[{"embeddable":true,"href":"https:\/\/www.budream.com\/es\/wp-json\/wp\/v2\/comments?post=159642"}],"version-history":[{"count":1,"href":"https:\/\/www.budream.com\/es\/wp-json\/wp\/v2\/product\/159642\/revisions"}],"predecessor-version":[{"id":272297,"href":"https:\/\/www.budream.com\/es\/wp-json\/wp\/v2\/product\/159642\/revisions\/272297"}],"wp:featuredmedia":[{"embeddable":true,"href":"https:\/\/www.budream.com\/es\/wp-json\/wp\/v2\/media\/159628"}],"wp:attachment":[{"href":"https:\/\/www.budream.com\/es\/wp-json\/wp\/v2\/media?parent=159642"}],"wp:term":[{"taxonomy":"product_brand","embeddable":true,"href":"https:\/\/www.budream.com\/es\/wp-json\/wp\/v2\/product_brand?post=159642"},{"taxonomy":"product_cat","embeddable":true,"href":"https:\/\/www.budream.com\/es\/wp-json\/wp\/v2\/product_cat?post=159642"},{"taxonomy":"product_tag","embeddable":true,"href":"https:\/\/www.budream.com\/es\/wp-json\/wp\/v2\/product_tag?post=159642"}],"curies":[{"name":"wp","href":"https:\/\/api.w.org\/{rel}","templated":true}]}}