{"id":160174,"date":"2025-07-31T17:25:44","date_gmt":"2025-07-31T15:25:44","guid":{"rendered":"https:\/\/www.budream.com\/shop\/royal-queen-seeds-amnesia-haze-auto\/"},"modified":"2026-03-10T15:08:32","modified_gmt":"2026-03-10T13:08:32","slug":"royal-queen-seeds-amnesia-haze-auto","status":"publish","type":"product","link":"https:\/\/www.budream.com\/es\/shop\/royal-queen-seeds-amnesia-haze-auto\/","title":{"rendered":"ROYAL QUEEN SEEDS &#8211; AMNESIA HAZE AUTO"},"content":{"rendered":"<p>Cuando la gen\u00e9tica Haze empez\u00f3 a abrirse camino en Holanda, una cepa expatriada de Am\u00e9rica dio lugar a un nuevo h\u00edbrido que lleg\u00f3 a dominar el mercado: la Amnesia Haze.<\/p>\n<h2><strong>Caracter\u00edsticas Amnesia Haze Auto Royal Queen Seeds:<\/strong><\/h2>\n<ul style=\"list-style-type: disc\">\n<li><strong>G\u00e9nero:<\/strong> Autofloreciente Feminizada<\/li>\n<li><strong>Genotipo:<\/strong> H\u00edbrido 50% Sativa 20% Indica 30% Ruderalis<\/li>\n<li><strong>Gen\u00e9tica:<\/strong> Amnesia (original Hi-Pro) x Ruderalis<\/li>\n<li><strong>D\u00edas:<\/strong> 70-84<\/li>\n<\/ul>\n<p><em><strong>ADVERTENCIA:<\/strong> Las semillas de c\u00e1\u00f1amo est\u00e1n excluidas de la noci\u00f3n legal de Cannabis, lo que significa que no deben considerarse una sustancia estupefaciente (L. 412 de 1974, Art. 1, p\u00e1rrafo 1, lett. B; Convenci\u00f3n \u00danica sobre Estupefacientes de Nueva York de 1961 y tabla II del Decreto Ministerial 27\/7\/1992). En Italia, el cultivo del c\u00e1\u00f1amo est\u00e1 prohibido (art\u00edculos 28 y 73 del Decreto Presidencial 309\/90) a menos que se obtenga una autorizaci\u00f3n especial (art\u00edculo 17 del Decreto Presidencial 309\/90). A falta de autorizaci\u00f3n, las semillas s\u00f3lo pueden utilizarse para otros fines (zoot\u00e9cnicos, recolecci\u00f3n, etc.). Las semillas se venden con la reserva de que no ser\u00e1n utilizadas por terceros en conflicto con la ley.<\/em><\/p>\n","protected":false},"excerpt":{"rendered":"<p>Cuando la gen\u00e9tica Haze empez\u00f3 a abrirse camino en Holanda, una cepa expatriada de Am\u00e9rica dio lugar a un nuevo<\/p>\n","protected":false},"featured_media":160165,"comment_status":"open","ping_status":"closed","template":"","meta":[],"product_brand":[],"product_cat":[7953],"product_tag":[],"class_list":{"0":"post-160174","1":"product","2":"type-product","3":"status-publish","4":"has-post-thumbnail","6":"product_cat-seedshop-es","8":"first","9":"instock","10":"taxable","11":"shipping-taxable","12":"purchasable","13":"product-type-variable"},"_links":{"self":[{"href":"https:\/\/www.budream.com\/es\/wp-json\/wp\/v2\/product\/160174","targetHints":{"allow":["GET"]}}],"collection":[{"href":"https:\/\/www.budream.com\/es\/wp-json\/wp\/v2\/product"}],"about":[{"href":"https:\/\/www.budream.com\/es\/wp-json\/wp\/v2\/types\/product"}],"replies":[{"embeddable":true,"href":"https:\/\/www.budream.com\/es\/wp-json\/wp\/v2\/comments?post=160174"}],"version-history":[{"count":0,"href":"https:\/\/www.budream.com\/es\/wp-json\/wp\/v2\/product\/160174\/revisions"}],"wp:featuredmedia":[{"embeddable":true,"href":"https:\/\/www.budream.com\/es\/wp-json\/wp\/v2\/media\/160165"}],"wp:attachment":[{"href":"https:\/\/www.budream.com\/es\/wp-json\/wp\/v2\/media?parent=160174"}],"wp:term":[{"taxonomy":"product_brand","embeddable":true,"href":"https:\/\/www.budream.com\/es\/wp-json\/wp\/v2\/product_brand?post=160174"},{"taxonomy":"product_cat","embeddable":true,"href":"https:\/\/www.budream.com\/es\/wp-json\/wp\/v2\/product_cat?post=160174"},{"taxonomy":"product_tag","embeddable":true,"href":"https:\/\/www.budream.com\/es\/wp-json\/wp\/v2\/product_tag?post=160174"}],"curies":[{"name":"wp","href":"https:\/\/api.w.org\/{rel}","templated":true}]}}