{"id":161607,"date":"2025-07-31T18:28:19","date_gmt":"2025-07-31T16:28:19","guid":{"rendered":"https:\/\/www.budream.com\/shop\/royal-queen-seeds-do-si-dos-automatic-fem\/"},"modified":"2026-03-11T21:21:48","modified_gmt":"2026-03-11T19:21:48","slug":"royal-queen-seeds-do-si-dos-automatic-fem","status":"publish","type":"product","link":"https:\/\/www.budream.com\/es\/shop\/royal-queen-seeds-do-si-dos-automatic-fem\/","title":{"rendered":"ROYAL QUEEN SEEDS &#8211; DO-SI-DOS AUTOMATIC FEM"},"content":{"rendered":"<p>Do-Si-Dos Automatic fusiona las mejores caracter\u00edsticas de la cepa original con la eficacia de la gen\u00e9tica autofloreciente.<br \/>Cruzando esta \u00faltima con Cookies Auto, hemos producido un esp\u00e9cimen r\u00e1pido y compacto. Tras varias generaciones de estabilizaci\u00f3n de la variedad, surgi\u00f3 un cultivar de predominancia \u00edndica con una gen\u00e9tica 60% \u00edndica, 35% sativa y 5% ruderalis.<\/p>\n<p><\/p>\n<h2><strong>Caracter\u00edsticas Do-Si-Dos Automatic Royal Queen Seeds:<\/strong><\/h2>\n<ul style=\"list-style-type: disc\">\n<li><strong>G\u00e9nero:<\/strong> Autofloreciente Feminizada<\/li>\n<li><strong>Genotipo:<\/strong> H\u00edbrido 35% Sativa 60% Indica 5% Ruderalis<\/li>\n<li><strong>Gen\u00e9tica:<\/strong> Do-Si-Dos x Cookies Auto<\/li>\n<li><strong>D\u00edas:<\/strong> 56 &#8211; 63<\/li>\n<\/ul>\n<p><em><strong>ADVERTENCIA:<\/strong> Las semillas de c\u00e1\u00f1amo est\u00e1n excluidas de la noci\u00f3n legal de Cannabis, lo que significa que no deben considerarse una sustancia estupefaciente (L. 412 de 1974, Art. 1, p\u00e1rrafo 1, lett. B; Convenci\u00f3n \u00danica sobre Estupefacientes de Nueva York de 1961 y tabla II del Decreto Ministerial 27\/7\/1992). En Italia, el cultivo del c\u00e1\u00f1amo est\u00e1 prohibido (art\u00edculos 28 y 73 del Decreto Presidencial 309\/90) a menos que se obtenga una autorizaci\u00f3n especial (art\u00edculo 17 del Decreto Presidencial 309\/90). A falta de autorizaci\u00f3n, las semillas s\u00f3lo pueden utilizarse para otros fines (zoot\u00e9cnicos, recolecci\u00f3n, etc.). Las semillas se venden con la reserva de que no ser\u00e1n utilizadas por terceros en conflicto con la ley.<\/em><\/p>\n","protected":false},"excerpt":{"rendered":"<p>Do-Si-Dos Automatic fusiona las mejores caracter\u00edsticas de la cepa original con la eficacia de la gen\u00e9tica autofloreciente.Cruzando esta \u00faltima con<\/p>\n","protected":false},"featured_media":161598,"comment_status":"open","ping_status":"closed","template":"","meta":[],"product_brand":[],"product_cat":[1175],"product_tag":[],"class_list":{"0":"post-161607","1":"product","2":"type-product","3":"status-publish","4":"has-post-thumbnail","6":"product_cat-seedshop","8":"first","9":"instock","10":"taxable","11":"shipping-taxable","12":"purchasable","13":"product-type-variable"},"aioseo_notices":[],"_links":{"self":[{"href":"https:\/\/www.budream.com\/es\/wp-json\/wp\/v2\/product\/161607","targetHints":{"allow":["GET"]}}],"collection":[{"href":"https:\/\/www.budream.com\/es\/wp-json\/wp\/v2\/product"}],"about":[{"href":"https:\/\/www.budream.com\/es\/wp-json\/wp\/v2\/types\/product"}],"replies":[{"embeddable":true,"href":"https:\/\/www.budream.com\/es\/wp-json\/wp\/v2\/comments?post=161607"}],"version-history":[{"count":0,"href":"https:\/\/www.budream.com\/es\/wp-json\/wp\/v2\/product\/161607\/revisions"}],"wp:featuredmedia":[{"embeddable":true,"href":"https:\/\/www.budream.com\/es\/wp-json\/wp\/v2\/media\/161598"}],"wp:attachment":[{"href":"https:\/\/www.budream.com\/es\/wp-json\/wp\/v2\/media?parent=161607"}],"wp:term":[{"taxonomy":"product_brand","embeddable":true,"href":"https:\/\/www.budream.com\/es\/wp-json\/wp\/v2\/product_brand?post=161607"},{"taxonomy":"product_cat","embeddable":true,"href":"https:\/\/www.budream.com\/es\/wp-json\/wp\/v2\/product_cat?post=161607"},{"taxonomy":"product_tag","embeddable":true,"href":"https:\/\/www.budream.com\/es\/wp-json\/wp\/v2\/product_tag?post=161607"}],"curies":[{"name":"wp","href":"https:\/\/api.w.org\/{rel}","templated":true}]}}