{"id":161886,"date":"2025-07-31T18:38:47","date_gmt":"2025-07-31T16:38:47","guid":{"rendered":"https:\/\/www.budream.com\/shop\/royal-queen-seeds-royal-haze-automatic-fem\/"},"modified":"2026-05-14T11:19:10","modified_gmt":"2026-05-14T09:19:10","slug":"royal-queen-seeds-royal-haze-automatic-fem","status":"publish","type":"product","link":"https:\/\/www.budream.com\/es\/shop\/royal-queen-seeds-royal-haze-automatic-fem\/","title":{"rendered":"ROYAL QUEEN SEEDS &#8211; ROYAL HAZE AUTOMATIC FEM"},"content":{"rendered":"<p>Royal Haze Automatic ofrece las mejores caracter\u00edsticas de Haze y Skunk en un paquete autofloreciente f\u00e1cil de cultivar. Nuestros expertos criadores crearon esta gen\u00e9tica cruzando dos de las cepas m\u00e1s populares del momento: Amnesia Haze y Kush.<\/p>\n<h2><strong>Caracter\u00edsticas de Royal Haze Automatic Royal Queen Seeds:<\/strong><\/h2>\n<ul style=\"list-style-type: disc\">\n<li><strong>G\u00e9nero:<\/strong> Feminizada Autofloreciente<\/li>\n<li><strong>Genotipo:<\/strong> H\u00edbrido 20% Sativa 55% Indica 25% Ruderalis<\/li>\n<li><strong>Gen\u00e9tica:<\/strong> Amnesia Haze x Skunk x Ruderalis<\/li>\n<li><strong>D\u00edas:<\/strong> 45-55<\/li>\n<\/ul>\n<p><em><strong>ADVERTENCIA:<\/strong> Las semillas de c\u00e1\u00f1amo est\u00e1n excluidas de la noci\u00f3n legal de Cannabis, lo que significa que no deben considerarse una sustancia estupefaciente (L. 412 de 1974, art. 1, p\u00e1rrafo 1, lett. B; Convenci\u00f3n \u00danica sobre Estupefacientes de Nueva York de 1961 y tabla II del Decreto Ministerial 27\/7\/1992). En Italia, el cultivo del c\u00e1\u00f1amo est\u00e1 prohibido (art\u00edculos 28 y 73 del Decreto Presidencial 309\/90) a menos que se obtenga una autorizaci\u00f3n especial (art\u00edculo 17 del Decreto Presidencial 309\/90). A falta de autorizaci\u00f3n, las semillas s\u00f3lo pueden utilizarse para otros fines (zoot\u00e9cnicos, recolecci\u00f3n, etc.). Las semillas se venden con la reserva de que no sean utilizadas por terceros en conflicto con la ley.<\/em><\/p>\n","protected":false},"excerpt":{"rendered":"<p>Royal Haze Automatic ofrece las mejores caracter\u00edsticas de Haze y Skunk en un paquete autofloreciente f\u00e1cil de cultivar. Nuestros expertos<\/p>\n","protected":false},"featured_media":161877,"comment_status":"open","ping_status":"closed","template":"","meta":[],"product_brand":[],"product_cat":[7953],"product_tag":[],"class_list":{"0":"post-161886","1":"product","2":"type-product","3":"status-publish","4":"has-post-thumbnail","6":"product_cat-seedshop-es","8":"first","9":"instock","10":"sale","11":"taxable","12":"shipping-taxable","13":"purchasable","14":"product-type-variable"},"aioseo_notices":[],"_links":{"self":[{"href":"https:\/\/www.budream.com\/es\/wp-json\/wp\/v2\/product\/161886","targetHints":{"allow":["GET"]}}],"collection":[{"href":"https:\/\/www.budream.com\/es\/wp-json\/wp\/v2\/product"}],"about":[{"href":"https:\/\/www.budream.com\/es\/wp-json\/wp\/v2\/types\/product"}],"replies":[{"embeddable":true,"href":"https:\/\/www.budream.com\/es\/wp-json\/wp\/v2\/comments?post=161886"}],"version-history":[{"count":1,"href":"https:\/\/www.budream.com\/es\/wp-json\/wp\/v2\/product\/161886\/revisions"}],"predecessor-version":[{"id":272492,"href":"https:\/\/www.budream.com\/es\/wp-json\/wp\/v2\/product\/161886\/revisions\/272492"}],"wp:featuredmedia":[{"embeddable":true,"href":"https:\/\/www.budream.com\/es\/wp-json\/wp\/v2\/media\/161877"}],"wp:attachment":[{"href":"https:\/\/www.budream.com\/es\/wp-json\/wp\/v2\/media?parent=161886"}],"wp:term":[{"taxonomy":"product_brand","embeddable":true,"href":"https:\/\/www.budream.com\/es\/wp-json\/wp\/v2\/product_brand?post=161886"},{"taxonomy":"product_cat","embeddable":true,"href":"https:\/\/www.budream.com\/es\/wp-json\/wp\/v2\/product_cat?post=161886"},{"taxonomy":"product_tag","embeddable":true,"href":"https:\/\/www.budream.com\/es\/wp-json\/wp\/v2\/product_tag?post=161886"}],"curies":[{"name":"wp","href":"https:\/\/api.w.org\/{rel}","templated":true}]}}