{"id":161945,"date":"2025-07-31T18:41:25","date_gmt":"2025-07-31T16:41:25","guid":{"rendered":"https:\/\/www.budream.com\/shop\/semillas-royal-queen-royal-jack-automatica-fem-2\/"},"modified":"2026-03-27T14:03:53","modified_gmt":"2026-03-27T12:03:53","slug":"semillas-royal-queen-royal-jack-automatica-fem-2","status":"publish","type":"product","link":"https:\/\/www.budream.com\/es\/shop\/semillas-royal-queen-royal-jack-automatica-fem-2\/","title":{"rendered":"SEMILLAS ROYAL QUEEN &#8211; ROYAL JACK AUTOMATICA FEM"},"content":{"rendered":"<p>Jack Herer es una variedad extraordinaria que lleva el nombre de una persona igualmente extraordinaria: el incansable activista a favor de la legalizaci\u00f3n y autor del libro \u00abEl emperador no viste ropa\u00bb, tambi\u00e9n llamado la Biblia del c\u00e1\u00f1amo. La variedad fotoperi\u00f3dica original fue apreciada por los entendidos del cannabis de todo el mundo y ahora est\u00e1 disponible en un formato autofloreciente m\u00e1s f\u00e1cil de cultivar: Royal Jack Automatic.<\/p>\n<h2><strong>Caracter\u00edsticas Royal Jack Automatic Royal Queen Seeds:<\/strong><\/h2>\n<ul style=\"list-style-type: disc\">\n<li><strong>G\u00e9nero:<\/strong> Autofloreciente Feminizada<\/li>\n<li><strong>Genotipo:<\/strong> H\u00edbrido 40% Sativa 30% Indica 30% Ruderalis<\/li>\n<li><strong>Gen\u00e9tica:<\/strong> Jack Herer x Ruderalis<\/li>\n<li><strong>D\u00edas:<\/strong> 60-70<\/li>\n<\/ul>\n<p><em><strong>ADVERTENCIA:<\/strong> Las semillas de c\u00e1\u00f1amo est\u00e1n excluidas de la noci\u00f3n legal de Cannabis, lo que significa que no deben considerarse una sustancia estupefaciente (L. 412 de 1974, art. 1, p\u00e1rrafo 1, lett. B; Convenci\u00f3n \u00danica sobre Estupefacientes de Nueva York de 1961 y tabla II del Decreto Ministerial 27\/7\/1992). En Italia, el cultivo del c\u00e1\u00f1amo est\u00e1 prohibido (art\u00edculos 28 y 73 del Decreto Presidencial 309\/90) a menos que se obtenga una autorizaci\u00f3n especial (art\u00edculo 17 del Decreto Presidencial 309\/90). A falta de autorizaci\u00f3n, las semillas s\u00f3lo pueden utilizarse para otros fines (zoot\u00e9cnicos, recolecci\u00f3n, etc.). Las semillas se venden con la reserva de que no ser\u00e1n utilizadas por terceros en conflicto con la ley.<\/em><\/p>\n","protected":false},"excerpt":{"rendered":"<p>Jack Herer es una variedad extraordinaria que lleva el nombre de una persona igualmente extraordinaria: el incansable activista a favor<\/p>\n","protected":false},"featured_media":161929,"comment_status":"open","ping_status":"closed","template":"","meta":[],"product_brand":[],"product_cat":[7953],"product_tag":[],"class_list":{"0":"post-161945","1":"product","2":"type-product","3":"status-publish","4":"has-post-thumbnail","6":"product_cat-seedshop-es","8":"first","9":"instock","10":"taxable","11":"shipping-taxable","12":"purchasable","13":"product-type-variable"},"aioseo_notices":[],"_links":{"self":[{"href":"https:\/\/www.budream.com\/es\/wp-json\/wp\/v2\/product\/161945","targetHints":{"allow":["GET"]}}],"collection":[{"href":"https:\/\/www.budream.com\/es\/wp-json\/wp\/v2\/product"}],"about":[{"href":"https:\/\/www.budream.com\/es\/wp-json\/wp\/v2\/types\/product"}],"replies":[{"embeddable":true,"href":"https:\/\/www.budream.com\/es\/wp-json\/wp\/v2\/comments?post=161945"}],"version-history":[{"count":0,"href":"https:\/\/www.budream.com\/es\/wp-json\/wp\/v2\/product\/161945\/revisions"}],"wp:featuredmedia":[{"embeddable":true,"href":"https:\/\/www.budream.com\/es\/wp-json\/wp\/v2\/media\/161929"}],"wp:attachment":[{"href":"https:\/\/www.budream.com\/es\/wp-json\/wp\/v2\/media?parent=161945"}],"wp:term":[{"taxonomy":"product_brand","embeddable":true,"href":"https:\/\/www.budream.com\/es\/wp-json\/wp\/v2\/product_brand?post=161945"},{"taxonomy":"product_cat","embeddable":true,"href":"https:\/\/www.budream.com\/es\/wp-json\/wp\/v2\/product_cat?post=161945"},{"taxonomy":"product_tag","embeddable":true,"href":"https:\/\/www.budream.com\/es\/wp-json\/wp\/v2\/product_tag?post=161945"}],"curies":[{"name":"wp","href":"https:\/\/api.w.org\/{rel}","templated":true}]}}