{"id":162006,"date":"2025-07-31T18:43:35","date_gmt":"2025-07-31T16:43:35","guid":{"rendered":"https:\/\/www.budream.com\/shop\/royal-queen-seeds-royal-kush-automatic-fem\/"},"modified":"2026-03-27T14:38:31","modified_gmt":"2026-03-27T12:38:31","slug":"royal-queen-seeds-royal-kush-automatic-fem","status":"publish","type":"product","link":"https:\/\/www.budream.com\/es\/shop\/royal-queen-seeds-royal-kush-automatic-fem\/","title":{"rendered":"ROYAL QUEEN SEEDS &#8211; ROYAL KUSH AUTOMATIC FEM"},"content":{"rendered":"<p>Tan r\u00e1pida y f\u00e1cil como todas nuestras variedades autoflorecientes, Royal Kush Automatic a\u00f1ade un toque de Kush a una mezcla autofloreciente ya probada. El penetrante olor de los cogollos Kush perfectamente curtidos anticipa los embriagadores y estimulantes efectos que le siguen.<\/p>\n<h2><strong>Caracter\u00edsticas de Royal Kush Automatic Royal Queen Seeds:<\/strong><\/h2>\n<ul style=\"list-style-type: disc\">\n<li><strong>G\u00e9nero:<\/strong> Autofloreciente feminizada<\/li>\n<li><strong>Genotipo:<\/strong> H\u00edbrido 55% Sativa 10% Indica 35% Ruderalis<\/li>\n<li><strong>Gen\u00e9tica<\/strong>: Kush x Ruderalis<\/li>\n<li><strong>D\u00edas:<\/strong> 35-50<\/li>\n<\/ul>\n<p><em><strong>ADVERTENCIA:<\/strong> Las semillas de c\u00e1\u00f1amo est\u00e1n excluidas de la noci\u00f3n legal de Cannabis, lo que significa que no deben considerarse una sustancia estupefaciente (L. 412 de 1974, art. 1, p\u00e1rrafo 1, lett. B; Convenci\u00f3n \u00danica sobre Estupefacientes de Nueva York de 1961 y tabla II del Decreto Ministerial 27\/7\/1992). En Italia, el cultivo del c\u00e1\u00f1amo est\u00e1 prohibido (art\u00edculos 28 y 73 del Decreto Presidencial 309\/90) a menos que se obtenga una autorizaci\u00f3n especial (art\u00edculo 17 del Decreto Presidencial 309\/90). A falta de autorizaci\u00f3n, las semillas s\u00f3lo pueden utilizarse para otros fines (zoot\u00e9cnicos, recolecci\u00f3n, etc.). Las semillas se venden con la reserva de que no sean utilizadas por terceros en conflicto con la ley.<\/em><\/p>\n","protected":false},"excerpt":{"rendered":"<p>Tan r\u00e1pida y f\u00e1cil como todas nuestras variedades autoflorecientes, Royal Kush Automatic a\u00f1ade un toque de Kush a una mezcla<\/p>\n","protected":false},"featured_media":161994,"comment_status":"open","ping_status":"closed","template":"","meta":[],"product_brand":[],"product_cat":[7953],"product_tag":[],"class_list":{"0":"post-162006","1":"product","2":"type-product","3":"status-publish","4":"has-post-thumbnail","6":"product_cat-seedshop-es","8":"first","9":"instock","10":"sale","11":"taxable","12":"shipping-taxable","13":"purchasable","14":"product-type-variable"},"aioseo_notices":[],"_links":{"self":[{"href":"https:\/\/www.budream.com\/es\/wp-json\/wp\/v2\/product\/162006","targetHints":{"allow":["GET"]}}],"collection":[{"href":"https:\/\/www.budream.com\/es\/wp-json\/wp\/v2\/product"}],"about":[{"href":"https:\/\/www.budream.com\/es\/wp-json\/wp\/v2\/types\/product"}],"replies":[{"embeddable":true,"href":"https:\/\/www.budream.com\/es\/wp-json\/wp\/v2\/comments?post=162006"}],"version-history":[{"count":0,"href":"https:\/\/www.budream.com\/es\/wp-json\/wp\/v2\/product\/162006\/revisions"}],"wp:featuredmedia":[{"embeddable":true,"href":"https:\/\/www.budream.com\/es\/wp-json\/wp\/v2\/media\/161994"}],"wp:attachment":[{"href":"https:\/\/www.budream.com\/es\/wp-json\/wp\/v2\/media?parent=162006"}],"wp:term":[{"taxonomy":"product_brand","embeddable":true,"href":"https:\/\/www.budream.com\/es\/wp-json\/wp\/v2\/product_brand?post=162006"},{"taxonomy":"product_cat","embeddable":true,"href":"https:\/\/www.budream.com\/es\/wp-json\/wp\/v2\/product_cat?post=162006"},{"taxonomy":"product_tag","embeddable":true,"href":"https:\/\/www.budream.com\/es\/wp-json\/wp\/v2\/product_tag?post=162006"}],"curies":[{"name":"wp","href":"https:\/\/api.w.org\/{rel}","templated":true}]}}