{"id":162065,"date":"2025-07-31T18:45:38","date_gmt":"2025-07-31T16:45:38","guid":{"rendered":"https:\/\/www.budream.com\/shop\/kit-de-extraccion-con-hielo-pequeno-lavadora-pequena-con-bolsas-de-extraccion\/"},"modified":"2026-01-07T17:37:35","modified_gmt":"2026-01-07T15:37:35","slug":"kit-de-extraccion-con-hielo-pequeno-lavadora-pequena-con-bolsas-de-extraccion","status":"publish","type":"product","link":"https:\/\/www.budream.com\/es\/shop\/kit-de-extraccion-con-hielo-pequeno-lavadora-pequena-con-bolsas-de-extraccion\/","title":{"rendered":"KIT DE EXTRACCION CON HIELO PEQUE\u00d1O &#8211; LAVADORA PEQUE\u00d1A CON BOLSAS DE EXTRACCI\u00d3N"},"content":{"rendered":"","protected":false},"excerpt":{"rendered":"","protected":false},"featured_media":162061,"comment_status":"open","ping_status":"closed","template":"","meta":[],"product_brand":[],"product_cat":[7948],"product_tag":[],"class_list":{"0":"post-162065","1":"product","2":"type-product","3":"status-publish","4":"has-post-thumbnail","6":"product_cat-headshop-es","8":"first","9":"instock","10":"taxable","11":"shipping-taxable","12":"purchasable","13":"product-type-variable"},"aioseo_notices":[],"_links":{"self":[{"href":"https:\/\/www.budream.com\/es\/wp-json\/wp\/v2\/product\/162065","targetHints":{"allow":["GET"]}}],"collection":[{"href":"https:\/\/www.budream.com\/es\/wp-json\/wp\/v2\/product"}],"about":[{"href":"https:\/\/www.budream.com\/es\/wp-json\/wp\/v2\/types\/product"}],"replies":[{"embeddable":true,"href":"https:\/\/www.budream.com\/es\/wp-json\/wp\/v2\/comments?post=162065"}],"version-history":[{"count":0,"href":"https:\/\/www.budream.com\/es\/wp-json\/wp\/v2\/product\/162065\/revisions"}],"wp:featuredmedia":[{"embeddable":true,"href":"https:\/\/www.budream.com\/es\/wp-json\/wp\/v2\/media\/162061"}],"wp:attachment":[{"href":"https:\/\/www.budream.com\/es\/wp-json\/wp\/v2\/media?parent=162065"}],"wp:term":[{"taxonomy":"product_brand","embeddable":true,"href":"https:\/\/www.budream.com\/es\/wp-json\/wp\/v2\/product_brand?post=162065"},{"taxonomy":"product_cat","embeddable":true,"href":"https:\/\/www.budream.com\/es\/wp-json\/wp\/v2\/product_cat?post=162065"},{"taxonomy":"product_tag","embeddable":true,"href":"https:\/\/www.budream.com\/es\/wp-json\/wp\/v2\/product_tag?post=162065"}],"curies":[{"name":"wp","href":"https:\/\/api.w.org\/{rel}","templated":true}]}}