{"id":162272,"date":"2025-07-31T18:51:28","date_gmt":"2025-07-31T16:51:28","guid":{"rendered":"https:\/\/www.budream.com\/shop\/barneys-farm-amnesia-haze-auto-fem\/"},"modified":"2026-04-27T14:44:06","modified_gmt":"2026-04-27T12:44:06","slug":"barneys-farm-amnesia-haze-auto-fem","status":"publish","type":"product","link":"https:\/\/www.budream.com\/es\/shop\/barneys-farm-amnesia-haze-auto-fem\/","title":{"rendered":"BARNEY&#8217;S FARM &#8211; AMNESIA HAZE AUTO FEM"},"content":{"rendered":"<p>AMNESIA HAZE AUTO&trade; es probablemente uno de los lanzamientos m\u00e1s emocionantes que Barney&#8217;s Farm ha sacado al mercado en mucho tiempo, una evoluci\u00f3n muy esperada y ansiada de un verdadero cl\u00e1sico. La ascendencia de la gen\u00e9tica de la AMNESIA HAZE es realmente impresionante, cruzando variedades aut\u00f3ctonas del sudeste asi\u00e1tico (tailandesa, camboyana, laosiana) una pizca de variedades Haze jamaicanas complementadas con el acelerador de la gen\u00e9tica afgana-hawaiana. Hace casi dos d\u00e9cadas, Soma cedi\u00f3 uno de sus mejores fenotipos de AMNESIA HAZE a Barneys Farm Labs. Esta gen\u00e9tica legendaria, que ha dominado la escena de Amsterdam desde que Barney&#8217;s gan\u00f3 la High Times Cup en 2004, ha permanecido silenciosa en un segundo plano soportando una compleja fusi\u00f3n con nuestra BF Super Auto #1.<\/p>\n<h2><strong>Caracter\u00edsticas Amnesia Haze Auto Fem:<\/strong><\/h2>\n<ul style=\"list-style-type: disc\">\n<li><strong>G\u00e9nero:<\/strong> Autofloreciente feminizada<\/li>\n<li><strong>Genotipo:<\/strong> 20% Indica \/ 80% Sativa<\/li>\n<li><strong>Gen\u00e9tica:<\/strong> Amnesia Haze x BF Super Auto #1<\/li>\n<li>D\u00edas<strong>:<\/strong> 65 d\u00edas<\/li>\n<\/ul>\n<p><span style=\"font-size: 11pt\"><em><strong>ADVERTENCIA:<\/strong> Las semillas de c\u00e1\u00f1amo est\u00e1n excluidas de la noci\u00f3n legal de Cannabis, lo que significa que no deben considerarse una sustancia estupefaciente (L. 412 de 1974, art. 1, p\u00e1rrafo 1, lett. B; Convenci\u00f3n \u00danica sobre Estupefacientes de Nueva York de 1961 y tabla II del Decreto Ministerial 27\/7\/1992). En Italia, el cultivo del c\u00e1\u00f1amo est\u00e1 prohibido (art\u00edculos 28 y 73 del Decreto Presidencial 309\/90) a menos que se obtenga una autorizaci\u00f3n especial (art\u00edculo 17 del Decreto Presidencial 309\/90). A falta de autorizaci\u00f3n, las semillas s\u00f3lo pueden utilizarse para otros fines (zoot\u00e9cnicos, recolecci\u00f3n, etc.). Las semillas se venden con la reserva de que no sean utilizadas por terceros en conflicto con la ley.<\/em><\/span><\/p>\n","protected":false},"excerpt":{"rendered":"<p>AMNESIA HAZE AUTO&trade; es probablemente uno de los lanzamientos m\u00e1s emocionantes que Barney&#8217;s Farm ha sacado al mercado en mucho<\/p>\n","protected":false},"featured_media":162263,"comment_status":"open","ping_status":"closed","template":"","meta":[],"product_brand":[],"product_cat":[1175],"product_tag":[],"class_list":{"0":"post-162272","1":"product","2":"type-product","3":"status-publish","4":"has-post-thumbnail","6":"product_cat-seedshop","8":"first","9":"instock","10":"taxable","11":"shipping-taxable","12":"purchasable","13":"product-type-variable"},"aioseo_notices":[],"_links":{"self":[{"href":"https:\/\/www.budream.com\/es\/wp-json\/wp\/v2\/product\/162272","targetHints":{"allow":["GET"]}}],"collection":[{"href":"https:\/\/www.budream.com\/es\/wp-json\/wp\/v2\/product"}],"about":[{"href":"https:\/\/www.budream.com\/es\/wp-json\/wp\/v2\/types\/product"}],"replies":[{"embeddable":true,"href":"https:\/\/www.budream.com\/es\/wp-json\/wp\/v2\/comments?post=162272"}],"version-history":[{"count":1,"href":"https:\/\/www.budream.com\/es\/wp-json\/wp\/v2\/product\/162272\/revisions"}],"predecessor-version":[{"id":265672,"href":"https:\/\/www.budream.com\/es\/wp-json\/wp\/v2\/product\/162272\/revisions\/265672"}],"wp:featuredmedia":[{"embeddable":true,"href":"https:\/\/www.budream.com\/es\/wp-json\/wp\/v2\/media\/162263"}],"wp:attachment":[{"href":"https:\/\/www.budream.com\/es\/wp-json\/wp\/v2\/media?parent=162272"}],"wp:term":[{"taxonomy":"product_brand","embeddable":true,"href":"https:\/\/www.budream.com\/es\/wp-json\/wp\/v2\/product_brand?post=162272"},{"taxonomy":"product_cat","embeddable":true,"href":"https:\/\/www.budream.com\/es\/wp-json\/wp\/v2\/product_cat?post=162272"},{"taxonomy":"product_tag","embeddable":true,"href":"https:\/\/www.budream.com\/es\/wp-json\/wp\/v2\/product_tag?post=162272"}],"curies":[{"name":"wp","href":"https:\/\/api.w.org\/{rel}","templated":true}]}}