{"id":162326,"date":"2025-07-31T18:53:12","date_gmt":"2025-07-31T16:53:12","guid":{"rendered":"https:\/\/www.budream.com\/shop\/barneys-farm-moby-dick-auto-fem-2\/"},"modified":"2026-04-16T12:00:26","modified_gmt":"2026-04-16T10:00:26","slug":"barneys-farm-moby-dick-auto-fem-2","status":"publish","type":"product","link":"https:\/\/www.budream.com\/es\/shop\/barneys-farm-moby-dick-auto-fem-2\/","title":{"rendered":"BARNEY&#8217;S FARM &#8211; MOBY DICK AUTO FEM"},"content":{"rendered":"<div style=\"text-align: justify\">Moby Dick de Barneys Farm fue creada utilizando White Widow, una de las cepas m\u00e1s populares del mundo en las \u00faltimas dos d\u00e9cadas, luego cruzada con nuestra ganadora de la Copa G13 Haze. Con estas dos legendarias cepas expertamente fusionadas por Barneys Farm, MOBY DICK ha evolucionado una vez m\u00e1s ahora cruzada con nuestra BF Super Auto #1.<\/div>\n<p><\/p>\n<h2><strong>Caracter\u00edsticas Moby Dick Auto Fem:<\/strong><\/h2>\n<ul style=\"list-style-type: disc\">\n<li><strong>G\u00e9nero:<\/strong> Autofloreciente Feminizada<\/li>\n<li><strong>Genotipo<\/strong>: 30% Indica \/ 70% Sativa<\/li>\n<li><strong>Gen\u00e9tica:<\/strong> Moby Dick x BF Super Auto #1<\/li>\n<li>D\u00edas<strong>:<\/strong> 65 d\u00edas<\/li>\n<\/ul>\n<p><\/p>\n<div style=\"text-align: justify\"><span style=\"font-size: 11pt\"><em><strong>ADVERTENCIA:<\/strong> Las semillas de c\u00e1\u00f1amo est\u00e1n excluidas de la noci\u00f3n legal de Cannabis, lo que significa que no deben considerarse una sustancia estupefaciente (L. 412 de 1974, art. 1, coma 1, lett. B; Convenci\u00f3n \u00danica sobre Estupefacientes de Nueva York de 1961 y tabla II del Decreto Ministerial 27\/7\/1992). En Italia, el cultivo del c\u00e1\u00f1amo est\u00e1 prohibido (art\u00edculos 28 y 73 del Decreto Presidencial 309\/90) a menos que se obtenga una autorizaci\u00f3n especial (art\u00edculo 17 del Decreto Presidencial 309\/90). A falta de autorizaci\u00f3n, las semillas s\u00f3lo pueden utilizarse para otros fines (zoot\u00e9cnicos, recolecci\u00f3n, etc.). Las semillas se venden con la reserva de que no sean utilizadas por terceros en conflicto con la ley.<\/em><\/span><\/div>\n","protected":false},"excerpt":{"rendered":"<p>Moby Dick de Barneys Farm fue creada utilizando White Widow, una de las cepas m\u00e1s populares del mundo en las<\/p>\n","protected":false},"featured_media":162314,"comment_status":"open","ping_status":"closed","template":"","meta":[],"product_brand":[],"product_cat":[7953],"product_tag":[],"class_list":{"0":"post-162326","1":"product","2":"type-product","3":"status-publish","4":"has-post-thumbnail","6":"product_cat-seedshop-es","8":"first","9":"instock","10":"sale","11":"taxable","12":"shipping-taxable","13":"purchasable","14":"product-type-variable"},"aioseo_notices":[],"_links":{"self":[{"href":"https:\/\/www.budream.com\/es\/wp-json\/wp\/v2\/product\/162326","targetHints":{"allow":["GET"]}}],"collection":[{"href":"https:\/\/www.budream.com\/es\/wp-json\/wp\/v2\/product"}],"about":[{"href":"https:\/\/www.budream.com\/es\/wp-json\/wp\/v2\/types\/product"}],"replies":[{"embeddable":true,"href":"https:\/\/www.budream.com\/es\/wp-json\/wp\/v2\/comments?post=162326"}],"version-history":[{"count":1,"href":"https:\/\/www.budream.com\/es\/wp-json\/wp\/v2\/product\/162326\/revisions"}],"predecessor-version":[{"id":262895,"href":"https:\/\/www.budream.com\/es\/wp-json\/wp\/v2\/product\/162326\/revisions\/262895"}],"wp:featuredmedia":[{"embeddable":true,"href":"https:\/\/www.budream.com\/es\/wp-json\/wp\/v2\/media\/162314"}],"wp:attachment":[{"href":"https:\/\/www.budream.com\/es\/wp-json\/wp\/v2\/media?parent=162326"}],"wp:term":[{"taxonomy":"product_brand","embeddable":true,"href":"https:\/\/www.budream.com\/es\/wp-json\/wp\/v2\/product_brand?post=162326"},{"taxonomy":"product_cat","embeddable":true,"href":"https:\/\/www.budream.com\/es\/wp-json\/wp\/v2\/product_cat?post=162326"},{"taxonomy":"product_tag","embeddable":true,"href":"https:\/\/www.budream.com\/es\/wp-json\/wp\/v2\/product_tag?post=162326"}],"curies":[{"name":"wp","href":"https:\/\/api.w.org\/{rel}","templated":true}]}}