{"id":162374,"date":"2025-07-31T18:54:47","date_gmt":"2025-07-31T16:54:47","guid":{"rendered":"https:\/\/www.budream.com\/shop\/barneys-farm-tarta-de-queso-con-fresas-auto-fem\/"},"modified":"2026-04-27T14:45:39","modified_gmt":"2026-04-27T12:45:39","slug":"barneys-farm-tarta-de-queso-con-fresas-auto-fem","status":"publish","type":"product","link":"https:\/\/www.budream.com\/es\/shop\/barneys-farm-tarta-de-queso-con-fresas-auto-fem\/","title":{"rendered":"BARNEY&#8217;S FARM &#8211; TARTA DE QUESO CON FRESAS AUTO FEM"},"content":{"rendered":"<div style=\"text-align: justify\">Con un giro absolutamente \u00fanico, Barneys Farm contin\u00faa su investigaci\u00f3n en la creaci\u00f3n de gen\u00e9ticas pioneras con nuestra Strawberry Cheesecake Auto. Despu\u00e9s de una extensa cr\u00eda selectiva con nuestras diversas variedades ricas en terpenos de fresa, elegimos un tentador fenotipo de Strawberry Pie. A continuaci\u00f3n, el laboratorio la cruz\u00f3 con un raro esqueje de Afghan OG. El cruce de esta creaci\u00f3n con nuestra BF Super Auto #1 significa que Strawberry Cheesecake Auto tambi\u00e9n puede prosperar en climas m\u00e1s fr\u00edos.<\/p>\n<\/div>\n<h2><strong>Caracter\u00edsticas Strawberry Cheesecake Auto Fem:<\/strong><\/h2>\n<ul style=\"list-style-type: disc\">\n<li><strong>G\u00e9nero:<\/strong> Autofloreciente feminizada<\/li>\n<li><strong>Genotipo<\/strong>: 70% Indica \/ 30% Sativa<\/li>\n<li><strong>Gen\u00e9tica:<\/strong> Sreawberry Pie x Afghan OG x BF Super Auto #1<\/li>\n<li>D\u00edas<strong>:<\/strong> 65 d\u00edas<\/li>\n<\/ul>\n<p><\/p>\n<div style=\"text-align: justify\"><span style=\"font-size: 11pt\"><em><strong>ADVERTENCIA:<\/strong> Las semillas de c\u00e1\u00f1amo est\u00e1n excluidas de la noci\u00f3n legal de Cannabis, lo que significa que no deben considerarse una sustancia estupefaciente (L. 412 de 1974, art. 1, p\u00e1rrafo 1, lett. B; Convenci\u00f3n \u00danica sobre Estupefacientes de Nueva York de 1961 y tabla II del Decreto Ministerial 27\/7\/1992). En Italia, el cultivo del c\u00e1\u00f1amo est\u00e1 prohibido (art\u00edculos 28 y 73 del Decreto Presidencial 309\/90) a menos que se obtenga una autorizaci\u00f3n especial (art\u00edculo 17 del Decreto Presidencial 309\/90). A falta de autorizaci\u00f3n, las semillas s\u00f3lo pueden utilizarse para otros fines (zoot\u00e9cnicos, recolecci\u00f3n, etc.). Las semillas se venden con la reserva de que no ser\u00e1n utilizadas por terceros en conflicto con la ley.<\/em><\/span><\/div>\n","protected":false},"excerpt":{"rendered":"<p>Con un giro absolutamente \u00fanico, Barneys Farm contin\u00faa su investigaci\u00f3n en la creaci\u00f3n de gen\u00e9ticas pioneras con nuestra Strawberry Cheesecake<\/p>\n","protected":false},"featured_media":162362,"comment_status":"open","ping_status":"closed","template":"","meta":[],"product_brand":[],"product_cat":[1175],"product_tag":[],"class_list":{"0":"post-162374","1":"product","2":"type-product","3":"status-publish","4":"has-post-thumbnail","6":"product_cat-seedshop","8":"first","9":"instock","10":"taxable","11":"shipping-taxable","12":"purchasable","13":"product-type-variable"},"aioseo_notices":[],"_links":{"self":[{"href":"https:\/\/www.budream.com\/es\/wp-json\/wp\/v2\/product\/162374","targetHints":{"allow":["GET"]}}],"collection":[{"href":"https:\/\/www.budream.com\/es\/wp-json\/wp\/v2\/product"}],"about":[{"href":"https:\/\/www.budream.com\/es\/wp-json\/wp\/v2\/types\/product"}],"replies":[{"embeddable":true,"href":"https:\/\/www.budream.com\/es\/wp-json\/wp\/v2\/comments?post=162374"}],"version-history":[{"count":1,"href":"https:\/\/www.budream.com\/es\/wp-json\/wp\/v2\/product\/162374\/revisions"}],"predecessor-version":[{"id":264333,"href":"https:\/\/www.budream.com\/es\/wp-json\/wp\/v2\/product\/162374\/revisions\/264333"}],"wp:featuredmedia":[{"embeddable":true,"href":"https:\/\/www.budream.com\/es\/wp-json\/wp\/v2\/media\/162362"}],"wp:attachment":[{"href":"https:\/\/www.budream.com\/es\/wp-json\/wp\/v2\/media?parent=162374"}],"wp:term":[{"taxonomy":"product_brand","embeddable":true,"href":"https:\/\/www.budream.com\/es\/wp-json\/wp\/v2\/product_brand?post=162374"},{"taxonomy":"product_cat","embeddable":true,"href":"https:\/\/www.budream.com\/es\/wp-json\/wp\/v2\/product_cat?post=162374"},{"taxonomy":"product_tag","embeddable":true,"href":"https:\/\/www.budream.com\/es\/wp-json\/wp\/v2\/product_tag?post=162374"}],"curies":[{"name":"wp","href":"https:\/\/api.w.org\/{rel}","templated":true}]}}