{"id":162471,"date":"2025-07-31T18:58:43","date_gmt":"2025-07-31T16:58:43","guid":{"rendered":"https:\/\/www.budream.com\/shop\/royal-queen-seeds-sweet-skunk-automatic-fem\/"},"modified":"2026-03-27T14:55:02","modified_gmt":"2026-03-27T12:55:02","slug":"royal-queen-seeds-sweet-skunk-automatic-fem","status":"publish","type":"product","link":"https:\/\/www.budream.com\/es\/shop\/royal-queen-seeds-sweet-skunk-automatic-fem\/","title":{"rendered":"ROYAL QUEEN SEEDS &#8211; SWEET SKUNK AUTOMATIC FEM"},"content":{"rendered":"<p>Sweet Skunk Automatic es muy parecida a la popular variedad espa\u00f1ola Critical Domina, pero es autofloreciente, por lo que puede cultivarse pr\u00e1cticamente en cualquier sitio. Esta nueva variedad es un fant\u00e1stico cruce entre la variedad clon &#8216;elite&#8217; Sweet Skunk y la autofloreciente Skunk Critical Auto, retrocruzada y estabilizada durante unas cuantas generaciones para perfeccionar el h\u00edbrido.<\/p>\n<h2><strong>Caracter\u00edsticas Sweet Skunk Automatic Royal Queen Seeds:<\/strong><\/h2>\n<ul style=\"list-style-type: disc\">\n<li><strong>G\u00e9nero:<\/strong> Autofloreciente Feminizada<\/li>\n<li><strong>Genotipo:<\/strong> H\u00edbrido 10% Sativa 60% Indica 30% Ruderalis<\/li>\n<li><strong>Gen\u00e9tica:<\/strong> Big Devil 2 x Green Poison<\/li>\n<li><strong>D\u00edas:<\/strong> 55-65<\/li>\n<\/ul>\n<p><em><strong>ADVERTENCIA:<\/strong> Las semillas de c\u00e1\u00f1amo est\u00e1n excluidas de la noci\u00f3n legal de Cannabis, lo que significa que no deben considerarse una sustancia estupefaciente (L. 412 de 1974, art. 1, coma 1, lett. B; Convenci\u00f3n \u00danica sobre Estupefacientes de Nueva York de 1961 y tabla II del Decreto Ministerial 27\/7\/1992). En Italia, el cultivo del c\u00e1\u00f1amo est\u00e1 prohibido (art\u00edculos 28 y 73 del Decreto Presidencial 309\/90) a menos que se obtenga una autorizaci\u00f3n especial (art\u00edculo 17 del Decreto Presidencial 309\/90). A falta de autorizaci\u00f3n, las semillas s\u00f3lo pueden utilizarse para otros fines (zoot\u00e9cnicos, recolecci\u00f3n, etc.). Las semillas se venden con la reserva de que no sean utilizadas por terceros en conflicto con la ley.<\/em><\/p>\n","protected":false},"excerpt":{"rendered":"<p>Sweet Skunk Automatic es muy parecida a la popular variedad espa\u00f1ola Critical Domina, pero es autofloreciente, por lo que puede<\/p>\n","protected":false},"featured_media":162462,"comment_status":"open","ping_status":"closed","template":"","meta":[],"product_brand":[],"product_cat":[7953],"product_tag":[],"class_list":{"0":"post-162471","1":"product","2":"type-product","3":"status-publish","4":"has-post-thumbnail","6":"product_cat-seedshop-es","8":"first","9":"instock","10":"sale","11":"taxable","12":"shipping-taxable","13":"purchasable","14":"product-type-variable"},"aioseo_notices":[],"_links":{"self":[{"href":"https:\/\/www.budream.com\/es\/wp-json\/wp\/v2\/product\/162471","targetHints":{"allow":["GET"]}}],"collection":[{"href":"https:\/\/www.budream.com\/es\/wp-json\/wp\/v2\/product"}],"about":[{"href":"https:\/\/www.budream.com\/es\/wp-json\/wp\/v2\/types\/product"}],"replies":[{"embeddable":true,"href":"https:\/\/www.budream.com\/es\/wp-json\/wp\/v2\/comments?post=162471"}],"version-history":[{"count":0,"href":"https:\/\/www.budream.com\/es\/wp-json\/wp\/v2\/product\/162471\/revisions"}],"wp:featuredmedia":[{"embeddable":true,"href":"https:\/\/www.budream.com\/es\/wp-json\/wp\/v2\/media\/162462"}],"wp:attachment":[{"href":"https:\/\/www.budream.com\/es\/wp-json\/wp\/v2\/media?parent=162471"}],"wp:term":[{"taxonomy":"product_brand","embeddable":true,"href":"https:\/\/www.budream.com\/es\/wp-json\/wp\/v2\/product_brand?post=162471"},{"taxonomy":"product_cat","embeddable":true,"href":"https:\/\/www.budream.com\/es\/wp-json\/wp\/v2\/product_cat?post=162471"},{"taxonomy":"product_tag","embeddable":true,"href":"https:\/\/www.budream.com\/es\/wp-json\/wp\/v2\/product_tag?post=162471"}],"curies":[{"name":"wp","href":"https:\/\/api.w.org\/{rel}","templated":true}]}}