{"id":162528,"date":"2025-07-31T19:01:10","date_gmt":"2025-07-31T17:01:10","guid":{"rendered":"https:\/\/www.budream.com\/shop\/royal-queen-seeds-sandia-automatica-fem-usa-premium\/"},"modified":"2026-03-27T15:08:24","modified_gmt":"2026-03-27T13:08:24","slug":"royal-queen-seeds-sandia-automatica-fem-usa-premium","status":"publish","type":"product","link":"https:\/\/www.budream.com\/es\/shop\/royal-queen-seeds-sandia-automatica-fem-usa-premium\/","title":{"rendered":"ROYAL QUEEN SEEDS &#8211; SANDIA AUTOMATICA FEM (USA PREMIUM)"},"content":{"rendered":"<p>Nuestros experimentados criadores quer\u00edan crear una variedad para todos los gustos. Para conseguir un perfil de terpenos tan atractivo, seleccionaron dos de las variedades: Tropicanna Cookies y Lemon OG. Ambos parentales son ricos en limoneno, mirceno y otras mol\u00e9culas afrutadas y terrosas.<\/p>\n<p>Tras cruzar y estabilizar estas variedades durante varias generaciones, naci\u00f3 Watermelon Automatic, una planta con una composici\u00f3n gen\u00e9tica de 75% \u00edndica, 25% sativa y 5% ruderalis. Esta r\u00e1pida variedad autofloreciente ha conseguido heredar todos los deliciosos terpenos de sus ancestros.<\/p>\n<p><\/p>\n<h2><strong>Caracter\u00edsticas Semillas Watermelon Automatic Royal Queen:<\/strong><\/h2>\n<ul style=\"list-style-type: disc\">\n<li><strong>G\u00e9nero:<\/strong> Autofloreciente Feminizada<\/li>\n<li><strong>Genotipo<\/strong>: H\u00edbrido 25% Sativa 75% Indica 5% Ruderalis<\/li>\n<li><strong>Gen\u00e9tica<\/strong>: Tropicanna Cookies x Lemon OG x Ruderalis<\/li>\n<li><strong>D\u00edas:<\/strong> 56 &#8211; 63<\/li>\n<\/ul>\n<p><em><strong>ADVERTENCIA:<\/strong> Las semillas de c\u00e1\u00f1amo est\u00e1n excluidas de la noci\u00f3n legal de Cannabis, lo que significa que no deben considerarse una sustancia estupefaciente (L. 412 de 1974, art. 1, p\u00e1rrafo 1, lett. B; Convenci\u00f3n \u00danica sobre Estupefacientes de Nueva York de 1961 y tabla II del Decreto Ministerial 27\/7\/1992). En Italia, el cultivo del c\u00e1\u00f1amo est\u00e1 prohibido (art\u00edculos 28 y 73 del Decreto Presidencial 309\/90) a menos que se obtenga una autorizaci\u00f3n especial (art\u00edculo 17 del Decreto Presidencial 309\/90). A falta de autorizaci\u00f3n, las semillas s\u00f3lo pueden utilizarse para otros fines (zoot\u00e9cnicos, recolecci\u00f3n, etc.). Las semillas se venden con la reserva de que no ser\u00e1n utilizadas por terceros en conflicto con la ley.<\/em><\/p>\n","protected":false},"excerpt":{"rendered":"<p>Nuestros experimentados criadores quer\u00edan crear una variedad para todos los gustos. Para conseguir un perfil de terpenos tan atractivo, seleccionaron<\/p>\n","protected":false},"featured_media":162519,"comment_status":"open","ping_status":"closed","template":"","meta":[],"product_brand":[],"product_cat":[7953],"product_tag":[],"class_list":{"0":"post-162528","1":"product","2":"type-product","3":"status-publish","4":"has-post-thumbnail","6":"product_cat-seedshop-es","8":"first","9":"instock","10":"sale","11":"taxable","12":"shipping-taxable","13":"purchasable","14":"product-type-variable"},"aioseo_notices":[],"_links":{"self":[{"href":"https:\/\/www.budream.com\/es\/wp-json\/wp\/v2\/product\/162528","targetHints":{"allow":["GET"]}}],"collection":[{"href":"https:\/\/www.budream.com\/es\/wp-json\/wp\/v2\/product"}],"about":[{"href":"https:\/\/www.budream.com\/es\/wp-json\/wp\/v2\/types\/product"}],"replies":[{"embeddable":true,"href":"https:\/\/www.budream.com\/es\/wp-json\/wp\/v2\/comments?post=162528"}],"version-history":[{"count":0,"href":"https:\/\/www.budream.com\/es\/wp-json\/wp\/v2\/product\/162528\/revisions"}],"wp:featuredmedia":[{"embeddable":true,"href":"https:\/\/www.budream.com\/es\/wp-json\/wp\/v2\/media\/162519"}],"wp:attachment":[{"href":"https:\/\/www.budream.com\/es\/wp-json\/wp\/v2\/media?parent=162528"}],"wp:term":[{"taxonomy":"product_brand","embeddable":true,"href":"https:\/\/www.budream.com\/es\/wp-json\/wp\/v2\/product_brand?post=162528"},{"taxonomy":"product_cat","embeddable":true,"href":"https:\/\/www.budream.com\/es\/wp-json\/wp\/v2\/product_cat?post=162528"},{"taxonomy":"product_tag","embeddable":true,"href":"https:\/\/www.budream.com\/es\/wp-json\/wp\/v2\/product_tag?post=162528"}],"curies":[{"name":"wp","href":"https:\/\/api.w.org\/{rel}","templated":true}]}}