{"id":162631,"date":"2025-07-31T19:05:26","date_gmt":"2025-07-31T17:05:26","guid":{"rendered":"https:\/\/www.budream.com\/shop\/royal-queen-seeds-triple-g-fem-usa-premium\/"},"modified":"2026-04-02T11:02:16","modified_gmt":"2026-04-02T09:02:16","slug":"royal-queen-seeds-triple-g-fem-usa-premium","status":"publish","type":"product","link":"https:\/\/www.budream.com\/es\/shop\/royal-queen-seeds-triple-g-fem-usa-premium\/","title":{"rendered":"ROYAL QUEEN SEEDS &#8211; TRIPLE G FEM (USA PREMIUM)"},"content":{"rendered":"<p>Los criadores de Royal Queen Seeds han hecho un trabajo excelente con la Triple G. Han tomado las mejores cualidades de dos cepas mundialmente famosas y han creado una \u00edndica de primera clase. Su nombre es un homenaje a sus poderosos y famosos padres: una Gorilla Glue y una Ice Cream. Ambas cepas han arrasado en el mundo del cannabis.<\/p>\n<p><\/p>\n<h2><strong>Caracter\u00edsticas de Triple G Royal Queen Seeds:<\/strong><\/h2>\n<ul style=\"list-style-type: disc\">\n<li><strong>G\u00e9nero:<\/strong> Feminizada<\/li>\n<li><strong>Genotipo:<\/strong> H\u00edbrido 15% Sativa \/ 85% Indica<\/li>\n<li><strong>Gen\u00e9tica:<\/strong> Gorilla Glue #4 x Ice Cream 33<\/li>\n<li><strong>D\u00edas:<\/strong> 56-63<\/li>\n<\/ul>\n<p><em><strong>ADVERTENCIA:<\/strong> Las semillas de c\u00e1\u00f1amo est\u00e1n excluidas de la noci\u00f3n legal de Cannabis, lo que significa que no deben considerarse una sustancia estupefaciente (L. 412 de 1974, art. 1, p\u00e1rrafo 1, lett. B; Convenci\u00f3n \u00danica sobre Estupefacientes de Nueva York de 1961 y tabla II del Decreto Ministerial 27\/7\/1992). En Italia, el cultivo del c\u00e1\u00f1amo est\u00e1 prohibido (art\u00edculos 28 y 73 del Decreto Presidencial 309\/90) a menos que se obtenga una autorizaci\u00f3n especial (art\u00edculo 17 del Decreto Presidencial 309\/90). A falta de autorizaci\u00f3n, las semillas s\u00f3lo pueden utilizarse para otros fines (zoot\u00e9cnicos, recolecci\u00f3n, etc.). Las semillas se venden con la reserva de que no sean utilizadas por terceros en conflicto con la ley.<\/em><\/p>\n","protected":false},"excerpt":{"rendered":"<p>Los criadores de Royal Queen Seeds han hecho un trabajo excelente con la Triple G. Han tomado las mejores cualidades<\/p>\n","protected":false},"featured_media":162622,"comment_status":"open","ping_status":"closed","template":"","meta":[],"product_brand":[],"product_cat":[7953],"product_tag":[],"class_list":{"0":"post-162631","1":"product","2":"type-product","3":"status-publish","4":"has-post-thumbnail","6":"product_cat-seedshop-es","8":"first","9":"instock","10":"sale","11":"taxable","12":"shipping-taxable","13":"purchasable","14":"product-type-variable"},"aioseo_notices":[],"_links":{"self":[{"href":"https:\/\/www.budream.com\/es\/wp-json\/wp\/v2\/product\/162631","targetHints":{"allow":["GET"]}}],"collection":[{"href":"https:\/\/www.budream.com\/es\/wp-json\/wp\/v2\/product"}],"about":[{"href":"https:\/\/www.budream.com\/es\/wp-json\/wp\/v2\/types\/product"}],"replies":[{"embeddable":true,"href":"https:\/\/www.budream.com\/es\/wp-json\/wp\/v2\/comments?post=162631"}],"version-history":[{"count":1,"href":"https:\/\/www.budream.com\/es\/wp-json\/wp\/v2\/product\/162631\/revisions"}],"predecessor-version":[{"id":262126,"href":"https:\/\/www.budream.com\/es\/wp-json\/wp\/v2\/product\/162631\/revisions\/262126"}],"wp:featuredmedia":[{"embeddable":true,"href":"https:\/\/www.budream.com\/es\/wp-json\/wp\/v2\/media\/162622"}],"wp:attachment":[{"href":"https:\/\/www.budream.com\/es\/wp-json\/wp\/v2\/media?parent=162631"}],"wp:term":[{"taxonomy":"product_brand","embeddable":true,"href":"https:\/\/www.budream.com\/es\/wp-json\/wp\/v2\/product_brand?post=162631"},{"taxonomy":"product_cat","embeddable":true,"href":"https:\/\/www.budream.com\/es\/wp-json\/wp\/v2\/product_cat?post=162631"},{"taxonomy":"product_tag","embeddable":true,"href":"https:\/\/www.budream.com\/es\/wp-json\/wp\/v2\/product_tag?post=162631"}],"curies":[{"name":"wp","href":"https:\/\/api.w.org\/{rel}","templated":true}]}}