{"id":166270,"date":"2025-07-31T21:38:11","date_gmt":"2025-07-31T19:38:11","guid":{"rendered":"https:\/\/www.budream.com\/shop\/dutch-passion-ponche-auto-mimosa\/"},"modified":"2026-03-30T22:39:13","modified_gmt":"2026-03-30T20:39:13","slug":"dutch-passion-ponche-auto-mimosa","status":"publish","type":"product","link":"https:\/\/www.budream.com\/es\/shop\/dutch-passion-ponche-auto-mimosa\/","title":{"rendered":"DUTCH PASSION &#8211; PONCHE AUTO MIMOSA"},"content":{"rendered":"<div style=\"text-align: justify\">Si buscas una variedad autofloreciente de la m\u00e1xima calidad, la nueva estrella autofloreciente de nuestro equipo se basa en la premiada gen\u00e9tica de la famosa &#8216;Mimosa&#8217;, un esqueje cl\u00f3nico procedente de Norteam\u00e9rica. Mimosa se cre\u00f3 originalmente cruzando Clementine con Purple Punch. El equipo de criadores de Dutch Passion cruz\u00f3 este esqueje con una Purple Punch autofloreciente.<\/p>\n<\/div>\n<h2><strong>Caracter\u00edsticas Auto Mimosa Punch Fem:<\/strong><\/h2>\n<ul style=\"list-style-type: disc\">\n<li><strong>G\u00e9nero:<\/strong> Feminizada<\/li>\n<li><strong>Genotipo:<\/strong> H\u00edbrido Indica\/Sativa<\/li>\n<li><strong>Gen\u00e9tica:<\/strong> Mimosa (Clementine X Purple Punch) X Auto Purple Punch<\/li>\n<li><strong>D\u00edas:<\/strong> 70-84 d\u00edas<\/li>\n<\/ul>\n<p><\/p>\n<div style=\"text-align: justify\"><span style=\"font-size: 11pt\"><em><strong>ATENCI\u00d3N:<\/strong> Las semillas de c\u00e1\u00f1amo est\u00e1n excluidas de la noci\u00f3n legal de Cannabis, lo que significa que no deben considerarse una sustancia estupefaciente (Ley 412 de 1974, Art. 1, p\u00e1rrafo 1, lett. B; Convenci\u00f3n \u00danica sobre Estupefacientes de Nueva York de 1961 y tabla II del Decreto Ministerial 27\/7\/1992). En Italia, el cultivo del c\u00e1\u00f1amo est\u00e1 prohibido (art\u00edculos 28 y 73 del Decreto Presidencial 309\/90) a menos que se obtenga una autorizaci\u00f3n especial (art\u00edculo 17 del Decreto Presidencial 309\/90). A falta de autorizaci\u00f3n, las semillas s\u00f3lo pueden utilizarse para otros fines (zoot\u00e9cnicos, recolecci\u00f3n, etc.). Las semillas se venden con la reserva de que no ser\u00e1n utilizadas por terceros en conflicto con la ley.<\/em><\/span><\/div>\n","protected":false},"excerpt":{"rendered":"<p>Si buscas una variedad autofloreciente de la m\u00e1xima calidad, la nueva estrella autofloreciente de nuestro equipo se basa en la<\/p>\n","protected":false},"featured_media":166261,"comment_status":"open","ping_status":"closed","template":"","meta":[],"product_brand":[],"product_cat":[7953],"product_tag":[],"class_list":{"0":"post-166270","1":"product","2":"type-product","3":"status-publish","4":"has-post-thumbnail","6":"product_cat-seedshop-es","8":"first","9":"instock","10":"taxable","11":"shipping-taxable","12":"purchasable","13":"product-type-variable"},"aioseo_notices":[],"_links":{"self":[{"href":"https:\/\/www.budream.com\/es\/wp-json\/wp\/v2\/product\/166270","targetHints":{"allow":["GET"]}}],"collection":[{"href":"https:\/\/www.budream.com\/es\/wp-json\/wp\/v2\/product"}],"about":[{"href":"https:\/\/www.budream.com\/es\/wp-json\/wp\/v2\/types\/product"}],"replies":[{"embeddable":true,"href":"https:\/\/www.budream.com\/es\/wp-json\/wp\/v2\/comments?post=166270"}],"version-history":[{"count":0,"href":"https:\/\/www.budream.com\/es\/wp-json\/wp\/v2\/product\/166270\/revisions"}],"wp:featuredmedia":[{"embeddable":true,"href":"https:\/\/www.budream.com\/es\/wp-json\/wp\/v2\/media\/166261"}],"wp:attachment":[{"href":"https:\/\/www.budream.com\/es\/wp-json\/wp\/v2\/media?parent=166270"}],"wp:term":[{"taxonomy":"product_brand","embeddable":true,"href":"https:\/\/www.budream.com\/es\/wp-json\/wp\/v2\/product_brand?post=166270"},{"taxonomy":"product_cat","embeddable":true,"href":"https:\/\/www.budream.com\/es\/wp-json\/wp\/v2\/product_cat?post=166270"},{"taxonomy":"product_tag","embeddable":true,"href":"https:\/\/www.budream.com\/es\/wp-json\/wp\/v2\/product_tag?post=166270"}],"curies":[{"name":"wp","href":"https:\/\/api.w.org\/{rel}","templated":true}]}}