{"id":166379,"date":"2025-07-31T21:43:36","date_gmt":"2025-07-31T19:43:36","guid":{"rendered":"https:\/\/www.budream.com\/shop\/sweet-seeds-sweet-zenzation-xl-auto-fem-sws100\/"},"modified":"2026-03-06T14:29:29","modified_gmt":"2026-03-06T12:29:29","slug":"sweet-seeds-sweet-zenzation-xl-auto-fem-sws100","status":"publish","type":"product","link":"https:\/\/www.budream.com\/es\/shop\/sweet-seeds-sweet-zenzation-xl-auto-fem-sws100\/","title":{"rendered":"SWEET SEEDS &#8211; SWEET ZENZATION XL AUTO\u00ae FEM (SWS100)"},"content":{"rendered":"<div id=\"ficha_imagen\">\n<p style=\"text-align: justify\">7\u00aa Generaci\u00f3n Autofloreciente. Versi\u00f3n autofloreciente y de gran tama\u00f1o de la variedad Zkittlez [(Grape Ape x Grapefruit) x variedad \u00edndica desconocida], una de las gen\u00e9ticas m\u00e1s famosas y arom\u00e1ticas de la Costa Oeste de los Estados Unidos. Sweet Zenzation XL Auto&reg; (SWS100) es el resultado del cruce de un clon \u00e9lite seleccionado de Zkittlez con nuestra variedad Runtz XL Auto&reg; (SWS88) [Runtz (Zkittlez x Gelato) x Sweet Gelato Auto&reg; (SWS88)], que tambi\u00e9n contiene gen\u00e9tica Zkittlez.<\/p>\n<\/div>\n<h2><strong>Caracter\u00edsticas Sweet Zenzation XL Auto Fem<\/strong><\/h2>\n<ul style=\"list-style-type: disc\">\n<li><strong>G\u00e9nero: <\/strong>Autofloreciente Feminizada<\/li>\n<li><strong>Genotipo<\/strong>: H\u00edbrido: Indica\/Sativa\/Ruderalis<\/li>\n<li><strong>Gen\u00e9tica: <\/strong>Clon \u00e9lite seleccionado de Zkittlez x Runtz XL Auto&reg; (SWS88) [Runtz (Zkittlez x Gelato) x Sweet Gelato Auto&reg; (SWS88)].<\/li>\n<li>D\u00edas<strong>:<\/strong> 56 d\u00edas<\/li>\n<\/ul>\n<p><\/p>\n<div style=\"text-align: justify\"><span style=\"font-size: 11pt\"><em><strong>ADVERTENCIA:<\/strong> Las semillas de c\u00e1\u00f1amo est\u00e1n excluidas de la noci\u00f3n legal de Cannabis, lo que significa que no deben considerarse una sustancia estupefaciente (L. 412 de 1974, art. 1, coma 1, lett. B; Convenci\u00f3n \u00danica sobre Estupefacientes de Nueva York de 1961 y tabla II del decreto ministerial 27\/7\/1992). En Italia, el cultivo del c\u00e1\u00f1amo est\u00e1 prohibido (art\u00edculos 28 y 73 del Decreto Presidencial 309\/90) a menos que se obtenga una autorizaci\u00f3n especial (art\u00edculo 17 del Decreto Presidencial 309\/90). A falta de autorizaci\u00f3n, las semillas s\u00f3lo pueden utilizarse para otros fines (zoot\u00e9cnicos, recolecci\u00f3n, etc.). Las semillas se venden con la reserva de que no ser\u00e1n utilizadas por terceros en conflicto con la ley.<\/em><\/span><\/div>\n","protected":false},"excerpt":{"rendered":"<p>7\u00aa Generaci\u00f3n Autofloreciente. Versi\u00f3n autofloreciente y de gran tama\u00f1o de la variedad Zkittlez [(Grape Ape x Grapefruit) x variedad \u00edndica<\/p>\n","protected":false},"featured_media":166370,"comment_status":"open","ping_status":"closed","template":"","meta":[],"product_brand":[],"product_cat":[7953],"product_tag":[],"class_list":{"0":"post-166379","1":"product","2":"type-product","3":"status-publish","4":"has-post-thumbnail","6":"product_cat-seedshop-es","8":"first","9":"instock","10":"sale","11":"taxable","12":"shipping-taxable","13":"purchasable","14":"product-type-variable"},"_links":{"self":[{"href":"https:\/\/www.budream.com\/es\/wp-json\/wp\/v2\/product\/166379","targetHints":{"allow":["GET"]}}],"collection":[{"href":"https:\/\/www.budream.com\/es\/wp-json\/wp\/v2\/product"}],"about":[{"href":"https:\/\/www.budream.com\/es\/wp-json\/wp\/v2\/types\/product"}],"replies":[{"embeddable":true,"href":"https:\/\/www.budream.com\/es\/wp-json\/wp\/v2\/comments?post=166379"}],"version-history":[{"count":0,"href":"https:\/\/www.budream.com\/es\/wp-json\/wp\/v2\/product\/166379\/revisions"}],"wp:featuredmedia":[{"embeddable":true,"href":"https:\/\/www.budream.com\/es\/wp-json\/wp\/v2\/media\/166370"}],"wp:attachment":[{"href":"https:\/\/www.budream.com\/es\/wp-json\/wp\/v2\/media?parent=166379"}],"wp:term":[{"taxonomy":"product_brand","embeddable":true,"href":"https:\/\/www.budream.com\/es\/wp-json\/wp\/v2\/product_brand?post=166379"},{"taxonomy":"product_cat","embeddable":true,"href":"https:\/\/www.budream.com\/es\/wp-json\/wp\/v2\/product_cat?post=166379"},{"taxonomy":"product_tag","embeddable":true,"href":"https:\/\/www.budream.com\/es\/wp-json\/wp\/v2\/product_tag?post=166379"}],"curies":[{"name":"wp","href":"https:\/\/api.w.org\/{rel}","templated":true}]}}