{"id":168522,"date":"2025-07-31T23:08:30","date_gmt":"2025-07-31T21:08:30","guid":{"rendered":"https:\/\/www.budream.com\/shop\/barneys-farm-runtz-x-layer-cake-fem\/"},"modified":"2026-04-28T12:09:21","modified_gmt":"2026-04-28T10:09:21","slug":"barneys-farm-runtz-x-layer-cake-fem","status":"publish","type":"product","link":"https:\/\/www.budream.com\/es\/shop\/barneys-farm-runtz-x-layer-cake-fem\/","title":{"rendered":"BARNEY&#8217;S FARM &#8211; RUNTZ x LAYER CAKE FEM"},"content":{"rendered":"<div style=\"text-align: justify\">Presentamos RUNTZ X LAYER CAKE&trade; de Barney&#8217;s Farm, \u00a1ser\u00e1 la variedad del a\u00f1o 2022! est\u00e1 realmente en una clase propia, una de las creaciones m\u00e1s emocionantes en muchos a\u00f1os. La mejor mezcla colectiva de alucinantes gen\u00e9ticas de la Costa Oeste fusionadas para crear una variedad incre\u00edble. RUNTZ X LAYER CAKE&trade; es un h\u00edbrido 50% \u00edndica\/sativa perfectamente equilibrado, muy robusto y resistente.<\/div>\n<p><\/p>\n<h2><strong>Caracter\u00edsticas Runtz x Layer Cake Fem:<\/strong><\/h2>\n<ul style=\"list-style-type: disc\">\n<li><strong>G\u00e9nero:<\/strong> H\u00edbrido feminizado<\/li>\n<li><strong>Genotipo:<\/strong> 50% Indica \/ 50% Sativa<\/li>\n<li><strong>Gen\u00e9tica<\/strong>: Runtz x Layer Cake<\/li>\n<li><strong>D\u00edas de floraci\u00f3n:<\/strong> 65 d\u00edas<\/li>\n<\/ul>\n<p><\/p>\n<div style=\"text-align: justify\"><span style=\"font-size: 11pt\"><em><strong>ADVERTENCIA:<\/strong> Las semillas de c\u00e1\u00f1amo est\u00e1n excluidas de la noci\u00f3n legal de Cannabis, lo que significa que no deben considerarse una sustancia estupefaciente (L. 412 de 1974, art. 1, coma 1, lett. B; Convenci\u00f3n \u00danica sobre Estupefacientes de Nueva York de 1961 y tabla II del Decreto Ministerial 27\/7\/1992). En Italia, el cultivo del c\u00e1\u00f1amo est\u00e1 prohibido (art\u00edculos 28 y 73 del Decreto Presidencial 309\/90) a menos que se obtenga una autorizaci\u00f3n especial (art\u00edculo 17 del Decreto Presidencial 309\/90). A falta de autorizaci\u00f3n, las semillas s\u00f3lo pueden utilizarse para otros fines (zoot\u00e9cnicos, recolecci\u00f3n, etc.). Las semillas se venden con la reserva de que no ser\u00e1n utilizadas por terceros en conflicto con la ley.<\/em><\/span><\/div>\n","protected":false},"excerpt":{"rendered":"<p>Presentamos RUNTZ X LAYER CAKE&trade; de Barney&#8217;s Farm, \u00a1ser\u00e1 la variedad del a\u00f1o 2022! est\u00e1 realmente en una clase propia,<\/p>\n","protected":false},"featured_media":168503,"comment_status":"open","ping_status":"closed","template":"","meta":[],"product_brand":[],"product_cat":[7953],"product_tag":[],"class_list":{"0":"post-168522","1":"product","2":"type-product","3":"status-publish","4":"has-post-thumbnail","6":"product_cat-seedshop-es","8":"first","9":"instock","10":"sale","11":"taxable","12":"shipping-taxable","13":"purchasable","14":"product-type-variable"},"_links":{"self":[{"href":"https:\/\/www.budream.com\/es\/wp-json\/wp\/v2\/product\/168522","targetHints":{"allow":["GET"]}}],"collection":[{"href":"https:\/\/www.budream.com\/es\/wp-json\/wp\/v2\/product"}],"about":[{"href":"https:\/\/www.budream.com\/es\/wp-json\/wp\/v2\/types\/product"}],"replies":[{"embeddable":true,"href":"https:\/\/www.budream.com\/es\/wp-json\/wp\/v2\/comments?post=168522"}],"version-history":[{"count":1,"href":"https:\/\/www.budream.com\/es\/wp-json\/wp\/v2\/product\/168522\/revisions"}],"predecessor-version":[{"id":265900,"href":"https:\/\/www.budream.com\/es\/wp-json\/wp\/v2\/product\/168522\/revisions\/265900"}],"wp:featuredmedia":[{"embeddable":true,"href":"https:\/\/www.budream.com\/es\/wp-json\/wp\/v2\/media\/168503"}],"wp:attachment":[{"href":"https:\/\/www.budream.com\/es\/wp-json\/wp\/v2\/media?parent=168522"}],"wp:term":[{"taxonomy":"product_brand","embeddable":true,"href":"https:\/\/www.budream.com\/es\/wp-json\/wp\/v2\/product_brand?post=168522"},{"taxonomy":"product_cat","embeddable":true,"href":"https:\/\/www.budream.com\/es\/wp-json\/wp\/v2\/product_cat?post=168522"},{"taxonomy":"product_tag","embeddable":true,"href":"https:\/\/www.budream.com\/es\/wp-json\/wp\/v2\/product_tag?post=168522"}],"curies":[{"name":"wp","href":"https:\/\/api.w.org\/{rel}","templated":true}]}}