{"id":168721,"date":"2025-07-31T23:15:10","date_gmt":"2025-07-31T21:15:10","guid":{"rendered":"https:\/\/www.budream.com\/shop\/super-sativa-seed-club-lava-freeze-fem-2\/"},"modified":"2025-11-27T13:28:13","modified_gmt":"2025-11-27T11:28:13","slug":"super-sativa-seed-club-lava-freeze-fem-2","status":"publish","type":"product","link":"https:\/\/www.budream.com\/es\/shop\/super-sativa-seed-club-lava-freeze-fem-2\/","title":{"rendered":"SUPER SATIVA SEED CLUB &#8211; LAVA FREEZE FEM"},"content":{"rendered":"<div style=\"text-align: justify\">Con el cruce de nuestra Friesland Indica (M33) con Lava Cake, naci\u00f3 un nuevo h\u00edbrido de gran impacto. En el pasado, la Friesland Indica original, alias M33, alias Freezeland, se hizo inmensamente popular en Norteam\u00e9rica. Friesland Indica tambi\u00e9n era muy robusta y capaz de soportar bien el duro clima exterior de Canad\u00e1. Esto la convirti\u00f3 en una variedad de referencia.<\/div>\n<p><span style=\"font-size: 12.222222328186px\"><br \/><\/span><\/p>\n<h2><strong>Caracter\u00edsticas Lava Freeze Fem:<\/strong><\/h2>\n<ul style=\"list-style-type: disc\">\n<li><strong>G\u00e9nero:<\/strong> Feminizada<\/li>\n<li><strong>Genotipo<\/strong>: 90% Indica \/ 10% Sativa h\u00edbrido<\/li>\n<li><strong>Gen\u00e9tica: <\/strong>Friesland Indica (M33) x Lava Cake<\/li>\n<li>D\u00edas<strong>:<\/strong> 56 d\u00edas<\/li>\n<\/ul>\n<p><span style=\"font-size: 12.222222328186px\"><br \/><span style=\"font-size: 11pt\"><em><strong>ADVERTENCIA:<\/strong> Las semillas de c\u00e1\u00f1amo est\u00e1n excluidas de la noci\u00f3n legal de Cannabis, lo que significa que no deben considerarse una sustancia estupefaciente (L. 412 de 1974, Art. 1, p\u00e1rrafo 1, lett. B; Convenci\u00f3n \u00danica sobre Estupefacientes de Nueva York de 1961 y tabla II del Decreto Ministerial 27\/7\/1992). En Italia, el cultivo del c\u00e1\u00f1amo est\u00e1 prohibido (art\u00edculos 28 y 73 del Decreto Presidencial 309\/90) a menos que se obtenga una autorizaci\u00f3n especial (art\u00edculo 17 del Decreto Presidencial 309\/90). A falta de autorizaci\u00f3n, las semillas s\u00f3lo pueden utilizarse para otros fines (zoot\u00e9cnicos, recolecci\u00f3n, etc.). Las semillas se venden con la reserva de que no ser\u00e1n utilizadas por terceros en conflicto con la ley.<\/em><\/span><\/span><\/p>\n","protected":false},"excerpt":{"rendered":"<p>Con el cruce de nuestra Friesland Indica (M33) con Lava Cake, naci\u00f3 un nuevo h\u00edbrido de gran impacto. En el<\/p>\n","protected":false},"featured_media":168713,"comment_status":"open","ping_status":"closed","template":"","meta":[],"product_brand":[],"product_cat":[7953],"product_tag":[],"class_list":{"0":"post-168721","1":"product","2":"type-product","3":"status-publish","4":"has-post-thumbnail","6":"product_cat-seedshop-es","8":"first","9":"instock","10":"taxable","11":"shipping-taxable","12":"purchasable","13":"product-type-variable"},"aioseo_notices":[],"_links":{"self":[{"href":"https:\/\/www.budream.com\/es\/wp-json\/wp\/v2\/product\/168721","targetHints":{"allow":["GET"]}}],"collection":[{"href":"https:\/\/www.budream.com\/es\/wp-json\/wp\/v2\/product"}],"about":[{"href":"https:\/\/www.budream.com\/es\/wp-json\/wp\/v2\/types\/product"}],"replies":[{"embeddable":true,"href":"https:\/\/www.budream.com\/es\/wp-json\/wp\/v2\/comments?post=168721"}],"version-history":[{"count":0,"href":"https:\/\/www.budream.com\/es\/wp-json\/wp\/v2\/product\/168721\/revisions"}],"wp:featuredmedia":[{"embeddable":true,"href":"https:\/\/www.budream.com\/es\/wp-json\/wp\/v2\/media\/168713"}],"wp:attachment":[{"href":"https:\/\/www.budream.com\/es\/wp-json\/wp\/v2\/media?parent=168721"}],"wp:term":[{"taxonomy":"product_brand","embeddable":true,"href":"https:\/\/www.budream.com\/es\/wp-json\/wp\/v2\/product_brand?post=168721"},{"taxonomy":"product_cat","embeddable":true,"href":"https:\/\/www.budream.com\/es\/wp-json\/wp\/v2\/product_cat?post=168721"},{"taxonomy":"product_tag","embeddable":true,"href":"https:\/\/www.budream.com\/es\/wp-json\/wp\/v2\/product_tag?post=168721"}],"curies":[{"name":"wp","href":"https:\/\/api.w.org\/{rel}","templated":true}]}}