{"id":170507,"date":"2025-08-01T00:14:45","date_gmt":"2025-07-31T22:14:45","guid":{"rendered":"https:\/\/www.budream.com\/shop\/banco-de-semillas-sensi-jamaican-pearl-fem\/"},"modified":"2026-03-27T12:49:22","modified_gmt":"2026-03-27T10:49:22","slug":"banco-de-semillas-sensi-jamaican-pearl-fem","status":"publish","type":"product","link":"https:\/\/www.budream.com\/es\/shop\/banco-de-semillas-sensi-jamaican-pearl-fem\/","title":{"rendered":"BANCO DE SEMILLAS SENSI &#8211; JAMAICAN PEARL FEM"},"content":{"rendered":"<p>Las semillas feminizadas Jamaican Pearl de Sensi Seeds tienen su origen en el cruce de dos gen\u00e9ticas mundialmente conocidas: Marley&#8217;s Collie y Early Pearl. Early Pearl es una de las variedades m\u00e1s antiguas del cat\u00e1logo de Sensi Seeds.<span style=\"text-decoration: underline\"><\/p>\n<p><\/span><\/p>\n<h2><strong>Caracter\u00edsticas Jamaican Pearl Fem:<\/strong><\/h2>\n<ul style=\"list-style-type: disc\">\n<li><strong>G\u00e9nero:<\/strong> H\u00edbrido Feminizado<\/li>\n<li><strong>Genotipo:<\/strong> 15% Indica \/ 85% Sativa<\/li>\n<li><strong>Gen\u00e9tica: <\/strong>Marley Collie <span class=\"cross\">x<\/span> Early Pearl<\/li>\n<li>D\u00edas de<strong>floraci\u00f3n:<\/strong> 55 &#8211; 55 d\u00edas<\/li>\n<\/ul>\n<p><span style=\"font-size: 11pt\"><em><strong>ADVERTENCIA:<\/strong> Las semillas de c\u00e1\u00f1amo est\u00e1n excluidas de la noci\u00f3n legal de Cannabis, lo que significa que no deben considerarse una sustancia estupefaciente (L. 412 de 1974, art. 1, p\u00e1rrafo 1, lett. B; Convenci\u00f3n \u00danica sobre Estupefacientes de Nueva York de 1961 y tabla II del Decreto Ministerial 27\/7\/1992). En Italia, el cultivo del c\u00e1\u00f1amo est\u00e1 prohibido (art\u00edculos 28 y 73 del Decreto Presidencial 309\/90) a menos que se obtenga una autorizaci\u00f3n especial (art\u00edculo 17 del Decreto Presidencial 309\/90). A falta de autorizaci\u00f3n, las semillas s\u00f3lo pueden utilizarse para otros fines (zoot\u00e9cnicos, recolecci\u00f3n, etc.). Las semillas se venden con la reserva de que no sean utilizadas por terceros en conflicto con la ley.<\/em><\/span><\/p>\n","protected":false},"excerpt":{"rendered":"<p>Las semillas feminizadas Jamaican Pearl de Sensi Seeds tienen su origen en el cruce de dos gen\u00e9ticas mundialmente conocidas: Marley&#8217;s<\/p>\n","protected":false},"featured_media":197068,"comment_status":"open","ping_status":"closed","template":"","meta":[],"product_brand":[],"product_cat":[7953],"product_tag":[],"class_list":{"0":"post-170507","1":"product","2":"type-product","3":"status-publish","4":"has-post-thumbnail","6":"product_cat-seedshop-es","8":"first","9":"instock","10":"sale","11":"taxable","12":"shipping-taxable","13":"purchasable","14":"product-type-variable"},"_links":{"self":[{"href":"https:\/\/www.budream.com\/es\/wp-json\/wp\/v2\/product\/170507","targetHints":{"allow":["GET"]}}],"collection":[{"href":"https:\/\/www.budream.com\/es\/wp-json\/wp\/v2\/product"}],"about":[{"href":"https:\/\/www.budream.com\/es\/wp-json\/wp\/v2\/types\/product"}],"replies":[{"embeddable":true,"href":"https:\/\/www.budream.com\/es\/wp-json\/wp\/v2\/comments?post=170507"}],"version-history":[{"count":0,"href":"https:\/\/www.budream.com\/es\/wp-json\/wp\/v2\/product\/170507\/revisions"}],"wp:featuredmedia":[{"embeddable":true,"href":"https:\/\/www.budream.com\/es\/wp-json\/wp\/v2\/media\/197068"}],"wp:attachment":[{"href":"https:\/\/www.budream.com\/es\/wp-json\/wp\/v2\/media?parent=170507"}],"wp:term":[{"taxonomy":"product_brand","embeddable":true,"href":"https:\/\/www.budream.com\/es\/wp-json\/wp\/v2\/product_brand?post=170507"},{"taxonomy":"product_cat","embeddable":true,"href":"https:\/\/www.budream.com\/es\/wp-json\/wp\/v2\/product_cat?post=170507"},{"taxonomy":"product_tag","embeddable":true,"href":"https:\/\/www.budream.com\/es\/wp-json\/wp\/v2\/product_tag?post=170507"}],"curies":[{"name":"wp","href":"https:\/\/api.w.org\/{rel}","templated":true}]}}