{"id":170692,"date":"2025-08-01T00:21:03","date_gmt":"2025-07-31T22:21:03","guid":{"rendered":"https:\/\/www.budream.com\/shop\/banco-de-semillas-sensi-northern-lights-5-x-haze-fem\/"},"modified":"2026-03-23T23:24:01","modified_gmt":"2026-03-23T21:24:01","slug":"banco-de-semillas-sensi-northern-lights-5-x-haze-fem","status":"publish","type":"product","link":"https:\/\/www.budream.com\/es\/shop\/banco-de-semillas-sensi-northern-lights-5-x-haze-fem\/","title":{"rendered":"BANCO DE SEMILLAS SENSI &#8211; NORTHERN LIGHTS #5 X HAZE FEM"},"content":{"rendered":"<div style=\"text-align: justify\">NL#5 x Haze de Sensi Seeds es una semilla feminizada que tiene su origen en el cruce de una Sativa tropical y una Indica seleccionada.<br \/>Muchos h\u00edbridos mundialmente famosos como Silver Haze, Shiva Skunk o Silver Pearl proceden de NL#5 x Haze y, tras ganar numerosos premios, se ha convertido en una variedad a la que hay que echarle el guante.<\/p>\n<\/div>\n<h2><strong>Caracter\u00edsticas Northern Lights #5 x Haze Fem Sensi Seeds Bank:<\/strong><\/h2>\n<ul style=\"list-style-type: disc\">\n<li><strong>G\u00e9nero:<\/strong> Feminizada<\/li>\n<li><strong>Genotipo: <\/strong>H\u00edbrido 30% Indica \/ 70% Sativa<\/li>\n<li><strong>Gen\u00e9tica:<\/strong> Northern Lights#5 <span class=\"cross\">x<\/span> Haze<\/li>\n<li><strong>D\u00edas de floraci\u00f3n:<\/strong> 65-75 d\u00edas<\/li>\n<\/ul>\n<p><span style=\"font-size: 11pt\"><em><strong>ADVERTENCIA:<\/strong> Las semillas de c\u00e1\u00f1amo est\u00e1n excluidas de la noci\u00f3n legal de Cannabis, lo que significa que no deben considerarse una sustancia estupefaciente (L. 412 de 1974, art. 1, p\u00e1rrafo 1, lett. B; Convenci\u00f3n \u00danica sobre Estupefacientes de Nueva York de 1961 y tabla II del Decreto Ministerial 27\/7\/1992). En Italia, el cultivo del c\u00e1\u00f1amo est\u00e1 prohibido (art\u00edculos 28 y 73 del Decreto Presidencial 309\/90) a menos que se obtenga una autorizaci\u00f3n especial (art\u00edculo 17 del Decreto Presidencial 309\/90). A falta de autorizaci\u00f3n, las semillas s\u00f3lo pueden utilizarse para otros fines (zoot\u00e9cnicos, recolecci\u00f3n, etc.). Las semillas se venden con la reserva de que no ser\u00e1n utilizadas por terceros en conflicto con la ley.<\/em><\/span><\/p>\n","protected":false},"excerpt":{"rendered":"<p>NL#5 x Haze de Sensi Seeds es una semilla feminizada que tiene su origen en el cruce de una Sativa<\/p>\n","protected":false},"featured_media":197083,"comment_status":"open","ping_status":"closed","template":"","meta":[],"product_brand":[],"product_cat":[7953],"product_tag":[],"class_list":{"0":"post-170692","1":"product","2":"type-product","3":"status-publish","4":"has-post-thumbnail","6":"product_cat-seedshop-es","8":"first","9":"instock","10":"sale","11":"taxable","12":"shipping-taxable","13":"purchasable","14":"product-type-variable"},"_links":{"self":[{"href":"https:\/\/www.budream.com\/es\/wp-json\/wp\/v2\/product\/170692","targetHints":{"allow":["GET"]}}],"collection":[{"href":"https:\/\/www.budream.com\/es\/wp-json\/wp\/v2\/product"}],"about":[{"href":"https:\/\/www.budream.com\/es\/wp-json\/wp\/v2\/types\/product"}],"replies":[{"embeddable":true,"href":"https:\/\/www.budream.com\/es\/wp-json\/wp\/v2\/comments?post=170692"}],"version-history":[{"count":0,"href":"https:\/\/www.budream.com\/es\/wp-json\/wp\/v2\/product\/170692\/revisions"}],"wp:featuredmedia":[{"embeddable":true,"href":"https:\/\/www.budream.com\/es\/wp-json\/wp\/v2\/media\/197083"}],"wp:attachment":[{"href":"https:\/\/www.budream.com\/es\/wp-json\/wp\/v2\/media?parent=170692"}],"wp:term":[{"taxonomy":"product_brand","embeddable":true,"href":"https:\/\/www.budream.com\/es\/wp-json\/wp\/v2\/product_brand?post=170692"},{"taxonomy":"product_cat","embeddable":true,"href":"https:\/\/www.budream.com\/es\/wp-json\/wp\/v2\/product_cat?post=170692"},{"taxonomy":"product_tag","embeddable":true,"href":"https:\/\/www.budream.com\/es\/wp-json\/wp\/v2\/product_tag?post=170692"}],"curies":[{"name":"wp","href":"https:\/\/api.w.org\/{rel}","templated":true}]}}