{"id":170844,"date":"2025-08-01T00:26:08","date_gmt":"2025-07-31T22:26:08","guid":{"rendered":"https:\/\/www.budream.com\/shop\/banco-de-semillas-sensi-hindu-kush-automatic-fem\/"},"modified":"2026-04-21T10:27:09","modified_gmt":"2026-04-21T08:27:09","slug":"banco-de-semillas-sensi-hindu-kush-automatic-fem","status":"publish","type":"product","link":"https:\/\/www.budream.com\/es\/shop\/banco-de-semillas-sensi-hindu-kush-automatic-fem\/","title":{"rendered":"BANCO DE SEMILLAS SENSI &#8211; HINDU KUSH AUTOMATIC FEM"},"content":{"rendered":"<div style=\"text-align: justify\">Hindu Kush Automatic de Sensi Seeds es una semilla que tiene su origen en un cruce entre una Ruderalis y una legendaria variedad Indica con m\u00e1s de 20 a\u00f1os de antig\u00fcedad. Se han utilizado las t\u00e9cnicas tecnol\u00f3gicamente m\u00e1s avanzadas para crear esta inmejorable Indica feminizada autofloreciente.<\/p>\n<\/div>\n<h2><strong>Caracter\u00edsticas Hindu Kush Automatic Fem Sensi Seeds Bank:<\/strong><\/h2>\n<ul style=\"list-style-type: disc\">\n<li><strong>G\u00e9nero:<\/strong> Autofloreciente Feminizada<\/li>\n<li><strong>Genotipo <\/strong>: 90% Indica \/ 10% Sativa h\u00edbrido<\/li>\n<li><strong>Gen\u00e9tica: <\/strong>Hindu Kush <span class=\"cross\">x<\/span> Ruderalis<\/li>\n<li><strong>D\u00edas de floraci\u00f3n:<\/strong> 45-50 d\u00edas<\/li>\n<\/ul>\n<p><span style=\"font-size: 11pt\"><em><strong>ADVERTENCIA:<\/strong> Las semillas de c\u00e1\u00f1amo est\u00e1n excluidas de la noci\u00f3n legal de Cannabis, lo que significa que no deben considerarse una sustancia estupefaciente (L. 412 de 1974, art. 1, p\u00e1rrafo 1, lett. B; Convenci\u00f3n \u00danica sobre Estupefacientes de Nueva York de 1961 y tabla II del Decreto Ministerial 27\/7\/1992). En Italia, el cultivo del c\u00e1\u00f1amo est\u00e1 prohibido (art\u00edculos 28 y 73 del Decreto Presidencial 309\/90) a menos que se obtenga una autorizaci\u00f3n especial (art\u00edculo 17 del Decreto Presidencial 309\/90). A falta de autorizaci\u00f3n, las semillas s\u00f3lo pueden utilizarse para otros fines (zoot\u00e9cnicos, recolecci\u00f3n, etc.). Las semillas se venden con la reserva de que no sean utilizadas por terceros en conflicto con la ley.<\/em><\/span><\/p>\n","protected":false},"excerpt":{"rendered":"<p>Hindu Kush Automatic de Sensi Seeds es una semilla que tiene su origen en un cruce entre una Ruderalis y<\/p>\n","protected":false},"featured_media":197038,"comment_status":"open","ping_status":"closed","template":"","meta":[],"product_brand":[],"product_cat":[7953],"product_tag":[],"class_list":{"0":"post-170844","1":"product","2":"type-product","3":"status-publish","4":"has-post-thumbnail","6":"product_cat-seedshop-es","8":"first","9":"instock","10":"sale","11":"taxable","12":"shipping-taxable","13":"purchasable","14":"product-type-variable"},"aioseo_notices":[],"_links":{"self":[{"href":"https:\/\/www.budream.com\/es\/wp-json\/wp\/v2\/product\/170844","targetHints":{"allow":["GET"]}}],"collection":[{"href":"https:\/\/www.budream.com\/es\/wp-json\/wp\/v2\/product"}],"about":[{"href":"https:\/\/www.budream.com\/es\/wp-json\/wp\/v2\/types\/product"}],"replies":[{"embeddable":true,"href":"https:\/\/www.budream.com\/es\/wp-json\/wp\/v2\/comments?post=170844"}],"version-history":[{"count":0,"href":"https:\/\/www.budream.com\/es\/wp-json\/wp\/v2\/product\/170844\/revisions"}],"wp:featuredmedia":[{"embeddable":true,"href":"https:\/\/www.budream.com\/es\/wp-json\/wp\/v2\/media\/197038"}],"wp:attachment":[{"href":"https:\/\/www.budream.com\/es\/wp-json\/wp\/v2\/media?parent=170844"}],"wp:term":[{"taxonomy":"product_brand","embeddable":true,"href":"https:\/\/www.budream.com\/es\/wp-json\/wp\/v2\/product_brand?post=170844"},{"taxonomy":"product_cat","embeddable":true,"href":"https:\/\/www.budream.com\/es\/wp-json\/wp\/v2\/product_cat?post=170844"},{"taxonomy":"product_tag","embeddable":true,"href":"https:\/\/www.budream.com\/es\/wp-json\/wp\/v2\/product_tag?post=170844"}],"curies":[{"name":"wp","href":"https:\/\/api.w.org\/{rel}","templated":true}]}}