{"id":171594,"date":"2025-08-01T01:05:53","date_gmt":"2025-07-31T23:05:53","guid":{"rendered":"https:\/\/www.budream.com\/shop\/green-house-seed-co-tarta-del-rey-fem\/"},"modified":"2025-12-10T16:42:01","modified_gmt":"2025-12-10T14:42:01","slug":"green-house-seed-co-tarta-del-rey-fem","status":"publish","type":"product","link":"https:\/\/www.budream.com\/es\/shop\/green-house-seed-co-tarta-del-rey-fem\/","title":{"rendered":"GREEN HOUSE SEED CO. &#8211; TARTA DEL REY FEM"},"content":{"rendered":"<div style=\"text-align: justify\">King&#8217;s Tart es un polih\u00edbrido con dominancia Indica de gen\u00e9tica americana.<\/div>\n<div style=\"text-align: justify\">Kush Cake es tambi\u00e9n conocida como Los Angeles Kush Cake, un popular h\u00edbrido con dominancia Indica de gen\u00e9tica Wedding Cake y Kush Mints creado por Liberty Health Sciences y Seed Junky Genetics.<\/div>\n<div style=\"text-align: justify\">Bubba Slush es un h\u00edbrido Bubba Kush anterior a 1998, polinizado por Ice Cream, una variedad del criador Sherbinski.<\/div>\n<h2><strong>Caracter\u00edsticas King&#8217;s Tart Fem<\/strong><\/h2>\n<ul style=\"list-style-type: disc\">\n<li><strong>G\u00e9nero:<\/strong> Feminizada<\/li>\n<li><strong>Genotipo<\/strong>: H\u00edbrido 80% Indica 20% Sativa<\/li>\n<li><strong>Gen\u00e9tica:<\/strong> LA Kush Cake x Bubba Slush<\/li>\n<li><strong>D\u00edas:<\/strong> 49-56 d\u00edas<\/li>\n<\/ul>\n<p><\/p>\n<div style=\"text-align: justify\"><span style=\"font-size: 11pt\"><em><strong>ADVERTENCIA:<\/strong> Las semillas de c\u00e1\u00f1amo est\u00e1n excluidas de la noci\u00f3n legal de Cannabis, lo que significa que no deben considerarse una sustancia estupefaciente (L. 412 de 1974, art. 1, p\u00e1rrafo 1, lett. B; Convenci\u00f3n \u00danica sobre Estupefacientes de Nueva York de 1961 y tabla II del Decreto Ministerial 27\/7\/1992). En Italia, el cultivo del c\u00e1\u00f1amo est\u00e1 prohibido (art\u00edculos 28 y 73 del Decreto Presidencial 309\/90) a menos que se obtenga una autorizaci\u00f3n especial (art\u00edculo 17 del Decreto Presidencial 309\/90). A falta de autorizaci\u00f3n, las semillas s\u00f3lo pueden utilizarse para otros fines (zoot\u00e9cnicos, recolecci\u00f3n, etc.). Las semillas se venden con la reserva de que no sean utilizadas por terceros en conflicto con la ley.<\/em><\/span><\/div>\n","protected":false},"excerpt":{"rendered":"<p>King&#8217;s Tart es un polih\u00edbrido con dominancia Indica de gen\u00e9tica americana. Kush Cake es tambi\u00e9n conocida como Los Angeles Kush<\/p>\n","protected":false},"featured_media":225794,"comment_status":"open","ping_status":"closed","template":"","meta":[],"product_brand":[],"product_cat":[7953],"product_tag":[],"class_list":{"0":"post-171594","1":"product","2":"type-product","3":"status-publish","4":"has-post-thumbnail","6":"product_cat-seedshop-es","8":"first","9":"outofstock","10":"sale","11":"taxable","12":"shipping-taxable","13":"purchasable","14":"product-type-variable"},"aioseo_notices":[],"_links":{"self":[{"href":"https:\/\/www.budream.com\/es\/wp-json\/wp\/v2\/product\/171594","targetHints":{"allow":["GET"]}}],"collection":[{"href":"https:\/\/www.budream.com\/es\/wp-json\/wp\/v2\/product"}],"about":[{"href":"https:\/\/www.budream.com\/es\/wp-json\/wp\/v2\/types\/product"}],"replies":[{"embeddable":true,"href":"https:\/\/www.budream.com\/es\/wp-json\/wp\/v2\/comments?post=171594"}],"version-history":[{"count":0,"href":"https:\/\/www.budream.com\/es\/wp-json\/wp\/v2\/product\/171594\/revisions"}],"wp:featuredmedia":[{"embeddable":true,"href":"https:\/\/www.budream.com\/es\/wp-json\/wp\/v2\/media\/225794"}],"wp:attachment":[{"href":"https:\/\/www.budream.com\/es\/wp-json\/wp\/v2\/media?parent=171594"}],"wp:term":[{"taxonomy":"product_brand","embeddable":true,"href":"https:\/\/www.budream.com\/es\/wp-json\/wp\/v2\/product_brand?post=171594"},{"taxonomy":"product_cat","embeddable":true,"href":"https:\/\/www.budream.com\/es\/wp-json\/wp\/v2\/product_cat?post=171594"},{"taxonomy":"product_tag","embeddable":true,"href":"https:\/\/www.budream.com\/es\/wp-json\/wp\/v2\/product_tag?post=171594"}],"curies":[{"name":"wp","href":"https:\/\/api.w.org\/{rel}","templated":true}]}}