{"id":171619,"date":"2025-08-01T01:07:37","date_gmt":"2025-07-31T23:07:37","guid":{"rendered":"https:\/\/www.budream.com\/shop\/green-house-seed-co-limon-naranja-fem\/"},"modified":"2026-04-27T12:26:15","modified_gmt":"2026-04-27T10:26:15","slug":"green-house-seed-co-limon-naranja-fem","status":"publish","type":"product","link":"https:\/\/www.budream.com\/es\/shop\/green-house-seed-co-limon-naranja-fem\/","title":{"rendered":"GREEN HOUSE SEED CO. &#8211; LIM\u00d3N NARANJA FEM"},"content":{"rendered":"<p>Lemon Orange es una variedad creada a partir de una mezcla de nuestra campeona de todos los tiempos, Super Lemon Haze, con nuestra selecci\u00f3n de Clementinas de la familia Crockett.<\/p>\n<h2><strong><br \/>Caracter\u00edsticas Lemon Orange Fem<\/strong><\/h2>\n<ul style=\"list-style-type: disc\">\n<li><strong>G\u00e9nero:<\/strong> Feminizada<\/li>\n<li>Genotipo<strong>:<\/strong> H\u00edbrido 30% Indica 70% Sativa<\/li>\n<li><strong>Gen\u00e9tica:<\/strong> Super Lemon Haze x Clementine<\/li>\n<li><strong>D\u00edas:<\/strong> 60-70 d\u00edas<\/li>\n<\/ul>\n<p><span style=\"font-size: 11pt\"><em><strong>ADVERTENCIA:<\/strong> Las semillas de c\u00e1\u00f1amo est\u00e1n excluidas de la noci\u00f3n legal de Cannabis, lo que significa que no deben considerarse una sustancia estupefaciente (L. 412 de 1974, Art. 1, p\u00e1rrafo 1, lett. B; Convenci\u00f3n \u00danica sobre Estupefacientes de Nueva York de 1961 y tabla II del Decreto Ministerial 27\/7\/1992). En Italia, el cultivo del c\u00e1\u00f1amo est\u00e1 prohibido (art\u00edculos 28 y 73 del Decreto Presidencial 309\/90) a menos que se obtenga una autorizaci\u00f3n especial (art\u00edculo 17 del Decreto Presidencial 309\/90). A falta de autorizaci\u00f3n, las semillas s\u00f3lo pueden utilizarse para otros fines (zoot\u00e9cnicos, recolecci\u00f3n, etc.). Las semillas se venden con la reserva de que no sean utilizadas por terceros en conflicto con la ley.<\/em><\/span><\/p>\n","protected":false},"excerpt":{"rendered":"<p>Lemon Orange es una variedad creada a partir de una mezcla de nuestra campeona de todos los tiempos, Super Lemon<\/p>\n","protected":false},"featured_media":225769,"comment_status":"open","ping_status":"closed","template":"","meta":[],"product_brand":[],"product_cat":[7953],"product_tag":[],"class_list":{"0":"post-171619","1":"product","2":"type-product","3":"status-publish","4":"has-post-thumbnail","6":"product_cat-seedshop-es","8":"first","9":"instock","10":"sale","11":"taxable","12":"shipping-taxable","13":"purchasable","14":"product-type-variable"},"aioseo_notices":[],"_links":{"self":[{"href":"https:\/\/www.budream.com\/es\/wp-json\/wp\/v2\/product\/171619","targetHints":{"allow":["GET"]}}],"collection":[{"href":"https:\/\/www.budream.com\/es\/wp-json\/wp\/v2\/product"}],"about":[{"href":"https:\/\/www.budream.com\/es\/wp-json\/wp\/v2\/types\/product"}],"replies":[{"embeddable":true,"href":"https:\/\/www.budream.com\/es\/wp-json\/wp\/v2\/comments?post=171619"}],"version-history":[{"count":1,"href":"https:\/\/www.budream.com\/es\/wp-json\/wp\/v2\/product\/171619\/revisions"}],"predecessor-version":[{"id":262255,"href":"https:\/\/www.budream.com\/es\/wp-json\/wp\/v2\/product\/171619\/revisions\/262255"}],"wp:featuredmedia":[{"embeddable":true,"href":"https:\/\/www.budream.com\/es\/wp-json\/wp\/v2\/media\/225769"}],"wp:attachment":[{"href":"https:\/\/www.budream.com\/es\/wp-json\/wp\/v2\/media?parent=171619"}],"wp:term":[{"taxonomy":"product_brand","embeddable":true,"href":"https:\/\/www.budream.com\/es\/wp-json\/wp\/v2\/product_brand?post=171619"},{"taxonomy":"product_cat","embeddable":true,"href":"https:\/\/www.budream.com\/es\/wp-json\/wp\/v2\/product_cat?post=171619"},{"taxonomy":"product_tag","embeddable":true,"href":"https:\/\/www.budream.com\/es\/wp-json\/wp\/v2\/product_tag?post=171619"}],"curies":[{"name":"wp","href":"https:\/\/api.w.org\/{rel}","templated":true}]}}