{"id":171689,"date":"2025-08-01T01:11:07","date_gmt":"2025-07-31T23:11:07","guid":{"rendered":"https:\/\/www.budream.com\/shop\/banco-de-semillas-sensi-shiva-skunk-automatica-fem\/"},"modified":"2026-03-24T12:49:11","modified_gmt":"2026-03-24T10:49:11","slug":"banco-de-semillas-sensi-shiva-skunk-automatica-fem","status":"publish","type":"product","link":"https:\/\/www.budream.com\/es\/shop\/banco-de-semillas-sensi-shiva-skunk-automatica-fem\/","title":{"rendered":"BANCO DE SEMILLAS SENSI &#8211; SHIVA SKUNK AUTOMATICA FEM"},"content":{"rendered":"<div style=\"text-align: justify\">Shiva Skunk Autofloreciente es una de las variedades autoflorecientes con dominancia Indica. Presume de un impresionante parentesco, siendo un h\u00edbrido de Northern Lights #5, Skunk #1, y una ruderalis. El resultado es una cepa 20% sativa y 80% \u00edndica.<\/div>\n<p><\/p>\n<h2><strong>Caracter\u00edsticas Shiva Skunk Auto Fem Sensi Seeds Bank:<\/strong><\/h2>\n<ul style=\"list-style-type: disc\">\n<li><strong>G\u00e9nero:<\/strong> H\u00edbrido Feminizado Autofloreciente<\/li>\n<li><strong>Genotipo<\/strong>: 80% Indica 20% Sativa<\/li>\n<li><strong>Gen\u00e9tica<\/strong>: Northern Lights #5 x Skunk #1 x Ruderalis<\/li>\n<li><strong>D\u00edas de floraci\u00f3n:<\/strong> 56-63 d\u00edas<\/li>\n<\/ul>\n<p><span style=\"font-size: 11pt\"><em><strong>ADVERTENCIA:<\/strong> Las semillas de c\u00e1\u00f1amo est\u00e1n excluidas de la noci\u00f3n legal de Cannabis, lo que significa que no deben considerarse una sustancia estupefaciente (L. 412 de 1974, art. 1, p\u00e1rrafo 1, lett. B; Convenci\u00f3n \u00danica sobre Estupefacientes de Nueva York de 1961 y tabla II del Decreto Ministerial 27\/7\/1992). En Italia, el cultivo del c\u00e1\u00f1amo est\u00e1 prohibido (art\u00edculos 28 y 73 del Decreto Presidencial 309\/90) a menos que se obtenga una autorizaci\u00f3n especial (art\u00edculo 17 del Decreto Presidencial 309\/90). A falta de autorizaci\u00f3n, las semillas s\u00f3lo pueden utilizarse para otros fines (zoot\u00e9cnicos, recolecci\u00f3n, etc.). Las semillas se venden con la reserva de que no ser\u00e1n utilizadas por terceros en conflicto con la ley.<\/em><\/span><\/p>\n","protected":false},"excerpt":{"rendered":"<p>Shiva Skunk Autofloreciente es una de las variedades autoflorecientes con dominancia Indica. Presume de un impresionante parentesco, siendo un h\u00edbrido<\/p>\n","protected":false},"featured_media":197133,"comment_status":"open","ping_status":"closed","template":"","meta":[],"product_brand":[],"product_cat":[7953],"product_tag":[],"class_list":{"0":"post-171689","1":"product","2":"type-product","3":"status-publish","4":"has-post-thumbnail","6":"product_cat-seedshop-es","8":"first","9":"instock","10":"sale","11":"taxable","12":"shipping-taxable","13":"purchasable","14":"product-type-variable"},"_links":{"self":[{"href":"https:\/\/www.budream.com\/es\/wp-json\/wp\/v2\/product\/171689","targetHints":{"allow":["GET"]}}],"collection":[{"href":"https:\/\/www.budream.com\/es\/wp-json\/wp\/v2\/product"}],"about":[{"href":"https:\/\/www.budream.com\/es\/wp-json\/wp\/v2\/types\/product"}],"replies":[{"embeddable":true,"href":"https:\/\/www.budream.com\/es\/wp-json\/wp\/v2\/comments?post=171689"}],"version-history":[{"count":0,"href":"https:\/\/www.budream.com\/es\/wp-json\/wp\/v2\/product\/171689\/revisions"}],"wp:featuredmedia":[{"embeddable":true,"href":"https:\/\/www.budream.com\/es\/wp-json\/wp\/v2\/media\/197133"}],"wp:attachment":[{"href":"https:\/\/www.budream.com\/es\/wp-json\/wp\/v2\/media?parent=171689"}],"wp:term":[{"taxonomy":"product_brand","embeddable":true,"href":"https:\/\/www.budream.com\/es\/wp-json\/wp\/v2\/product_brand?post=171689"},{"taxonomy":"product_cat","embeddable":true,"href":"https:\/\/www.budream.com\/es\/wp-json\/wp\/v2\/product_cat?post=171689"},{"taxonomy":"product_tag","embeddable":true,"href":"https:\/\/www.budream.com\/es\/wp-json\/wp\/v2\/product_tag?post=171689"}],"curies":[{"name":"wp","href":"https:\/\/api.w.org\/{rel}","templated":true}]}}