{"id":171801,"date":"2025-08-01T01:17:33","date_gmt":"2025-07-31T23:17:33","guid":{"rendered":"https:\/\/www.budream.com\/shop\/banco-de-semillas-sensi-super-skunk-auto-fem\/"},"modified":"2026-04-30T16:48:12","modified_gmt":"2026-04-30T14:48:12","slug":"banco-de-semillas-sensi-super-skunk-auto-fem","status":"publish","type":"product","link":"https:\/\/www.budream.com\/es\/shop\/banco-de-semillas-sensi-super-skunk-auto-fem\/","title":{"rendered":"BANCO DE SEMILLAS SENSI &#8211; SUPER SKUNK AUTO FEM"},"content":{"rendered":"<div style=\"text-align: justify\">Super Skunk Automatic es un h\u00edbrido de Skunk #1 y una planta de hach\u00eds afgana de primera calidad. Sus antecedentes gen\u00e9ticos tambi\u00e9n incluyen una de las variedades autoflorecientes de Sensi Seeds.<\/p>\n<\/div>\n<h2><strong>Caracter\u00edsticas Super Skunk Auto Fem Sensi Seeds Bank:<\/strong><\/h2>\n<ul style=\"list-style-type: disc\">\n<li><strong>G\u00e9nero:<\/strong> H\u00edbrido Feminizado Autofloreciente<\/li>\n<li><strong>Genotipo<\/strong>: 80% Indica 20% Sativa<\/li>\n<li><strong>Gen\u00e9tica<\/strong>: Skunk #1 x Afghan Hashplant x Ruderalis<\/li>\n<li><strong>D\u00edas de floraci\u00f3n: <\/strong>56-63 d\u00edas<\/li>\n<\/ul>\n<p><span style=\"font-size: 11pt\"><em><strong>ADVERTENCIA:<\/strong> Las semillas de c\u00e1\u00f1amo est\u00e1n excluidas de la noci\u00f3n legal de Cannabis, lo que significa que no deben considerarse una sustancia estupefaciente (L. 412 de 1974, art. 1, p\u00e1rrafo 1, lett. B; Convenci\u00f3n \u00danica sobre Estupefacientes de Nueva York de 1961 y tabla II del Decreto Ministerial 27\/7\/1992). En Italia, el cultivo del c\u00e1\u00f1amo est\u00e1 prohibido (art\u00edculos 28 y 73 del Decreto Presidencial 309\/90) a menos que se obtenga una autorizaci\u00f3n especial (art\u00edculo 17 del Decreto Presidencial 309\/90). A falta de autorizaci\u00f3n, las semillas s\u00f3lo pueden utilizarse para otros fines (zoot\u00e9cnicos, recolecci\u00f3n, etc.). Las semillas se venden con la reserva de que no sean utilizadas por terceros en conflicto con la ley.<\/em><\/span><\/p>\n","protected":false},"excerpt":{"rendered":"<p>Super Skunk Automatic es un h\u00edbrido de Skunk #1 y una planta de hach\u00eds afgana de primera calidad. Sus antecedentes<\/p>\n","protected":false},"featured_media":197173,"comment_status":"open","ping_status":"closed","template":"","meta":[],"product_brand":[],"product_cat":[7953],"product_tag":[],"class_list":{"0":"post-171801","1":"product","2":"type-product","3":"status-publish","4":"has-post-thumbnail","6":"product_cat-seedshop-es","8":"first","9":"instock","10":"sale","11":"taxable","12":"shipping-taxable","13":"purchasable","14":"product-type-variable"},"_links":{"self":[{"href":"https:\/\/www.budream.com\/es\/wp-json\/wp\/v2\/product\/171801","targetHints":{"allow":["GET"]}}],"collection":[{"href":"https:\/\/www.budream.com\/es\/wp-json\/wp\/v2\/product"}],"about":[{"href":"https:\/\/www.budream.com\/es\/wp-json\/wp\/v2\/types\/product"}],"replies":[{"embeddable":true,"href":"https:\/\/www.budream.com\/es\/wp-json\/wp\/v2\/comments?post=171801"}],"version-history":[{"count":1,"href":"https:\/\/www.budream.com\/es\/wp-json\/wp\/v2\/product\/171801\/revisions"}],"predecessor-version":[{"id":265923,"href":"https:\/\/www.budream.com\/es\/wp-json\/wp\/v2\/product\/171801\/revisions\/265923"}],"wp:featuredmedia":[{"embeddable":true,"href":"https:\/\/www.budream.com\/es\/wp-json\/wp\/v2\/media\/197173"}],"wp:attachment":[{"href":"https:\/\/www.budream.com\/es\/wp-json\/wp\/v2\/media?parent=171801"}],"wp:term":[{"taxonomy":"product_brand","embeddable":true,"href":"https:\/\/www.budream.com\/es\/wp-json\/wp\/v2\/product_brand?post=171801"},{"taxonomy":"product_cat","embeddable":true,"href":"https:\/\/www.budream.com\/es\/wp-json\/wp\/v2\/product_cat?post=171801"},{"taxonomy":"product_tag","embeddable":true,"href":"https:\/\/www.budream.com\/es\/wp-json\/wp\/v2\/product_tag?post=171801"}],"curies":[{"name":"wp","href":"https:\/\/api.w.org\/{rel}","templated":true}]}}