{"id":171831,"date":"2025-08-01T01:19:16","date_gmt":"2025-07-31T23:19:16","guid":{"rendered":"https:\/\/www.budream.com\/shop\/green-house-seed-co-guava-x-ice-cream-41-autofloreciente-fem\/"},"modified":"2026-03-27T17:14:48","modified_gmt":"2026-03-27T15:14:48","slug":"green-house-seed-co-guava-x-ice-cream-41-autofloreciente-fem","status":"publish","type":"product","link":"https:\/\/www.budream.com\/es\/shop\/green-house-seed-co-guava-x-ice-cream-41-autofloreciente-fem\/","title":{"rendered":"GREEN HOUSE SEED CO. &#8211; GUAVA X ICE CREAM #41 AUTOFLORECIENTE FEM"},"content":{"rendered":"<p>Nuestra versi\u00f3n autofloreciente de Ice Cream #41 fue cruzada con la mejor selecci\u00f3n de Guava<\/p>\n<h2><strong>Caracter\u00edsticas Guava x Gelato #41 Autofloreciente Fem:<\/p>\n<p><\/strong><\/h2>\n<ul style=\"list-style-type: disc\">\n<li><strong>G\u00e9nero:<\/strong> H\u00edbrido Autofloreciente Feminizado<\/li>\n<li><strong>Genotipo<\/strong>: Indica 70%\/ Sativa 20%\/ Ruderalis 10%.<\/li>\n<li><strong>Gen\u00e9tica:<\/strong> Guava x Gelato #41 Autio<\/li>\n<li><strong>D\u00edas:<\/strong> 49- 56 d\u00edas<\/li>\n<\/ul>\n<p><span style=\"font-size: 11pt\"><em><strong>ADVERTENCIA:<\/strong> Las semillas de c\u00e1\u00f1amo est\u00e1n excluidas de la noci\u00f3n legal de Cannabis, lo que significa que no deben considerarse una sustancia estupefaciente (L. 412 de 1974, art. 1, p\u00e1rrafo 1, lett. B; Convenci\u00f3n \u00danica sobre Estupefacientes de Nueva York de 1961 y tabla II del Decreto Ministerial 27\/7\/1992). En Italia, el cultivo del c\u00e1\u00f1amo est\u00e1 prohibido (art\u00edculos 28 y 73 del Decreto Presidencial 309\/90) a menos que se obtenga una autorizaci\u00f3n especial (art\u00edculo 17 del Decreto Presidencial 309\/90). A falta de autorizaci\u00f3n, las semillas s\u00f3lo pueden utilizarse para otros fines (zoot\u00e9cnicos, recolecci\u00f3n, etc.). Las semillas se venden con la reserva de que no ser\u00e1n utilizadas por terceros en conflicto con la ley.<\/em><\/span><\/p>\n","protected":false},"excerpt":{"rendered":"<p>Nuestra versi\u00f3n autofloreciente de Ice Cream #41 fue cruzada con la mejor selecci\u00f3n de Guava Caracter\u00edsticas Guava x Gelato #41<\/p>\n","protected":false},"featured_media":214976,"comment_status":"open","ping_status":"closed","template":"","meta":[],"product_brand":[],"product_cat":[7953],"product_tag":[],"class_list":{"0":"post-171831","1":"product","2":"type-product","3":"status-publish","4":"has-post-thumbnail","6":"product_cat-seedshop-es","8":"first","9":"instock","10":"sale","11":"taxable","12":"shipping-taxable","13":"purchasable","14":"product-type-variable"},"_links":{"self":[{"href":"https:\/\/www.budream.com\/es\/wp-json\/wp\/v2\/product\/171831","targetHints":{"allow":["GET"]}}],"collection":[{"href":"https:\/\/www.budream.com\/es\/wp-json\/wp\/v2\/product"}],"about":[{"href":"https:\/\/www.budream.com\/es\/wp-json\/wp\/v2\/types\/product"}],"replies":[{"embeddable":true,"href":"https:\/\/www.budream.com\/es\/wp-json\/wp\/v2\/comments?post=171831"}],"version-history":[{"count":0,"href":"https:\/\/www.budream.com\/es\/wp-json\/wp\/v2\/product\/171831\/revisions"}],"wp:featuredmedia":[{"embeddable":true,"href":"https:\/\/www.budream.com\/es\/wp-json\/wp\/v2\/media\/214976"}],"wp:attachment":[{"href":"https:\/\/www.budream.com\/es\/wp-json\/wp\/v2\/media?parent=171831"}],"wp:term":[{"taxonomy":"product_brand","embeddable":true,"href":"https:\/\/www.budream.com\/es\/wp-json\/wp\/v2\/product_brand?post=171831"},{"taxonomy":"product_cat","embeddable":true,"href":"https:\/\/www.budream.com\/es\/wp-json\/wp\/v2\/product_cat?post=171831"},{"taxonomy":"product_tag","embeddable":true,"href":"https:\/\/www.budream.com\/es\/wp-json\/wp\/v2\/product_tag?post=171831"}],"curies":[{"name":"wp","href":"https:\/\/api.w.org\/{rel}","templated":true}]}}