{"id":172015,"date":"2025-08-01T01:35:29","date_gmt":"2025-07-31T23:35:29","guid":{"rendered":"https:\/\/www.budream.com\/shop\/barneys-farm-pina-express-fem\/"},"modified":"2026-03-24T01:32:01","modified_gmt":"2026-03-23T23:32:01","slug":"barneys-farm-pina-express-fem","status":"publish","type":"product","link":"https:\/\/www.budream.com\/es\/shop\/barneys-farm-pina-express-fem\/","title":{"rendered":"BARNEY&#8217;S FARM &#8211; PI\u00d1A EXPRESS FEM"},"content":{"rendered":"<div style=\"text-align: justify\">PINEAPPLE EXPRESS&trade; es un h\u00edbrido 60% sativa verdaderamente legendario, impulsado por un perfil de terpenos dominante en mirceno con un pedigr\u00ed de herencia gen\u00e9tica que habla por s\u00ed mismo. Es el resultado del cruce entre una variedad aut\u00f3ctona sativa hawaiana, evolucionada a lo largo de generaciones de cepas seleccionadas localmente, y Trainwreck, una fusi\u00f3n pionera de gen\u00e9ticas resultantes de cruces selectivos de variedades aut\u00f3ctonas afganas, sativas mexicanas y tailandesas.<\/div>\n<p><\/p>\n<h2><strong>Caracter\u00edsticas Pineapple Express Fem:<\/strong><\/h2>\n<ul style=\"list-style-type: disc\">\n<li><strong>G\u00e9nero:<\/strong> Feminizada<\/li>\n<li><strong>Genotipo<\/strong>: 60% Indica \/ 40% Sativa<\/li>\n<li><strong>Gen\u00e9tica:<\/strong> Hawaiian Landrace Sativa x Trainwreck<\/li>\n<li><strong>D\u00edas de floraci\u00f3n:<\/strong> 60-65 d\u00edas<\/li>\n<\/ul>\n<p><\/p>\n<div style=\"text-align: justify\"><span style=\"font-size: 11pt\"><em><strong>ADVERTENCIA:<\/strong> Las semillas de c\u00e1\u00f1amo est\u00e1n excluidas de la noci\u00f3n legal de Cannabis, lo que significa que no deben considerarse una sustancia estupefaciente (L. 412 de 1974, art. 1, p\u00e1rrafo 1, lett. B; Convenci\u00f3n \u00danica sobre Estupefacientes de Nueva York de 1961 y tabla II del Decreto Ministerial 27\/7\/1992). En Italia, el cultivo del c\u00e1\u00f1amo est\u00e1 prohibido (art\u00edculos 28 y 73 del Decreto Presidencial 309\/90) a menos que se obtenga una autorizaci\u00f3n especial (art\u00edculo 17 del Decreto Presidencial 309\/90). A falta de autorizaci\u00f3n, las semillas s\u00f3lo pueden utilizarse para otros fines (zoot\u00e9cnicos, recolecci\u00f3n, etc.). Las semillas se venden con la reserva de que no sean utilizadas por terceros en conflicto con la ley.<\/em><\/span><\/div>\n","protected":false},"excerpt":{"rendered":"<p>PINEAPPLE EXPRESS&trade; es un h\u00edbrido 60% sativa verdaderamente legendario, impulsado por un perfil de terpenos dominante en mirceno con un<\/p>\n","protected":false},"featured_media":172002,"comment_status":"open","ping_status":"closed","template":"","meta":[],"product_brand":[],"product_cat":[7953],"product_tag":[],"class_list":{"0":"post-172015","1":"product","2":"type-product","3":"status-publish","4":"has-post-thumbnail","6":"product_cat-seedshop-es","8":"first","9":"instock","10":"sale","11":"taxable","12":"shipping-taxable","13":"purchasable","14":"product-type-variable"},"aioseo_notices":[],"_links":{"self":[{"href":"https:\/\/www.budream.com\/es\/wp-json\/wp\/v2\/product\/172015","targetHints":{"allow":["GET"]}}],"collection":[{"href":"https:\/\/www.budream.com\/es\/wp-json\/wp\/v2\/product"}],"about":[{"href":"https:\/\/www.budream.com\/es\/wp-json\/wp\/v2\/types\/product"}],"replies":[{"embeddable":true,"href":"https:\/\/www.budream.com\/es\/wp-json\/wp\/v2\/comments?post=172015"}],"version-history":[{"count":0,"href":"https:\/\/www.budream.com\/es\/wp-json\/wp\/v2\/product\/172015\/revisions"}],"wp:featuredmedia":[{"embeddable":true,"href":"https:\/\/www.budream.com\/es\/wp-json\/wp\/v2\/media\/172002"}],"wp:attachment":[{"href":"https:\/\/www.budream.com\/es\/wp-json\/wp\/v2\/media?parent=172015"}],"wp:term":[{"taxonomy":"product_brand","embeddable":true,"href":"https:\/\/www.budream.com\/es\/wp-json\/wp\/v2\/product_brand?post=172015"},{"taxonomy":"product_cat","embeddable":true,"href":"https:\/\/www.budream.com\/es\/wp-json\/wp\/v2\/product_cat?post=172015"},{"taxonomy":"product_tag","embeddable":true,"href":"https:\/\/www.budream.com\/es\/wp-json\/wp\/v2\/product_tag?post=172015"}],"curies":[{"name":"wp","href":"https:\/\/api.w.org\/{rel}","templated":true}]}}