{"id":172372,"date":"2025-08-01T01:49:49","date_gmt":"2025-07-31T23:49:49","guid":{"rendered":"https:\/\/www.budream.com\/shop\/dutch-passion-tropical-tangie-fem\/"},"modified":"2026-03-27T10:13:57","modified_gmt":"2026-03-27T08:13:57","slug":"dutch-passion-tropical-tangie-fem","status":"publish","type":"product","link":"https:\/\/www.budream.com\/es\/shop\/dutch-passion-tropical-tangie-fem\/","title":{"rendered":"DUTCH PASSION &#8211; TROPICAL TANGIE FEM"},"content":{"rendered":"<p>Se trata de una variedad h\u00edbrida con dominancia Sativa. Tropical Tangie se origin\u00f3 a partir de una amplia selecci\u00f3n de plantas de un &#8216;phenohunt&#8217; original de Tangie. El clon de \u00e9lite seleccionado de este proyecto sobresali\u00f3 en todas sus caracter\u00edsticas.<\/p>\n<h2><strong>Caracter\u00edsticas Tropical Tangie Fem:<\/strong><\/h2>\n<ul style=\"list-style-type: disc\">\n<li><strong>G\u00e9nero:<\/strong> XL feminizada<\/li>\n<li>Genotipo<strong>:<\/strong> H\u00edbrido predominantemente Sativa<\/li>\n<li><strong>Gen\u00e9tica<\/strong>: Tangie x Tangie<\/li>\n<li><strong>D\u00edas:<\/strong> 63<\/li>\n<\/ul>\n<p><span style=\"font-size: 11pt\"><em><strong>ATENCI\u00d3N:<\/strong> Las semillas de c\u00e1\u00f1amo est\u00e1n excluidas de la noci\u00f3n legal de Cannabis, lo que significa que no deben considerarse una sustancia estupefaciente (Ley 412 de 1974, Art. 1, p\u00e1rrafo 1, lett. B; Convenci\u00f3n \u00danica sobre Estupefacientes de Nueva York de 1961 y tabla II del Decreto Ministerial 27\/7\/1992). En Italia, el cultivo del c\u00e1\u00f1amo est\u00e1 prohibido (art\u00edculos 28 y 73 del Decreto Presidencial 309\/90) a menos que se obtenga una autorizaci\u00f3n especial (art\u00edculo 17 del Decreto Presidencial 309\/90). A falta de autorizaci\u00f3n, las semillas s\u00f3lo pueden utilizarse para otros fines (zoot\u00e9cnicos, recolecci\u00f3n, etc.). Las semillas se venden con la reserva de que no sean utilizadas por terceros en conflicto con la ley.<\/em><\/span><\/p>\n","protected":false},"excerpt":{"rendered":"<p>Se trata de una variedad h\u00edbrida con dominancia Sativa. Tropical Tangie se origin\u00f3 a partir de una amplia selecci\u00f3n de<\/p>\n","protected":false},"featured_media":172361,"comment_status":"open","ping_status":"closed","template":"","meta":[],"product_brand":[],"product_cat":[7953],"product_tag":[],"class_list":{"0":"post-172372","1":"product","2":"type-product","3":"status-publish","4":"has-post-thumbnail","6":"product_cat-seedshop-es","8":"first","9":"instock","10":"sale","11":"taxable","12":"shipping-taxable","13":"purchasable","14":"product-type-variable"},"_links":{"self":[{"href":"https:\/\/www.budream.com\/es\/wp-json\/wp\/v2\/product\/172372","targetHints":{"allow":["GET"]}}],"collection":[{"href":"https:\/\/www.budream.com\/es\/wp-json\/wp\/v2\/product"}],"about":[{"href":"https:\/\/www.budream.com\/es\/wp-json\/wp\/v2\/types\/product"}],"replies":[{"embeddable":true,"href":"https:\/\/www.budream.com\/es\/wp-json\/wp\/v2\/comments?post=172372"}],"version-history":[{"count":0,"href":"https:\/\/www.budream.com\/es\/wp-json\/wp\/v2\/product\/172372\/revisions"}],"wp:featuredmedia":[{"embeddable":true,"href":"https:\/\/www.budream.com\/es\/wp-json\/wp\/v2\/media\/172361"}],"wp:attachment":[{"href":"https:\/\/www.budream.com\/es\/wp-json\/wp\/v2\/media?parent=172372"}],"wp:term":[{"taxonomy":"product_brand","embeddable":true,"href":"https:\/\/www.budream.com\/es\/wp-json\/wp\/v2\/product_brand?post=172372"},{"taxonomy":"product_cat","embeddable":true,"href":"https:\/\/www.budream.com\/es\/wp-json\/wp\/v2\/product_cat?post=172372"},{"taxonomy":"product_tag","embeddable":true,"href":"https:\/\/www.budream.com\/es\/wp-json\/wp\/v2\/product_tag?post=172372"}],"curies":[{"name":"wp","href":"https:\/\/api.w.org\/{rel}","templated":true}]}}