{"id":172995,"date":"2025-08-01T02:16:23","date_gmt":"2025-08-01T00:16:23","guid":{"rendered":"https:\/\/www.budream.com\/shop\/banco-de-semillas-sensi-sensi-purple-kush-fem\/"},"modified":"2026-03-25T13:52:28","modified_gmt":"2026-03-25T11:52:28","slug":"banco-de-semillas-sensi-sensi-purple-kush-fem","status":"publish","type":"product","link":"https:\/\/www.budream.com\/es\/shop\/banco-de-semillas-sensi-sensi-purple-kush-fem\/","title":{"rendered":"BANCO DE SEMILLAS SENSI &#8211; SENSI PURPLE KUSH FEM"},"content":{"rendered":"<div style=\"text-align: justify\">Purple Kush Feminizada es el producto de tres cepas de dominancia Indica, Hindu Kush, Skunk Kush y Maple Leaf Indica. Los rasgos de Indica en los terpenos le\u00f1osos ex\u00f3ticos y el perfil de musgo se pueden atribuir a Hindu Kush. Maple Leaf Indica se revela en el follaje compacto y denso. Una cierta influencia sativa de Skunk Kush se puede detectar en los sabores afrutados prominentes en el perfil de sabor.<\/p>\n<\/div>\n<h2><strong>Caracter\u00edsticas Sensi Purple Kush Fem Sensi Seeds Bank:<\/strong><\/h2>\n<ul style=\"list-style-type: disc\">\n<li><strong>G\u00e9nero:<\/strong> Feminizada<\/li>\n<li><strong>Genotipo: <\/strong>H\u00edbrido con dominancia Indica<\/li>\n<li><strong>Gen\u00e9tica<\/strong> <span style=\"font-weight: 400\">: Hindu Kush x Skunk Kush x Maple Leaf Indica<\/span><\/li>\n<li>D\u00edas de<strong>floraci\u00f3n:<\/strong> 55 &#8211; 60 d\u00edas<\/li>\n<\/ul>\n<p><span style=\"font-size: 11pt\"><em><strong>ADVERTENCIA:<\/strong> Las semillas de c\u00e1\u00f1amo est\u00e1n excluidas de la noci\u00f3n legal de Cannabis, lo que significa que no deben considerarse una sustancia estupefaciente (L. 412 de 1974, Art. 1, p\u00e1rrafo 1, lett. B; Convenci\u00f3n \u00danica sobre Estupefacientes de Nueva York de 1961 y tabla II del Decreto Ministerial 27\/7\/1992). En Italia, el cultivo del c\u00e1\u00f1amo est\u00e1 prohibido (art\u00edculos 28 y 73 del Decreto Presidencial 309\/90) a menos que se obtenga una autorizaci\u00f3n especial (art\u00edculo 17 del Decreto Presidencial 309\/90). A falta de autorizaci\u00f3n, las semillas s\u00f3lo pueden utilizarse para otros fines (zoot\u00e9cnicos, recolecci\u00f3n, etc.). Las semillas se venden con la reserva de que no sean utilizadas por terceros en conflicto con la ley.<\/em><\/span><\/p>\n","protected":false},"excerpt":{"rendered":"<p>Purple Kush Feminizada es el producto de tres cepas de dominancia Indica, Hindu Kush, Skunk Kush y Maple Leaf Indica.<\/p>\n","protected":false},"featured_media":197103,"comment_status":"open","ping_status":"closed","template":"","meta":[],"product_brand":[],"product_cat":[7953],"product_tag":[],"class_list":{"0":"post-172995","1":"product","2":"type-product","3":"status-publish","4":"has-post-thumbnail","6":"product_cat-seedshop-es","8":"first","9":"instock","10":"sale","11":"taxable","12":"shipping-taxable","13":"purchasable","14":"product-type-variable"},"_links":{"self":[{"href":"https:\/\/www.budream.com\/es\/wp-json\/wp\/v2\/product\/172995","targetHints":{"allow":["GET"]}}],"collection":[{"href":"https:\/\/www.budream.com\/es\/wp-json\/wp\/v2\/product"}],"about":[{"href":"https:\/\/www.budream.com\/es\/wp-json\/wp\/v2\/types\/product"}],"replies":[{"embeddable":true,"href":"https:\/\/www.budream.com\/es\/wp-json\/wp\/v2\/comments?post=172995"}],"version-history":[{"count":0,"href":"https:\/\/www.budream.com\/es\/wp-json\/wp\/v2\/product\/172995\/revisions"}],"wp:featuredmedia":[{"embeddable":true,"href":"https:\/\/www.budream.com\/es\/wp-json\/wp\/v2\/media\/197103"}],"wp:attachment":[{"href":"https:\/\/www.budream.com\/es\/wp-json\/wp\/v2\/media?parent=172995"}],"wp:term":[{"taxonomy":"product_brand","embeddable":true,"href":"https:\/\/www.budream.com\/es\/wp-json\/wp\/v2\/product_brand?post=172995"},{"taxonomy":"product_cat","embeddable":true,"href":"https:\/\/www.budream.com\/es\/wp-json\/wp\/v2\/product_cat?post=172995"},{"taxonomy":"product_tag","embeddable":true,"href":"https:\/\/www.budream.com\/es\/wp-json\/wp\/v2\/product_tag?post=172995"}],"curies":[{"name":"wp","href":"https:\/\/api.w.org\/{rel}","templated":true}]}}