{"id":173591,"date":"2025-08-01T02:44:33","date_gmt":"2025-08-01T00:44:33","guid":{"rendered":"https:\/\/www.budream.com\/shop\/sweet-seeds-gorilla-sherbet-f1-fast-version-fem-sws98\/"},"modified":"2026-05-04T11:56:14","modified_gmt":"2026-05-04T09:56:14","slug":"sweet-seeds-gorilla-sherbet-f1-fast-version-fem-sws98","status":"publish","type":"product","link":"https:\/\/www.budream.com\/es\/shop\/sweet-seeds-gorilla-sherbet-f1-fast-version-fem-sws98\/","title":{"rendered":"SWEET SEEDS &#8211; GORILLA SHERBET F1 FAST VERSION\u00ae FEM (SWS98)"},"content":{"rendered":"<div style=\"text-align: justify\">Versi\u00f3n feminizada, fotoperi\u00f3dica y de floraci\u00f3n ultrarr\u00e1pida de la famosa variedad de EE.UU. Sunset Sherbet (Girl Scout Cookies x Pink Panties), una de las m\u00e1s dignas representantes de la familia Cookies.<\/div>\n<p><\/p>\n<h2><strong>Gorilla Sherbet F1 Fast Version&reg; Fem (SWS98) de Sweet Seeds:<\/strong><\/h2>\n<ul style=\"list-style-type: disc\">\n<li><strong>G\u00e9nero:<\/strong> H\u00edbrido Feminizado Autofloreciente<\/li>\n<li><strong>Genotipo<\/strong>: H\u00edbrido: Indica: 70% \/ Sativa: 30%<\/li>\n<li><strong>Gen\u00e9tica:<\/strong> Sunset Sherbet (Girl Scout Cookies x Pink Panties) x Gorilla Girl XL Auto&reg; (SWS82) [Gorilla Girl&reg; x Sweet Gelato Auto&reg; (SWS74 x SWS76)].<\/li>\n<li>D\u00edas<strong>:<\/strong> 42 &#8211; 49 d\u00edas<\/li>\n<\/ul>\n<p><\/p>\n<div style=\"text-align: justify\"><span style=\"font-size: 11pt\"><em><strong>ADVERTENCIA:<\/strong> Las semillas de c\u00e1\u00f1amo est\u00e1n excluidas de la noci\u00f3n legal de Cannabis, lo que significa que no deben considerarse una sustancia estupefaciente (L. 412 de 1974, art. 1, p\u00e1rrafo 1, lett. B; Convenci\u00f3n \u00danica sobre Estupefacientes de Nueva York de 1961 y cuadro II del Decreto Ministerial de 27\/7\/1992). En Italia, el cultivo del c\u00e1\u00f1amo est\u00e1 prohibido (art\u00edculos 28 y 73 del Decreto Presidencial 309\/90) a menos que se obtenga una autorizaci\u00f3n especial (art\u00edculo 17 del Decreto Presidencial 309\/90). A falta de autorizaci\u00f3n, las semillas s\u00f3lo pueden utilizarse para otros fines (zoot\u00e9cnicos, recolecci\u00f3n, etc.). Las semillas se venden con la reserva de que no ser\u00e1n utilizadas por terceros en conflicto con la ley.<\/em><\/span><\/div>\n","protected":false},"excerpt":{"rendered":"<p>Versi\u00f3n feminizada, fotoperi\u00f3dica y de floraci\u00f3n ultrarr\u00e1pida de la famosa variedad de EE.UU. Sunset Sherbet (Girl Scout Cookies x Pink<\/p>\n","protected":false},"featured_media":173582,"comment_status":"open","ping_status":"closed","template":"","meta":[],"product_brand":[],"product_cat":[7953],"product_tag":[],"class_list":{"0":"post-173591","1":"product","2":"type-product","3":"status-publish","4":"has-post-thumbnail","6":"product_cat-seedshop-es","8":"first","9":"instock","10":"sale","11":"taxable","12":"shipping-taxable","13":"purchasable","14":"product-type-variable"},"aioseo_notices":[],"_links":{"self":[{"href":"https:\/\/www.budream.com\/es\/wp-json\/wp\/v2\/product\/173591","targetHints":{"allow":["GET"]}}],"collection":[{"href":"https:\/\/www.budream.com\/es\/wp-json\/wp\/v2\/product"}],"about":[{"href":"https:\/\/www.budream.com\/es\/wp-json\/wp\/v2\/types\/product"}],"replies":[{"embeddable":true,"href":"https:\/\/www.budream.com\/es\/wp-json\/wp\/v2\/comments?post=173591"}],"version-history":[{"count":1,"href":"https:\/\/www.budream.com\/es\/wp-json\/wp\/v2\/product\/173591\/revisions"}],"predecessor-version":[{"id":262010,"href":"https:\/\/www.budream.com\/es\/wp-json\/wp\/v2\/product\/173591\/revisions\/262010"}],"wp:featuredmedia":[{"embeddable":true,"href":"https:\/\/www.budream.com\/es\/wp-json\/wp\/v2\/media\/173582"}],"wp:attachment":[{"href":"https:\/\/www.budream.com\/es\/wp-json\/wp\/v2\/media?parent=173591"}],"wp:term":[{"taxonomy":"product_brand","embeddable":true,"href":"https:\/\/www.budream.com\/es\/wp-json\/wp\/v2\/product_brand?post=173591"},{"taxonomy":"product_cat","embeddable":true,"href":"https:\/\/www.budream.com\/es\/wp-json\/wp\/v2\/product_cat?post=173591"},{"taxonomy":"product_tag","embeddable":true,"href":"https:\/\/www.budream.com\/es\/wp-json\/wp\/v2\/product_tag?post=173591"}],"curies":[{"name":"wp","href":"https:\/\/api.w.org\/{rel}","templated":true}]}}