{"id":174374,"date":"2025-08-01T03:07:05","date_gmt":"2025-08-01T01:07:05","guid":{"rendered":"https:\/\/www.budream.com\/shop\/barneys-farm-gmo-fem-disponible-hasta-fin-de-existencias\/"},"modified":"2026-04-17T08:36:50","modified_gmt":"2026-04-17T06:36:50","slug":"barneys-farm-gmo-fem-disponible-hasta-fin-de-existencias","status":"publish","type":"product","link":"https:\/\/www.budream.com\/es\/shop\/barneys-farm-gmo-fem-disponible-hasta-fin-de-existencias\/","title":{"rendered":"BARNEY&#8217;S FARM &#8211; GMO FEM Disponible hasta fin de existencias"},"content":{"rendered":"<div style=\"text-align: justify\">\u00bfEst\u00e1s listo para experimentar lo \u00faltimo? Prep\u00e1rate para sucumbir al hechizante encanto de la GMO, una variedad que te dejar\u00e1 hechizado. Con su combinaci\u00f3n de gen\u00e9tica Chemdowg y Girl Scout Cookies, GMO seduce con su indescriptible complejidad y car\u00e1cter \u00fanico.<\/div>\n<p><\/p>\n<h2><strong>Caracter\u00edsticas GMO Fem:<\/strong><\/h2>\n<ul style=\"list-style-type: disc\">\n<li><strong>G\u00e9nero:<\/strong> Feminizada<\/li>\n<li><strong>Genotipo<\/strong>: 90% Indica \/ 10% Sativa<\/li>\n<li><strong>Gen\u00e9tica:<\/strong> Cepa Chemdawg x Cepa Girl Scout Cookies<\/li>\n<li>D\u00edas de<strong>floraci\u00f3n<\/strong><strong>:<\/strong> 75 &#8211; 80 d\u00edas<\/li>\n<\/ul>\n<p><\/p>\n<div style=\"text-align: justify\"><span style=\"font-size: 11pt\"><em><strong>ADVERTENCIA:<\/strong> Las semillas de c\u00e1\u00f1amo est\u00e1n excluidas de la noci\u00f3n legal de Cannabis, lo que significa que no deben considerarse una sustancia estupefaciente (L. 412 de 1974, art. 1, p\u00e1rrafo 1, lett. B; Convenci\u00f3n \u00danica sobre Estupefacientes de Nueva York de 1961 y tabla II del Decreto Ministerial 27\/7\/1992). En Italia, el cultivo del c\u00e1\u00f1amo est\u00e1 prohibido (art\u00edculos 28 y 73 del Decreto Presidencial 309\/90) a menos que se obtenga una autorizaci\u00f3n especial (art\u00edculo 17 del Decreto Presidencial 309\/90). A falta de autorizaci\u00f3n, las semillas s\u00f3lo pueden utilizarse para otros fines (zoot\u00e9cnicos, recolecci\u00f3n, etc.). Las semillas se venden con la reserva de que no ser\u00e1n utilizadas por terceros en conflicto con la ley.<\/em><\/span><\/div>\n","protected":false},"excerpt":{"rendered":"<p>\u00bfEst\u00e1s listo para experimentar lo \u00faltimo? Prep\u00e1rate para sucumbir al hechizante encanto de la GMO, una variedad que te dejar\u00e1<\/p>\n","protected":false},"featured_media":174365,"comment_status":"open","ping_status":"closed","template":"","meta":[],"product_brand":[],"product_cat":[1175],"product_tag":[],"class_list":{"0":"post-174374","1":"product","2":"type-product","3":"status-publish","4":"has-post-thumbnail","6":"product_cat-seedshop","8":"first","9":"outofstock","10":"taxable","11":"shipping-taxable","12":"purchasable","13":"product-type-variable"},"aioseo_notices":[],"_links":{"self":[{"href":"https:\/\/www.budream.com\/es\/wp-json\/wp\/v2\/product\/174374","targetHints":{"allow":["GET"]}}],"collection":[{"href":"https:\/\/www.budream.com\/es\/wp-json\/wp\/v2\/product"}],"about":[{"href":"https:\/\/www.budream.com\/es\/wp-json\/wp\/v2\/types\/product"}],"replies":[{"embeddable":true,"href":"https:\/\/www.budream.com\/es\/wp-json\/wp\/v2\/comments?post=174374"}],"version-history":[{"count":1,"href":"https:\/\/www.budream.com\/es\/wp-json\/wp\/v2\/product\/174374\/revisions"}],"predecessor-version":[{"id":263164,"href":"https:\/\/www.budream.com\/es\/wp-json\/wp\/v2\/product\/174374\/revisions\/263164"}],"wp:featuredmedia":[{"embeddable":true,"href":"https:\/\/www.budream.com\/es\/wp-json\/wp\/v2\/media\/174365"}],"wp:attachment":[{"href":"https:\/\/www.budream.com\/es\/wp-json\/wp\/v2\/media?parent=174374"}],"wp:term":[{"taxonomy":"product_brand","embeddable":true,"href":"https:\/\/www.budream.com\/es\/wp-json\/wp\/v2\/product_brand?post=174374"},{"taxonomy":"product_cat","embeddable":true,"href":"https:\/\/www.budream.com\/es\/wp-json\/wp\/v2\/product_cat?post=174374"},{"taxonomy":"product_tag","embeddable":true,"href":"https:\/\/www.budream.com\/es\/wp-json\/wp\/v2\/product_tag?post=174374"}],"curies":[{"name":"wp","href":"https:\/\/api.w.org\/{rel}","templated":true}]}}