{"id":174409,"date":"2025-08-01T03:08:27","date_gmt":"2025-08-01T01:08:27","guid":{"rendered":"https:\/\/www.budream.com\/shop\/barneys-farm-helado-de-fem\/"},"modified":"2026-04-28T12:12:37","modified_gmt":"2026-04-28T10:12:37","slug":"barneys-farm-helado-de-fem","status":"publish","type":"product","link":"https:\/\/www.budream.com\/es\/shop\/barneys-farm-helado-de-fem\/","title":{"rendered":"BARNEY&#8217;S FARM &#8211; HELADO DE FEM"},"content":{"rendered":"<div style=\"text-align: justify\">\u00bfAnhelas una variedad que te arrastre y te deje encapsulado en un mundo de pura felicidad?<br \/>No busques m\u00e1s, Gelato es una variedad seductora e irresistible que te llevar\u00e1 a un viaje sensorial sin igual.<br \/>Con un perfil gen\u00e9tico que combina la tentadora Blue Sunset Sherbet y la Thin Mint Girl Scout Cookies, la variedad Gelato es la tentaci\u00f3n definitiva.<\/div>\n<p><\/p>\n<h2><strong>Caracter\u00edsticas Gelato Fem:<\/strong><\/h2>\n<ul style=\"list-style-type: disc\">\n<li><strong>G\u00e9nero:<\/strong> Feminizada<\/li>\n<li><strong>Genotipo<\/strong>: 60% Indica \/ 40% Sativa<\/li>\n<li><strong>Gen\u00e9tica: <\/strong>Blue Sunset Sherbert Strain x Thin Mint Girl Scout Cookies Strai<\/li>\n<li>D\u00edas de<strong>floraci\u00f3n<\/strong><strong>:<\/strong> 65 &#8211; 70 d\u00edas<\/li>\n<\/ul>\n<p><\/p>\n<div style=\"text-align: justify\"><span style=\"font-size: 11pt\"><em><strong>ADVERTENCIA:<\/strong> Las semillas de c\u00e1\u00f1amo est\u00e1n excluidas de la noci\u00f3n legal de Cannabis, lo que significa que no deben considerarse una sustancia estupefaciente (L. 412 de 1974, art. 1, p\u00e1rrafo 1, lett. B; Convenci\u00f3n \u00danica sobre Estupefacientes de Nueva York de 1961 y tabla II del Decreto Ministerial 27\/7\/1992). En Italia, el cultivo del c\u00e1\u00f1amo est\u00e1 prohibido (art\u00edculos 28 y 73 del Decreto Presidencial 309\/90) a menos que se obtenga una autorizaci\u00f3n especial (art\u00edculo 17 del Decreto Presidencial 309\/90). A falta de autorizaci\u00f3n, las semillas s\u00f3lo pueden utilizarse para otros fines (zoot\u00e9cnicos, recolecci\u00f3n, etc.). Las semillas se venden con la reserva de que no ser\u00e1n utilizadas por terceros en conflicto con la ley.<\/em><\/span><\/div>\n","protected":false},"excerpt":{"rendered":"<p>\u00bfAnhelas una variedad que te arrastre y te deje encapsulado en un mundo de pura felicidad?No busques m\u00e1s, Gelato es<\/p>\n","protected":false},"featured_media":174400,"comment_status":"open","ping_status":"closed","template":"","meta":[],"product_brand":[],"product_cat":[7953],"product_tag":[],"class_list":{"0":"post-174409","1":"product","2":"type-product","3":"status-publish","4":"has-post-thumbnail","6":"product_cat-seedshop-es","8":"first","9":"instock","10":"sale","11":"taxable","12":"shipping-taxable","13":"purchasable","14":"product-type-variable"},"aioseo_notices":[],"_links":{"self":[{"href":"https:\/\/www.budream.com\/es\/wp-json\/wp\/v2\/product\/174409","targetHints":{"allow":["GET"]}}],"collection":[{"href":"https:\/\/www.budream.com\/es\/wp-json\/wp\/v2\/product"}],"about":[{"href":"https:\/\/www.budream.com\/es\/wp-json\/wp\/v2\/types\/product"}],"replies":[{"embeddable":true,"href":"https:\/\/www.budream.com\/es\/wp-json\/wp\/v2\/comments?post=174409"}],"version-history":[{"count":1,"href":"https:\/\/www.budream.com\/es\/wp-json\/wp\/v2\/product\/174409\/revisions"}],"predecessor-version":[{"id":265904,"href":"https:\/\/www.budream.com\/es\/wp-json\/wp\/v2\/product\/174409\/revisions\/265904"}],"wp:featuredmedia":[{"embeddable":true,"href":"https:\/\/www.budream.com\/es\/wp-json\/wp\/v2\/media\/174400"}],"wp:attachment":[{"href":"https:\/\/www.budream.com\/es\/wp-json\/wp\/v2\/media?parent=174409"}],"wp:term":[{"taxonomy":"product_brand","embeddable":true,"href":"https:\/\/www.budream.com\/es\/wp-json\/wp\/v2\/product_brand?post=174409"},{"taxonomy":"product_cat","embeddable":true,"href":"https:\/\/www.budream.com\/es\/wp-json\/wp\/v2\/product_cat?post=174409"},{"taxonomy":"product_tag","embeddable":true,"href":"https:\/\/www.budream.com\/es\/wp-json\/wp\/v2\/product_tag?post=174409"}],"curies":[{"name":"wp","href":"https:\/\/api.w.org\/{rel}","templated":true}]}}