{"id":174568,"date":"2025-08-01T03:15:10","date_gmt":"2025-08-01T01:15:10","guid":{"rendered":"https:\/\/www.budream.com\/shop\/barneys-farm-lemon-haze-auto-fem-2\/"},"modified":"2026-04-27T14:31:19","modified_gmt":"2026-04-27T12:31:19","slug":"barneys-farm-lemon-haze-auto-fem-2","status":"publish","type":"product","link":"https:\/\/www.budream.com\/es\/shop\/barneys-farm-lemon-haze-auto-fem-2\/","title":{"rendered":"BARNEY&#8217;S FARM &#8211; LEMON HAZE AUTO FEM"},"content":{"rendered":"<div style=\"text-align: justify\">Esta extraordinaria cepa es el resultado de una apasionante y tentadora uni\u00f3n de la excepcional gen\u00e9tica Lemon Haze y la BF Super Auto #1. No es de extra\u00f1ar que esta galardonada variedad sea muy buscada por los entusiastas.<\/div>\n<p><\/p>\n<h2><strong>Caracter\u00edsticas Lemon Haze Auto Fem:<\/strong><\/h2>\n<ul style=\"list-style-type: disc\">\n<li><strong>G\u00e9nero:<\/strong> Atofloreciente Feminizada<\/li>\n<li><strong>Genotipo<\/strong>: 30% Indica \/ 70% Sativa<\/li>\n<li><strong>Gen\u00e9tica: <\/strong>Lemon Haze x BF Super Auto #1<\/li>\n<li><strong>D\u00edas<\/strong><strong>:<\/strong> 65 &#8211; 70 d\u00edas<\/li>\n<\/ul>\n<p><\/p>\n<div style=\"text-align: justify\"><span style=\"font-size: 11pt\"><em><strong>ADVERTENCIA:<\/strong> Las semillas de c\u00e1\u00f1amo est\u00e1n excluidas de la noci\u00f3n legal de Cannabis, lo que significa que no deben considerarse una sustancia estupefaciente (L. 412 de 1974, art. 1, p\u00e1rrafo 1, lett. B; Convenci\u00f3n \u00danica sobre Estupefacientes de Nueva York de 1961 y tabla II del Decreto Ministerial 27\/7\/1992). En Italia, el cultivo del c\u00e1\u00f1amo est\u00e1 prohibido (art\u00edculos 28 y 73 del Decreto Presidencial 309\/90) a menos que se obtenga una autorizaci\u00f3n especial (art\u00edculo 17 del Decreto Presidencial 309\/90). A falta de autorizaci\u00f3n, las semillas s\u00f3lo pueden utilizarse para otros fines (zoot\u00e9cnicos, recolecci\u00f3n, etc.). Las semillas se venden con la reserva de que no sean utilizadas por terceros en conflicto con la ley.<\/em><\/span><\/div>\n","protected":false},"excerpt":{"rendered":"<p>Esta extraordinaria cepa es el resultado de una apasionante y tentadora uni\u00f3n de la excepcional gen\u00e9tica Lemon Haze y la<\/p>\n","protected":false},"featured_media":174552,"comment_status":"open","ping_status":"closed","template":"","meta":[],"product_brand":[],"product_cat":[1175],"product_tag":[],"class_list":{"0":"post-174568","1":"product","2":"type-product","3":"status-publish","4":"has-post-thumbnail","6":"product_cat-seedshop","8":"first","9":"instock","10":"taxable","11":"shipping-taxable","12":"purchasable","13":"product-type-variable"},"aioseo_notices":[],"_links":{"self":[{"href":"https:\/\/www.budream.com\/es\/wp-json\/wp\/v2\/product\/174568","targetHints":{"allow":["GET"]}}],"collection":[{"href":"https:\/\/www.budream.com\/es\/wp-json\/wp\/v2\/product"}],"about":[{"href":"https:\/\/www.budream.com\/es\/wp-json\/wp\/v2\/types\/product"}],"replies":[{"embeddable":true,"href":"https:\/\/www.budream.com\/es\/wp-json\/wp\/v2\/comments?post=174568"}],"version-history":[{"count":1,"href":"https:\/\/www.budream.com\/es\/wp-json\/wp\/v2\/product\/174568\/revisions"}],"predecessor-version":[{"id":265670,"href":"https:\/\/www.budream.com\/es\/wp-json\/wp\/v2\/product\/174568\/revisions\/265670"}],"wp:featuredmedia":[{"embeddable":true,"href":"https:\/\/www.budream.com\/es\/wp-json\/wp\/v2\/media\/174552"}],"wp:attachment":[{"href":"https:\/\/www.budream.com\/es\/wp-json\/wp\/v2\/media?parent=174568"}],"wp:term":[{"taxonomy":"product_brand","embeddable":true,"href":"https:\/\/www.budream.com\/es\/wp-json\/wp\/v2\/product_brand?post=174568"},{"taxonomy":"product_cat","embeddable":true,"href":"https:\/\/www.budream.com\/es\/wp-json\/wp\/v2\/product_cat?post=174568"},{"taxonomy":"product_tag","embeddable":true,"href":"https:\/\/www.budream.com\/es\/wp-json\/wp\/v2\/product_tag?post=174568"}],"curies":[{"name":"wp","href":"https:\/\/api.w.org\/{rel}","templated":true}]}}