{"id":174992,"date":"2025-08-01T03:32:43","date_gmt":"2025-08-01T01:32:43","guid":{"rendered":"https:\/\/www.budream.com\/shop\/barneys-farm-cheese-auto-fem-disponible-hasta-fin-de-existencias\/"},"modified":"2026-04-27T14:46:40","modified_gmt":"2026-04-27T12:46:40","slug":"barneys-farm-cheese-auto-fem-disponible-hasta-fin-de-existencias","status":"publish","type":"product","link":"https:\/\/www.budream.com\/es\/shop\/barneys-farm-cheese-auto-fem-disponible-hasta-fin-de-existencias\/","title":{"rendered":"BARNEY&#8217;S FARM &#8211; CHEESE AUTO FEM Disponible hasta fin de existencias"},"content":{"rendered":"<div style=\"text-align: justify\">La famosa variedad Cheese es una evoluci\u00f3n de la gen\u00e9tica autofloreciente de Barneys Farm. Esta excepcional cepa es la cr&egrave;me de la cr&egrave;me, ofreciendo a los entusiastas m\u00e1s exigentes una experiencia inolvidable. Este h\u00edbrido con dominancia Indica es el resultado de una tentadora combinaci\u00f3n de las gen\u00e9ticas Cheese y Super Auto #1.<\/div>\n<p><\/p>\n<h2><strong>Caracter\u00edsticas Cheese Auto Fem:<\/strong><\/h2>\n<ul style=\"list-style-type: disc\">\n<li><strong>G\u00e9nero:<\/strong> Autofloreciente Feminizada<\/li>\n<li><strong>Genotipo<\/strong>: 70% Indica \/ 30% Sativa<\/li>\n<li><strong>Gen\u00e9tica:<\/strong> Cheese x BF Super Auto #1<\/li>\n<li><strong>D\u00edas<\/strong><strong>:<\/strong> 65-70 d\u00edas<\/li>\n<\/ul>\n<p><\/p>\n<div style=\"text-align: justify\"><span style=\"font-size: 11pt\"><em><strong>ADVERTENCIA:<\/strong> Las semillas de c\u00e1\u00f1amo est\u00e1n excluidas de la noci\u00f3n legal de Cannabis, lo que significa que no deben considerarse una sustancia estupefaciente (L. 412 de 1974, art. 1, coma 1, lett. B; Convenci\u00f3n \u00danica sobre Estupefacientes de Nueva York de 1961 y tabla II del decreto ministerial 27\/7\/1992). En Italia, el cultivo del c\u00e1\u00f1amo est\u00e1 prohibido (art\u00edculos 28 y 73 del Decreto Presidencial 309\/90) a menos que se obtenga una autorizaci\u00f3n especial (art\u00edculo 17 del Decreto Presidencial 309\/90). A falta de autorizaci\u00f3n, las semillas s\u00f3lo pueden utilizarse para otros fines (zoot\u00e9cnicos, recolecci\u00f3n, etc.). Las semillas se venden con la reserva de que no sean utilizadas por terceros en conflicto con la ley.<\/em><\/span><\/div>\n","protected":false},"excerpt":{"rendered":"<p>La famosa variedad Cheese es una evoluci\u00f3n de la gen\u00e9tica autofloreciente de Barneys Farm. Esta excepcional cepa es la cr&egrave;me<\/p>\n","protected":false},"featured_media":174983,"comment_status":"open","ping_status":"closed","template":"","meta":[],"product_brand":[],"product_cat":[1175],"product_tag":[],"class_list":{"0":"post-174992","1":"product","2":"type-product","3":"status-publish","4":"has-post-thumbnail","6":"product_cat-seedshop","8":"first","9":"outofstock","10":"taxable","11":"shipping-taxable","12":"purchasable","13":"product-type-variable"},"aioseo_notices":[],"_links":{"self":[{"href":"https:\/\/www.budream.com\/es\/wp-json\/wp\/v2\/product\/174992","targetHints":{"allow":["GET"]}}],"collection":[{"href":"https:\/\/www.budream.com\/es\/wp-json\/wp\/v2\/product"}],"about":[{"href":"https:\/\/www.budream.com\/es\/wp-json\/wp\/v2\/types\/product"}],"replies":[{"embeddable":true,"href":"https:\/\/www.budream.com\/es\/wp-json\/wp\/v2\/comments?post=174992"}],"version-history":[{"count":1,"href":"https:\/\/www.budream.com\/es\/wp-json\/wp\/v2\/product\/174992\/revisions"}],"predecessor-version":[{"id":265676,"href":"https:\/\/www.budream.com\/es\/wp-json\/wp\/v2\/product\/174992\/revisions\/265676"}],"wp:featuredmedia":[{"embeddable":true,"href":"https:\/\/www.budream.com\/es\/wp-json\/wp\/v2\/media\/174983"}],"wp:attachment":[{"href":"https:\/\/www.budream.com\/es\/wp-json\/wp\/v2\/media?parent=174992"}],"wp:term":[{"taxonomy":"product_brand","embeddable":true,"href":"https:\/\/www.budream.com\/es\/wp-json\/wp\/v2\/product_brand?post=174992"},{"taxonomy":"product_cat","embeddable":true,"href":"https:\/\/www.budream.com\/es\/wp-json\/wp\/v2\/product_cat?post=174992"},{"taxonomy":"product_tag","embeddable":true,"href":"https:\/\/www.budream.com\/es\/wp-json\/wp\/v2\/product_tag?post=174992"}],"curies":[{"name":"wp","href":"https:\/\/api.w.org\/{rel}","templated":true}]}}