{"id":175089,"date":"2025-08-01T03:38:08","date_gmt":"2025-08-01T01:38:08","guid":{"rendered":"https:\/\/www.budream.com\/shop\/royal-queen-seeds-fem-biscuits-usa-premium\/"},"modified":"2026-03-10T16:00:24","modified_gmt":"2026-03-10T14:00:24","slug":"royal-queen-seeds-fem-biscuits-usa-premium","status":"publish","type":"product","link":"https:\/\/www.budream.com\/es\/shop\/royal-queen-seeds-fem-biscuits-usa-premium\/","title":{"rendered":"ROYAL QUEEN SEEDS &#8211; FEM BISCUITS (USA PREMIUM)"},"content":{"rendered":"<div style=\"text-align: justify\">Este delicioso cultivar procede de un cruce bastante especial. Para iniciar este proyecto de hibridaci\u00f3n, nuestros expertos tomaron la legendaria gen\u00e9tica Gelato 25. Esta incre\u00edble cepa desciende de la Gelato original, a su vez un cruce de Sunset Sherbet y Thin Mint Girl Scout Cookies. Luego a\u00f1adieron Florida OG, un cruce de Lemon Thai e Hindu Kush, a la ecuaci\u00f3n.<\/div>\n<p><\/p>\n<h2><strong>Caracter\u00edsticas Cookies Fem Royal Queen Seeds:<\/strong><\/h2>\n<ul style=\"list-style-type: disc\">\n<li><strong>G\u00e9nero:<\/strong> Feminizada<\/li>\n<li><strong>Genotipo:<\/strong> H\u00edbrido 20% Sativa \/ 80% Indica<\/li>\n<li><strong>Gen\u00e9tica:<\/strong> Girl Scout Cookies x Cherry Piec<\/li>\n<li><strong>D\u00edas:<\/strong> 56-70<\/li>\n<\/ul>\n<p><\/p>\n<div style=\"text-align: justify\"><em><strong>ADVERTENCIA:<\/strong> Las semillas de c\u00e1\u00f1amo est\u00e1n excluidas de la noci\u00f3n legal de Cannabis, lo que significa que no deben considerarse una sustancia estupefaciente (L. 412 de 1974, art. 1, p\u00e1rrafo 1, lett. B; Convenci\u00f3n \u00danica sobre Estupefacientes de Nueva York de 1961 y tabla II del Decreto Ministerial 27\/7\/1992). En Italia, el cultivo del c\u00e1\u00f1amo est\u00e1 prohibido (art\u00edculos 28 y 73 del Decreto Presidencial 309\/90) a menos que se obtenga una autorizaci\u00f3n especial (art\u00edculo 17 del Decreto Presidencial 309\/90). A falta de autorizaci\u00f3n, las semillas s\u00f3lo pueden utilizarse para otros fines (zoot\u00e9cnicos, recolecci\u00f3n, etc.). Las semillas se venden con la reserva de que no sean utilizadas por terceros en conflicto con la ley.<\/em><\/div>\n","protected":false},"excerpt":{"rendered":"<p>Este delicioso cultivar procede de un cruce bastante especial. Para iniciar este proyecto de hibridaci\u00f3n, nuestros expertos tomaron la legendaria<\/p>\n","protected":false},"featured_media":175080,"comment_status":"open","ping_status":"closed","template":"","meta":[],"product_brand":[],"product_cat":[7953],"product_tag":[],"class_list":{"0":"post-175089","1":"product","2":"type-product","3":"status-publish","4":"has-post-thumbnail","6":"product_cat-seedshop-es","8":"first","9":"instock","10":"taxable","11":"shipping-taxable","12":"purchasable","13":"product-type-variable"},"aioseo_notices":[],"_links":{"self":[{"href":"https:\/\/www.budream.com\/es\/wp-json\/wp\/v2\/product\/175089","targetHints":{"allow":["GET"]}}],"collection":[{"href":"https:\/\/www.budream.com\/es\/wp-json\/wp\/v2\/product"}],"about":[{"href":"https:\/\/www.budream.com\/es\/wp-json\/wp\/v2\/types\/product"}],"replies":[{"embeddable":true,"href":"https:\/\/www.budream.com\/es\/wp-json\/wp\/v2\/comments?post=175089"}],"version-history":[{"count":0,"href":"https:\/\/www.budream.com\/es\/wp-json\/wp\/v2\/product\/175089\/revisions"}],"wp:featuredmedia":[{"embeddable":true,"href":"https:\/\/www.budream.com\/es\/wp-json\/wp\/v2\/media\/175080"}],"wp:attachment":[{"href":"https:\/\/www.budream.com\/es\/wp-json\/wp\/v2\/media?parent=175089"}],"wp:term":[{"taxonomy":"product_brand","embeddable":true,"href":"https:\/\/www.budream.com\/es\/wp-json\/wp\/v2\/product_brand?post=175089"},{"taxonomy":"product_cat","embeddable":true,"href":"https:\/\/www.budream.com\/es\/wp-json\/wp\/v2\/product_cat?post=175089"},{"taxonomy":"product_tag","embeddable":true,"href":"https:\/\/www.budream.com\/es\/wp-json\/wp\/v2\/product_tag?post=175089"}],"curies":[{"name":"wp","href":"https:\/\/api.w.org\/{rel}","templated":true}]}}