{"id":175398,"date":"2025-08-01T03:51:14","date_gmt":"2025-08-01T01:51:14","guid":{"rendered":"https:\/\/www.budream.com\/shop\/sensi-seeds-research-sensi-amnesia-xxl-auto-fem\/"},"modified":"2026-03-23T23:32:09","modified_gmt":"2026-03-23T21:32:09","slug":"sensi-seeds-research-sensi-amnesia-xxl-auto-fem","status":"publish","type":"product","link":"https:\/\/www.budream.com\/es\/shop\/sensi-seeds-research-sensi-amnesia-xxl-auto-fem\/","title":{"rendered":"SENSI SEEDS RESEARCH &#8211; SENSI AMNESIA XXL AUTO FEM"},"content":{"rendered":"<div style=\"text-align: justify\">Sensi Amnesia XXL es una planta autofloreciente 70% sativa y 30% \u00edndica. La floraci\u00f3n termina en 70-85 d\u00edas a partir de la primera marca del pistilo. Esta nueva oferta proviene de la gen\u00e9tica de una Amnesia original, retrocruzada con ella misma y cruzada con una Ruderalis.<\/p>\n<\/div>\n<h2><strong>Caracter\u00edsticas Sensi Amnesia XXL Auto Fem Sensi Seeds Bank:<\/strong><\/h2>\n<ul style=\"list-style-type: disc\">\n<li><strong>G\u00e9nero:<\/strong> Feminizada<\/li>\n<li><strong>Genotipo:<\/strong> H\u00edbrido 30% Indica 70% Sativa<\/li>\n<li><strong>Gen\u00e9tica:<\/strong> San Fernando Valley OG x Afghani #1<\/li>\n<li>D\u00edas<strong>:<\/strong> 70-85 d\u00edas<\/li>\n<\/ul>\n<p><strong>ADVERTENCIA:<\/strong> Las semillas de c\u00e1\u00f1amo est\u00e1n excluidas de la noci\u00f3n legal de Cannabis, lo que significa que no deben considerarse una sustancia estupefaciente (L. 412 de 1974, art. 1, p\u00e1rrafo 1, lett. B; Convenci\u00f3n \u00danica sobre Estupefacientes de Nueva York de 1961 y tabla II del Decreto Ministerial 27\/7\/1992). En Italia, el cultivo del c\u00e1\u00f1amo est\u00e1 prohibido (art\u00edculos 28 y 73 del Decreto Presidencial 309\/90) a menos que se obtenga una autorizaci\u00f3n especial (art\u00edculo 17 del Decreto Presidencial 309\/90). A falta de autorizaci\u00f3n, las semillas s\u00f3lo pueden utilizarse para otros fines (zoot\u00e9cnicos, recolecci\u00f3n, etc.). Las semillas se venden con la reserva de que no ser\u00e1n utilizadas por terceros en conflicto con la ley.<\/p>\n","protected":false},"excerpt":{"rendered":"<p>Sensi Amnesia XXL es una planta autofloreciente 70% sativa y 30% \u00edndica. La floraci\u00f3n termina en 70-85 d\u00edas a partir<\/p>\n","protected":false},"featured_media":197485,"comment_status":"open","ping_status":"closed","template":"","meta":[],"product_brand":[],"product_cat":[7953],"product_tag":[],"class_list":{"0":"post-175398","1":"product","2":"type-product","3":"status-publish","4":"has-post-thumbnail","6":"product_cat-seedshop-es","8":"first","9":"instock","10":"sale","11":"taxable","12":"shipping-taxable","13":"purchasable","14":"product-type-variable"},"aioseo_notices":[],"_links":{"self":[{"href":"https:\/\/www.budream.com\/es\/wp-json\/wp\/v2\/product\/175398","targetHints":{"allow":["GET"]}}],"collection":[{"href":"https:\/\/www.budream.com\/es\/wp-json\/wp\/v2\/product"}],"about":[{"href":"https:\/\/www.budream.com\/es\/wp-json\/wp\/v2\/types\/product"}],"replies":[{"embeddable":true,"href":"https:\/\/www.budream.com\/es\/wp-json\/wp\/v2\/comments?post=175398"}],"version-history":[{"count":0,"href":"https:\/\/www.budream.com\/es\/wp-json\/wp\/v2\/product\/175398\/revisions"}],"wp:featuredmedia":[{"embeddable":true,"href":"https:\/\/www.budream.com\/es\/wp-json\/wp\/v2\/media\/197485"}],"wp:attachment":[{"href":"https:\/\/www.budream.com\/es\/wp-json\/wp\/v2\/media?parent=175398"}],"wp:term":[{"taxonomy":"product_brand","embeddable":true,"href":"https:\/\/www.budream.com\/es\/wp-json\/wp\/v2\/product_brand?post=175398"},{"taxonomy":"product_cat","embeddable":true,"href":"https:\/\/www.budream.com\/es\/wp-json\/wp\/v2\/product_cat?post=175398"},{"taxonomy":"product_tag","embeddable":true,"href":"https:\/\/www.budream.com\/es\/wp-json\/wp\/v2\/product_tag?post=175398"}],"curies":[{"name":"wp","href":"https:\/\/api.w.org\/{rel}","templated":true}]}}